{"id":1324,"date":"2018-09-11T13:59:29","date_gmt":"2018-09-11T10:59:29","guid":{"rendered":"https:\/\/www.aimtec.fi\/?page_id=1324"},"modified":"2020-12-07T13:24:44","modified_gmt":"2020-12-07T11:24:44","slug":"kcc-320-ja-kpa-320-dataloggerit","status":"publish","type":"page","link":"https:\/\/aimtec.fi\/en\/dataloggerit-2\/kcc-320-ja-kpa-320-dataloggerit\/","title":{"rendered":"KIMO &#8211; KCC 320 ja KPA 320 dataloggerit (l\u00e4mp\u00f6tila, kosteus, CO2, ilmanpaine)"},"content":{"rendered":"<p><strong>L\u00e4mp\u00f6tila \u2013 Kosteus \u2013 Ilmanpaine \u2013 CO2<\/strong><\/p>\n<p><strong>Mallit:<\/strong><br \/>\n<strong>KCC 320:<\/strong> L\u00e4mp\u00f6tila, kosteus, ilmanpaine ja CO2<br \/>\n<strong>KPA 320:<\/strong> L\u00e4mp\u00f6tila, kosteus ja ilmanpaine<\/p>\n<p>-tallennuskapasiteetti 2 000 000 mittauslukemaa<br \/>\n-nopea tiedonsiirto loggerista tietokoneelle, jopa 18 000 lukemaa\/sekunti<br \/>\n-2 h\u00e4lytysraja-asetusta\/mittauskanava<br \/>\n-suojausluokka IP40<br \/>\n-Bluetooth \u2013toiminto (\u00e4lypuhelimet ja tabletit Android tai iOS k\u00e4ytt\u00f6j\u00e4rjestelm\u00e4ll\u00e4)<\/p>\n<p><strong>Ohjelmat:<\/strong><br \/>\n<strong>KILOG Lite ilmaisohjelma<\/strong> loggerin ohjelmointiin ja mittaustietojen tallennukseen. K\u00e4ytt\u00f6kielen\u00e4 my\u00f6s mm. suomi. Lataa ohjelma <u><a href=\"https:\/\/sauermanngroup.com\/en-INT\/resource-center\/softwares\" target=\"_blank\" rel=\"noopener noreferrer\">valmistajan sivuilta<\/a>.<\/u><br \/>\n<strong>KILOG ohjelma<\/strong> (lis\u00e4varuste) loggerin ohjelmointiin sek\u00e4 mittaustietojen tallennukseen ja jatkok\u00e4sittelyyn. K\u00e4ytt\u00f6kielen\u00e4 my\u00f6s mm. suomi.<\/p>","protected":false},"excerpt":{"rendered":"<p>L\u00e4mp\u00f6tila \u2013 Kosteus \u2013 Ilmanpaine \u2013 CO2 Mallit: KCC 320: L\u00e4mp\u00f6tila, kosteus, ilmanpaine ja CO2 KPA 320: L\u00e4mp\u00f6tila, kosteus ja ilmanpaine -tallennuskapasiteetti 2 000 000 mittauslukemaa -nopea tiedonsiirto loggerista tietokoneelle, jopa 18 000 lukemaa\/sekunti -2 h\u00e4lytysraja-asetusta\/mittauskanava -suojausluokka IP40 -Bluetooth \u2013toiminto (\u00e4lypuhelimet ja tabletit Android tai iOS k\u00e4ytt\u00f6j\u00e4rjestelm\u00e4ll\u00e4) Ohjelmat: KILOG Lite ilmaisohjelma loggerin ohjelmointiin ja mittaustietojen&#8230;<\/p>","protected":false},"author":3,"featured_media":3987,"parent":3222,"menu_order":0,"comment_status":"closed","ping_status":"closed","template":"tuote.php","meta":{"_acf_changed":false,"_seopress_robots_primary_cat":"","_seopress_titles_title":"","_seopress_titles_desc":"","_seopress_robots_index":"","_et_pb_use_builder":"off","_et_pb_old_content":"<strong>L\u00e4mp\u00f6tila \u2013 Kosteus \u2013 Ilmanpaine \u2013 CO2<\/strong>\r\n\r\n<strong>Mallit:<\/strong>\r\n<strong>KCC 320:<\/strong> L\u00e4mp\u00f6tila, kosteus, ilmanpaine ja CO2\r\n<strong>KPA 320:<\/strong> L\u00e4mp\u00f6tila, kosteus ja ilmanpaine\r\n\r\n-tallennuskapasiteetti 2 000 000 mittauslukemaa\r\n-nopea tiedonsiirto loggerista tietokoneelle, jopa 18 000 lukemaa\/sekunti\r\n-2 h\u00e4lytysraja-asetusta\/mittauskanava\r\n-suojausluokka IP40\r\n-Bluetooth \u2013toiminto (\u00e4lypuhelimet ja tabletit Android tai iOS k\u00e4ytt\u00f6j\u00e4rjestelm\u00e4ll\u00e4)\r\n\r\n<strong>Ohjelmat:<\/strong>\r\n<strong>KILOG Lite ilmaisohjelma<\/strong> loggerin ohjelmointiin ja mittaustietojen tallennukseen. K\u00e4ytt\u00f6kielen\u00e4 my\u00f6s mm. suomi. Lataa ohjelma valmistajan sivuilta.\r\n<strong>KILOG ohjelma<\/strong> (lis\u00e4varuste) loggerin ohjelmointiin sek\u00e4 mittaustietojen tallennukseen ja jatkok\u00e4sittelyyn. K\u00e4ytt\u00f6kielen\u00e4 my\u00f6s mm. suomi.","_et_gb_content_width":"","inline_featured_image":false,"footnotes":"","_links_to":"","_links_to_target":""},"categories":[12],"tags":[],"class_list":["post-1324","page","type-page","status-publish","has-post-thumbnail","hentry","category-tuote"],"acf":[],"_links":{"self":[{"href":"https:\/\/aimtec.fi\/en\/wp-json\/wp\/v2\/pages\/1324","targetHints":{"allow":["GET"]}}],"collection":[{"href":"https:\/\/aimtec.fi\/en\/wp-json\/wp\/v2\/pages"}],"about":[{"href":"https:\/\/aimtec.fi\/en\/wp-json\/wp\/v2\/types\/page"}],"author":[{"embeddable":true,"href":"https:\/\/aimtec.fi\/en\/wp-json\/wp\/v2\/users\/3"}],"replies":[{"embeddable":true,"href":"https:\/\/aimtec.fi\/en\/wp-json\/wp\/v2\/comments?post=1324"}],"version-history":[{"count":46,"href":"https:\/\/aimtec.fi\/en\/wp-json\/wp\/v2\/pages\/1324\/revisions"}],"predecessor-version":[{"id":8046,"href":"https:\/\/aimtec.fi\/en\/wp-json\/wp\/v2\/pages\/1324\/revisions\/8046"}],"up":[{"embeddable":true,"href":"https:\/\/aimtec.fi\/en\/wp-json\/wp\/v2\/pages\/3222"}],"wp:featuredmedia":[{"embeddable":true,"href":"https:\/\/aimtec.fi\/en\/wp-json\/wp\/v2\/media\/3987"}],"wp:attachment":[{"href":"https:\/\/aimtec.fi\/en\/wp-json\/wp\/v2\/media?parent=1324"}],"wp:term":[{"taxonomy":"category","embeddable":true,"href":"https:\/\/aimtec.fi\/en\/wp-json\/wp\/v2\/categories?post=1324"},{"taxonomy":"post_tag","embeddable":true,"href":"https:\/\/aimtec.fi\/en\/wp-json\/wp\/v2\/tags?post=1324"}],"curies":[{"name":"wp","href":"https:\/\/api.w.org\/{rel}","templated":true}]}}