{"id":1326,"date":"2018-09-11T14:00:23","date_gmt":"2018-09-11T11:00:23","guid":{"rendered":"https:\/\/www.aimtec.fi\/?page_id=1326"},"modified":"2020-08-26T15:09:14","modified_gmt":"2020-08-26T12:09:14","slug":"kosteusmittarit","status":"publish","type":"page","link":"https:\/\/aimtec.fi\/en\/kosteusmittarit\/","title":{"rendered":"Moisture meters"},"content":{"rendered":"<p>[et_pb_section bb_built=&#8221;1&#8243; _builder_version=&#8221;3.1.1&#8243; use_background_color_gradient=&#8221;on&#8221; background_color_gradient_start=&#8221;rgba(45,151,17,0.82)&#8221; background_color_gradient_end=&#8221;rgba(45,151,17,0.82)&#8221; background_color_gradient_overlays_image=&#8221;on&#8221; background_image=&#8221;https:\/\/www.aimtec.fi\/wp-content\/uploads\/2018\/09\/industry_pic.jpg&#8221; custom_css_main_element=&#8221;height: 30vh;||display: flex;||align-items: center;&#8221; next_background_color=&#8221;#333&#8243; inner_width=&#8221;auto&#8221; inner_max_width=&#8221;1366px&#8221;][et_pb_row use_custom_width=&#8221;on&#8221; custom_width_px=&#8221;1366px&#8221; custom_padding=&#8221;|||&#8221; _builder_version=&#8221;3.1.1&#8243; width=&#8221;80%&#8221; max_width=&#8221;1366px&#8221;][et_pb_column type=&#8221;4_4&#8243; custom_padding__hover=&#8221;|||&#8221; custom_padding=&#8221;|||&#8221;][et_pb_text _builder_version=&#8221;3.1.1&#8243; header_font=&#8221;Play||||||||&#8221; header_text_align=&#8221;left&#8221; header_text_color=&#8221;#ffffff&#8221; header_font_size=&#8221;58px&#8221;]<\/p>\n<h1>Kosteusmittarit<\/h1>\n<p>[\/et_pb_text][\/et_pb_column][\/et_pb_row][\/et_pb_section][et_pb_section bb_built=&#8221;1&#8243; disabled_on=&#8221;off|off|on&#8221; _builder_version=&#8221;3.1.1&#8243; background_color=&#8221;#333&#8243; custom_padding=&#8221;0|0px|0|0px&#8221; prev_background_color=&#8221;#ffffff&#8221; next_background_color=&#8221;#ffffff&#8221; inner_width=&#8221;auto&#8221; inner_max_width=&#8221;1366px&#8221; global_module=&#8221;3797&#8243;][et_pb_row global_parent=&#8221;3797&#8243; column_structure=&#8221;1_2,1_2&#8243; disabled_on=&#8221;off|off|on&#8221; _builder_version=&#8221;3.25&#8243;][et_pb_column type=&#8221;1_2&#8243; global_parent=&#8221;3797&#8243; module_class=&#8221;mm-kategoria-menu-teksti-column&#8221; _builder_version=&#8221;3.0.47&#8243; custom_padding=&#8221;|||&#8221; custom_padding__hover=&#8221;|||&#8221;][et_pb_text global_parent=&#8221;3797&#8243; _builder_version=&#8221;3.17.5&#8243; header_font=&#8221;Play||||||||&#8221; header_text_color=&#8221;#ffffff&#8221; header_2_font=&#8221;Play||||||||&#8221; header_2_text_color=&#8221;#ffffff&#8221; header_2_font_size=&#8221;1.6em&#8221; header_font_size_tablet=&#8221;2em&#8221; header_font_size_phone=&#8221;1.6em&#8221; header_font_size_last_edited=&#8221;on|phone&#8221;]<\/p>\n<h2>Kategoriat<\/h2>\n<p>[\/et_pb_text][\/et_pb_column][et_pb_column type=&#8221;1_2&#8243; global_parent=&#8221;3797&#8243; module_class=&#8221;mm-kategoria-menu-ikoni-column&#8221; _builder_version=&#8221;3.0.47&#8243; custom_padding=&#8221;|||&#8221; custom_padding__hover=&#8221;|||&#8221;][et_pb_code global_parent=&#8221;3797&#8243; _builder_version=&#8221;3.25.2&#8243; text_orientation=&#8221;right&#8221;]<a class=\"mm-mobile-sidebar-button\"><img decoding=\"async\" src=\"\/wp-content\/uploads\/2018\/10\/add1.svg\"><\/a>[\/et_pb_code][\/et_pb_column][\/et_pb_row][et_pb_row global_parent=&#8221;3797&#8243; custom_padding=&#8221;0|0px|0|0px&#8221; disabled_on=&#8221;off|off|off&#8221; _builder_version=&#8221;3.25&#8243;][et_pb_column type=&#8221;4_4&#8243; global_parent=&#8221;3797&#8243; _builder_version=&#8221;3.0.47&#8243; custom_padding=&#8221;|||&#8221; custom_padding__hover=&#8221;|||&#8221;][et_pb_sidebar global_parent=&#8221;3797&#8243; area=&#8221;sidebar-1&#8243; _builder_version=&#8221;3.1.1&#8243; \/][\/et_pb_column][\/et_pb_row][\/et_pb_section][et_pb_section bb_built=&#8221;1&#8243; _builder_version=&#8221;3.25.2&#8243; custom_padding=&#8221;0px||0px|||&#8221; next_background_color=&#8221;#f2f2f2&#8243; box_shadow_horizontal_tablet=&#8221;0px&#8221; box_shadow_vertical_tablet=&#8221;0px&#8221; box_shadow_blur_tablet=&#8221;40px&#8221; box_shadow_spread_tablet=&#8221;0px&#8221; z_index_tablet=&#8221;500&#8243; prev_background_color=&#8221;#333&#8243;][et_pb_row _builder_version=&#8221;3.25&#8243; background_size=&#8221;initial&#8221; background_position=&#8221;top_left&#8221; background_repeat=&#8221;repeat&#8221;][et_pb_column type=&#8221;4_4&#8243; _builder_version=&#8221;3.0.47&#8243; custom_padding=&#8221;|||&#8221; custom_padding__hover=&#8221;|||&#8221;][et_pb_text _builder_version=&#8221;3.25.2&#8243; z_index_tablet=&#8221;500&#8243; text_text_shadow_horizontal_length_tablet=&#8221;0px&#8221; text_text_shadow_vertical_length_tablet=&#8221;0px&#8221; text_text_shadow_blur_strength_tablet=&#8221;1px&#8221; link_text_shadow_horizontal_length_tablet=&#8221;0px&#8221; link_text_shadow_vertical_length_tablet=&#8221;0px&#8221; link_text_shadow_blur_strength_tablet=&#8221;1px&#8221; ul_text_shadow_horizontal_length_tablet=&#8221;0px&#8221; ul_text_shadow_vertical_length_tablet=&#8221;0px&#8221; ul_text_shadow_blur_strength_tablet=&#8221;1px&#8221; ol_text_shadow_horizontal_length_tablet=&#8221;0px&#8221; ol_text_shadow_vertical_length_tablet=&#8221;0px&#8221; ol_text_shadow_blur_strength_tablet=&#8221;1px&#8221; quote_text_shadow_horizontal_length_tablet=&#8221;0px&#8221; quote_text_shadow_vertical_length_tablet=&#8221;0px&#8221; quote_text_shadow_blur_strength_tablet=&#8221;1px&#8221; header_text_shadow_horizontal_length_tablet=&#8221;0px&#8221; header_text_shadow_vertical_length_tablet=&#8221;0px&#8221; header_text_shadow_blur_strength_tablet=&#8221;1px&#8221; header_2_text_shadow_horizontal_length_tablet=&#8221;0px&#8221; header_2_text_shadow_vertical_length_tablet=&#8221;0px&#8221; header_2_text_shadow_blur_strength_tablet=&#8221;1px&#8221; header_3_text_shadow_horizontal_length_tablet=&#8221;0px&#8221; header_3_text_shadow_vertical_length_tablet=&#8221;0px&#8221; header_3_text_shadow_blur_strength_tablet=&#8221;1px&#8221; header_4_text_shadow_horizontal_length_tablet=&#8221;0px&#8221; header_4_text_shadow_vertical_length_tablet=&#8221;0px&#8221; header_4_text_shadow_blur_strength_tablet=&#8221;1px&#8221; header_5_text_shadow_horizontal_length_tablet=&#8221;0px&#8221; header_5_text_shadow_vertical_length_tablet=&#8221;0px&#8221; header_5_text_shadow_blur_strength_tablet=&#8221;1px&#8221; header_6_text_shadow_horizontal_length_tablet=&#8221;0px&#8221; header_6_text_shadow_vertical_length_tablet=&#8221;0px&#8221; header_6_text_shadow_blur_strength_tablet=&#8221;1px&#8221; box_shadow_horizontal_tablet=&#8221;0px&#8221; box_shadow_vertical_tablet=&#8221;0px&#8221; box_shadow_blur_tablet=&#8221;40px&#8221; box_shadow_spread_tablet=&#8221;0px&#8221; text_text_shadow_horizontal_length=&#8221;text_text_shadow_style,%91object Object%93&#8243; text_text_shadow_vertical_length=&#8221;text_text_shadow_style,%91object Object%93&#8243; text_text_shadow_blur_strength=&#8221;text_text_shadow_style,%91object Object%93&#8243; link_text_shadow_horizontal_length=&#8221;link_text_shadow_style,%91object Object%93&#8243; link_text_shadow_vertical_length=&#8221;link_text_shadow_style,%91object Object%93&#8243; link_text_shadow_blur_strength=&#8221;link_text_shadow_style,%91object Object%93&#8243; ul_text_shadow_horizontal_length=&#8221;ul_text_shadow_style,%91object Object%93&#8243; ul_text_shadow_vertical_length=&#8221;ul_text_shadow_style,%91object Object%93&#8243; ul_text_shadow_blur_strength=&#8221;ul_text_shadow_style,%91object Object%93&#8243; ol_text_shadow_horizontal_length=&#8221;ol_text_shadow_style,%91object Object%93&#8243; ol_text_shadow_vertical_length=&#8221;ol_text_shadow_style,%91object Object%93&#8243; ol_text_shadow_blur_strength=&#8221;ol_text_shadow_style,%91object Object%93&#8243; quote_text_shadow_horizontal_length=&#8221;quote_text_shadow_style,%91object Object%93&#8243; quote_text_shadow_vertical_length=&#8221;quote_text_shadow_style,%91object Object%93&#8243; quote_text_shadow_blur_strength=&#8221;quote_text_shadow_style,%91object Object%93&#8243; header_text_shadow_horizontal_length=&#8221;header_text_shadow_style,%91object Object%93&#8243; header_text_shadow_vertical_length=&#8221;header_text_shadow_style,%91object Object%93&#8243; header_text_shadow_blur_strength=&#8221;header_text_shadow_style,%91object Object%93&#8243; header_2_text_shadow_horizontal_length=&#8221;header_2_text_shadow_style,%91object Object%93&#8243; header_2_text_shadow_vertical_length=&#8221;header_2_text_shadow_style,%91object Object%93&#8243; header_2_text_shadow_blur_strength=&#8221;header_2_text_shadow_style,%91object Object%93&#8243; header_3_text_shadow_horizontal_length=&#8221;header_3_text_shadow_style,%91object Object%93&#8243; header_3_text_shadow_vertical_length=&#8221;header_3_text_shadow_style,%91object Object%93&#8243; header_3_text_shadow_blur_strength=&#8221;header_3_text_shadow_style,%91object Object%93&#8243; header_4_text_shadow_horizontal_length=&#8221;header_4_text_shadow_style,%91object Object%93&#8243; header_4_text_shadow_vertical_length=&#8221;header_4_text_shadow_style,%91object Object%93&#8243; header_4_text_shadow_blur_strength=&#8221;header_4_text_shadow_style,%91object Object%93&#8243; header_5_text_shadow_horizontal_length=&#8221;header_5_text_shadow_style,%91object Object%93&#8243; header_5_text_shadow_vertical_length=&#8221;header_5_text_shadow_style,%91object Object%93&#8243; header_5_text_shadow_blur_strength=&#8221;header_5_text_shadow_style,%91object Object%93&#8243; header_6_text_shadow_horizontal_length=&#8221;header_6_text_shadow_style,%91object Object%93&#8243; header_6_text_shadow_vertical_length=&#8221;header_6_text_shadow_style,%91object Object%93&#8243; header_6_text_shadow_blur_strength=&#8221;header_6_text_shadow_style,%91object Object%93&#8243; link_text_color=&#8221;#538b44&#8243;]<\/p>\n<div class=\"et_pb_section et_pb_section_3 et_section_regular\">\n<div class=\"et_pb_row et_pb_row_3\">\n<div class=\"et_pb_column et_pb_column_4_4 et_pb_column_4 et_pb_css_mix_blend_mode_passthrough et-last-child\">\n<div class=\"et_pb_module et_pb_text et_pb_text_2 et_pb_bg_layout_light et_pb_text_align_left\">\n<div class=\"et_pb_text_inner\">\n<p><strong>L\u00f6yd\u00e4t kaikki kosteusmittarit kategoriatekstin alapuolelta.<\/strong><\/p>\n<h2>Kosteusmittareita ammattik\u00e4ytt\u00f6\u00f6n<\/h2>\n<p>Meilt\u00e4 saat kosteusmittarin ammattik\u00e4ytt\u00f6\u00f6n, tunnetuilta merkeilt\u00e4, kuten W\u00f6hler ja Flir. Kosteusmittarille pystyy mittaamaan kosteuden esimerkiksi katosta, lattioista ja seinist\u00e4.<\/p>\n<h3>Puun kosteusmittari kertoo puun kosteuden<\/h3>\n<p>Kosteusmittari, joka on tarkoitettu puulle, mittaa puun kosteutta puuhakkeesta, pelletist\u00e4 ja haloista. Sill\u00e4 voi mitata my\u00f6s viljalaijikkeiden kosteusmittaukset. Kosteusmittarissa kosteus ilmoitetaan joko veden painon suhteena kokonaispainoon eli m\u00e4rk\u00e4painoon (vesipitoisuus % w) tai puuhun sitoutuneen veden painon suhteena puun kuivapainoon (kosteus % u).<\/p>\n<p>Meilt\u00e4 l\u00f6ytyy my\u00f6s asiantunteva ja kattava <strong><a href=\"https:\/\/aimtec.fi\/huolto-ja-kalibrointipalvelut\/\">huolto-palvelu kosteusmittareille.<\/a><\/strong><\/p>\n<p><strong>Tutustu tarkemmin kosteusmittareihimme alapuolella.<\/strong><\/p>\n<\/div>\n<\/div>\n<\/div>\n<\/div>\n<\/div>\n<p>[\/et_pb_text][\/et_pb_column][\/et_pb_row][\/et_pb_section][et_pb_section bb_built=&#8221;1&#8243; _builder_version=&#8221;3.1.1&#8243; background_color=&#8221;#f2f2f2&#8243; custom_margin=&#8221;0px|||&#8221; custom_padding=&#8221;0px|||&#8221; prev_background_color=&#8221;#ffffff&#8221; inner_width=&#8221;auto&#8221; inner_max_width=&#8221;1366px&#8221;][et_pb_row use_custom_width=&#8221;on&#8221; custom_width_px=&#8221;1260px&#8221; module_class=&#8221;content-product-page-container&#8221; _builder_version=&#8221;3.1.1&#8243; background_size=&#8221;initial&#8221; background_position=&#8221;top_left&#8221; background_repeat=&#8221;repeat&#8221; width=&#8221;80%&#8221; max_width=&#8221;1260px&#8221;][et_pb_column type=&#8221;4_4&#8243; custom_padding__hover=&#8221;|||&#8221; custom_padding=&#8221;|||&#8221; module_class=&#8221;sidebar-product-page&#8221;][et_pb_code module_class=&#8221;childpages-container-mm&#8221;][\/et_pb_code][\/et_pb_column][\/et_pb_row][et_pb_row _builder_version=&#8221;3.1.1&#8243; width=&#8221;80%&#8221; max_width=&#8221;1366px&#8221;][et_pb_column type=&#8221;4_4&#8243; custom_padding__hover=&#8221;|||&#8221; custom_padding=&#8221;|||&#8221; module_class=&#8221;sidebar-product-page&#8221;][et_pb_sidebar area=&#8221;sidebar-1&#8243; _builder_version=&#8221;3.1.1&#8243;]<\/p>\n<p>[\/et_pb_sidebar][\/et_pb_column][\/et_pb_row][et_pb_row module_class=&#8221;mm-dataloger-sub-categories&#8221; _builder_version=&#8221;3.17.3&#8243; disabled_on=&#8221;on|on|on&#8221; width=&#8221;80%&#8221; max_width=&#8221;1366px&#8221;][et_pb_column type=&#8221;1_2&#8243; custom_padding__hover=&#8221;|||&#8221; custom_padding=&#8221;|||&#8221;][et_pb_button button_text=&#8221;Puunkosteusmittarit&#8221; button_alignment=&#8221;center&#8221; module_class=&#8221;.autoklaavit&#8221; _builder_version=&#8221;3.17.5&#8243; custom_button=&#8221;on&#8221; button_text_color=&#8221;#ffffff&#8221; button_bg_color=&#8221;#5e5e5e&#8221; button_bg_blend=&#8221;overlay&#8221; button_border_width=&#8221;0px&#8221; button_font=&#8221;Play||||||||&#8221; button_use_icon=&#8221;off&#8221; custom_padding=&#8221;40px||40px|&#8221; button_text_size__hover_enabled=&#8221;off&#8221; button_one_text_size__hover_enabled=&#8221;off&#8221; button_two_text_size__hover_enabled=&#8221;off&#8221; button_text_color__hover_enabled=&#8221;off&#8221; button_one_text_color__hover_enabled=&#8221;off&#8221; button_two_text_color__hover_enabled=&#8221;off&#8221; button_border_width__hover_enabled=&#8221;off&#8221; button_one_border_width__hover_enabled=&#8221;off&#8221; button_two_border_width__hover_enabled=&#8221;off&#8221; button_border_color__hover_enabled=&#8221;off&#8221; button_one_border_color__hover_enabled=&#8221;off&#8221; button_two_border_color__hover_enabled=&#8221;off&#8221; button_border_radius__hover_enabled=&#8221;off&#8221; button_one_border_radius__hover_enabled=&#8221;off&#8221; button_two_border_radius__hover_enabled=&#8221;off&#8221; button_letter_spacing__hover_enabled=&#8221;off&#8221; button_one_letter_spacing__hover_enabled=&#8221;off&#8221; button_two_letter_spacing__hover_enabled=&#8221;off&#8221; button_bg_color__hover_enabled=&#8221;off&#8221; button_one_bg_color__hover_enabled=&#8221;off&#8221; button_two_bg_color__hover_enabled=&#8221;off&#8221;]<\/p>\n<p>[\/et_pb_button][\/et_pb_column][et_pb_column type=&#8221;1_2&#8243; custom_padding__hover=&#8221;|||&#8221; custom_padding=&#8221;|||&#8221;][et_pb_button button_text=&#8221;Rakennuskosteusmittarit&#8221; button_alignment=&#8221;center&#8221; module_class=&#8221;langattomat&#8221; _builder_version=&#8221;3.17.5&#8243; custom_button=&#8221;on&#8221; button_text_color=&#8221;#003500&#8243; button_bg_color=&#8221;#f7f7f7&#8243; button_bg_blend=&#8221;overlay&#8221; button_border_width=&#8221;0px&#8221; button_font=&#8221;Play||||||||&#8221; button_use_icon=&#8221;off&#8221; custom_padding=&#8221;40px||40px|&#8221; button_text_size__hover_enabled=&#8221;off&#8221; button_one_text_size__hover_enabled=&#8221;off&#8221; button_two_text_size__hover_enabled=&#8221;off&#8221; button_text_color__hover_enabled=&#8221;off&#8221; button_one_text_color__hover_enabled=&#8221;off&#8221; button_two_text_color__hover_enabled=&#8221;off&#8221; button_border_width__hover_enabled=&#8221;off&#8221; button_one_border_width__hover_enabled=&#8221;off&#8221; button_two_border_width__hover_enabled=&#8221;off&#8221; button_border_color__hover_enabled=&#8221;off&#8221; button_one_border_color__hover_enabled=&#8221;off&#8221; button_two_border_color__hover_enabled=&#8221;off&#8221; button_border_radius__hover_enabled=&#8221;off&#8221; button_one_border_radius__hover_enabled=&#8221;off&#8221; button_two_border_radius__hover_enabled=&#8221;off&#8221; button_letter_spacing__hover_enabled=&#8221;off&#8221; button_one_letter_spacing__hover_enabled=&#8221;off&#8221; button_two_letter_spacing__hover_enabled=&#8221;off&#8221; button_bg_color__hover_enabled=&#8221;off&#8221; button_one_bg_color__hover_enabled=&#8221;off&#8221; button_two_bg_color__hover_enabled=&#8221;off&#8221;]<\/p>\n<p>[\/et_pb_button][\/et_pb_column][\/et_pb_row][\/et_pb_section]<\/p>\n","protected":false},"excerpt":{"rendered":"<p>Kosteusmittarit Kategoriat L\u00f6yd\u00e4t kaikki kosteusmittarit kategoriatekstin alapuolelta.Kosteusmittareita ammattik\u00e4ytt\u00f6\u00f6nMeilt\u00e4 saat kosteusmittarin ammattik\u00e4ytt\u00f6\u00f6n, tunnetuilta merkeilt\u00e4, kuten W\u00f6hler ja Flir. Kosteusmittarille pystyy mittaamaan kosteuden esimerkiksi katosta, lattioista ja seinist\u00e4.Puun kosteusmittari kertoo puun kosteudenKosteusmittari, joka on tarkoitettu puulle, mittaa puun kosteutta puuhakkeesta, pelletist\u00e4 ja haloista. Sill\u00e4 voi mitata my\u00f6s viljalaijikkeiden kosteusmittaukset. Kosteusmittarissa kosteus ilmoitetaan joko veden painon suhteena kokonaispainoon&#8230;<\/p>","protected":false},"author":3,"featured_media":1204,"parent":0,"menu_order":0,"comment_status":"closed","ping_status":"closed","template":"","meta":{"_acf_changed":false,"_seopress_robots_primary_cat":"","_seopress_titles_title":"Kosteusmittarit ammattik\u00e4ytt\u00f6\u00f6n edullisesti \u2714\ufe0f - Aimtec.fi","_seopress_titles_desc":"Erilaiset kosteusmittarit ammattik\u00e4ytt\u00f6\u00f6n. Rakennekosteusmittari ja puun kosteusmittari. Edulliset hinnat ja nopea toimitus. Tutustu ja kysy tarjous!\r\n","_seopress_robots_index":"","_et_pb_use_builder":"on","_et_pb_old_content":"","_et_gb_content_width":"","inline_featured_image":false,"footnotes":"","_links_to":"","_links_to_target":""},"categories":[],"tags":[],"class_list":["post-1326","page","type-page","status-publish","has-post-thumbnail","hentry"],"acf":[],"_links":{"self":[{"href":"https:\/\/aimtec.fi\/en\/wp-json\/wp\/v2\/pages\/1326","targetHints":{"allow":["GET"]}}],"collection":[{"href":"https:\/\/aimtec.fi\/en\/wp-json\/wp\/v2\/pages"}],"about":[{"href":"https:\/\/aimtec.fi\/en\/wp-json\/wp\/v2\/types\/page"}],"author":[{"embeddable":true,"href":"https:\/\/aimtec.fi\/en\/wp-json\/wp\/v2\/users\/3"}],"replies":[{"embeddable":true,"href":"https:\/\/aimtec.fi\/en\/wp-json\/wp\/v2\/comments?post=1326"}],"version-history":[{"count":24,"href":"https:\/\/aimtec.fi\/en\/wp-json\/wp\/v2\/pages\/1326\/revisions"}],"predecessor-version":[{"id":7220,"href":"https:\/\/aimtec.fi\/en\/wp-json\/wp\/v2\/pages\/1326\/revisions\/7220"}],"wp:featuredmedia":[{"embeddable":true,"href":"https:\/\/aimtec.fi\/en\/wp-json\/wp\/v2\/media\/1204"}],"wp:attachment":[{"href":"https:\/\/aimtec.fi\/en\/wp-json\/wp\/v2\/media?parent=1326"}],"wp:term":[{"taxonomy":"category","embeddable":true,"href":"https:\/\/aimtec.fi\/en\/wp-json\/wp\/v2\/categories?post=1326"},{"taxonomy":"post_tag","embeddable":true,"href":"https:\/\/aimtec.fi\/en\/wp-json\/wp\/v2\/tags?post=1326"}],"curies":[{"name":"wp","href":"https:\/\/api.w.org\/{rel}","templated":true}]}}