{"id":1478,"date":"2018-09-13T13:02:39","date_gmt":"2018-09-13T10:02:39","guid":{"rendered":"https:\/\/www.aimtec.fi\/?page_id=1478"},"modified":"2023-05-03T11:13:40","modified_gmt":"2023-05-03T08:13:40","slug":"nuohousvalineet-ja-nuohoustarvikkeet","status":"publish","type":"page","link":"https:\/\/aimtec.fi\/en\/nuohousvalineet-ja-nuohoustarvikkeet\/","title":{"rendered":"Nuohousv\u00e4lineet ja nuohoustarvikkeet"},"content":{"rendered":"<p>[et_pb_section fb_built=&#8221;1&#8243; _builder_version=&#8221;4.16&#8243; use_background_color_gradient=&#8221;on&#8221; background_color_gradient_stops=&#8221;rgba(45,151,17,0.82) 0%|rgba(45,151,17,0.82) 100%&#8221; background_color_gradient_overlays_image=&#8221;on&#8221; background_color_gradient_start=&#8221;rgba(45,151,17,0.82)&#8221; background_color_gradient_end=&#8221;rgba(45,151,17,0.82)&#8221; background_image=&#8221;https:\/\/www.aimtec.fi\/wp-content\/uploads\/2018\/09\/industry_pic.jpg&#8221; custom_css_main_element=&#8221;height: 30vh;||display: flex;||align-items: center;&#8221; global_colors_info=&#8221;{}&#8221;][et_pb_row _builder_version=&#8221;4.16&#8243; custom_padding=&#8221;|||&#8221; use_custom_width=&#8221;on&#8221; custom_width_px=&#8221;1366px&#8221; global_colors_info=&#8221;{}&#8221;][et_pb_column type=&#8221;4_4&#8243; _builder_version=&#8221;4.16&#8243; custom_padding=&#8221;|||&#8221; global_colors_info=&#8221;{}&#8221; custom_padding__hover=&#8221;|||&#8221;][et_pb_text _builder_version=&#8221;4.16&#8243; header_font=&#8221;Play||||||||&#8221; header_text_align=&#8221;left&#8221; header_text_color=&#8221;#ffffff&#8221; header_font_size=&#8221;58px&#8221; z_index_tablet=&#8221;500&#8243; text_text_shadow_horizontal_length_tablet=&#8221;0px&#8221; text_text_shadow_vertical_length_tablet=&#8221;0px&#8221; text_text_shadow_blur_strength_tablet=&#8221;1px&#8221; link_text_shadow_horizontal_length_tablet=&#8221;0px&#8221; link_text_shadow_vertical_length_tablet=&#8221;0px&#8221; link_text_shadow_blur_strength_tablet=&#8221;1px&#8221; ul_text_shadow_horizontal_length_tablet=&#8221;0px&#8221; ul_text_shadow_vertical_length_tablet=&#8221;0px&#8221; ul_text_shadow_blur_strength_tablet=&#8221;1px&#8221; ol_text_shadow_horizontal_length_tablet=&#8221;0px&#8221; ol_text_shadow_vertical_length_tablet=&#8221;0px&#8221; ol_text_shadow_blur_strength_tablet=&#8221;1px&#8221; quote_text_shadow_horizontal_length_tablet=&#8221;0px&#8221; quote_text_shadow_vertical_length_tablet=&#8221;0px&#8221; quote_text_shadow_blur_strength_tablet=&#8221;1px&#8221; header_text_shadow_horizontal_length_tablet=&#8221;0px&#8221; header_text_shadow_vertical_length_tablet=&#8221;0px&#8221; header_text_shadow_blur_strength_tablet=&#8221;1px&#8221; header_2_text_shadow_horizontal_length_tablet=&#8221;0px&#8221; header_2_text_shadow_vertical_length_tablet=&#8221;0px&#8221; header_2_text_shadow_blur_strength_tablet=&#8221;1px&#8221; header_3_text_shadow_horizontal_length_tablet=&#8221;0px&#8221; header_3_text_shadow_vertical_length_tablet=&#8221;0px&#8221; header_3_text_shadow_blur_strength_tablet=&#8221;1px&#8221; header_4_text_shadow_horizontal_length_tablet=&#8221;0px&#8221; header_4_text_shadow_vertical_length_tablet=&#8221;0px&#8221; header_4_text_shadow_blur_strength_tablet=&#8221;1px&#8221; header_5_text_shadow_horizontal_length_tablet=&#8221;0px&#8221; header_5_text_shadow_vertical_length_tablet=&#8221;0px&#8221; header_5_text_shadow_blur_strength_tablet=&#8221;1px&#8221; header_6_text_shadow_horizontal_length_tablet=&#8221;0px&#8221; header_6_text_shadow_vertical_length_tablet=&#8221;0px&#8221; header_6_text_shadow_blur_strength_tablet=&#8221;1px&#8221; box_shadow_horizontal_tablet=&#8221;0px&#8221; box_shadow_vertical_tablet=&#8221;0px&#8221; box_shadow_blur_tablet=&#8221;40px&#8221; box_shadow_spread_tablet=&#8221;0px&#8221; global_colors_info=&#8221;{}&#8221;]<\/p>\n<h1>Nuohousv\u00e4lineet ja nuohoustarvikkeet<\/h1>\n<p>[\/et_pb_text][\/et_pb_column][\/et_pb_row][\/et_pb_section][et_pb_section fb_built=&#8221;1&#8243; disabled_on=&#8221;off|off|on&#8221; _builder_version=&#8221;3.1.1&#8243; background_color=&#8221;#333&#8243; custom_padding=&#8221;0|0px|0|0px&#8221; global_module=&#8221;3797&#8243; global_colors_info=&#8221;{}&#8221;][et_pb_row column_structure=&#8221;1_2,1_2&#8243; disabled_on=&#8221;off|off|on&#8221; _builder_version=&#8221;4.16&#8243; global_colors_info=&#8221;{}&#8221;][et_pb_column type=&#8221;1_2&#8243; module_class=&#8221;mm-kategoria-menu-teksti-column&#8221; _builder_version=&#8221;4.16&#8243; custom_padding=&#8221;|||&#8221; global_colors_info=&#8221;{}&#8221; custom_padding__hover=&#8221;|||&#8221;][et_pb_text _builder_version=&#8221;4.16&#8243; header_font=&#8221;Play||||||||&#8221; header_text_color=&#8221;#ffffff&#8221; header_2_font=&#8221;Play||||||||&#8221; header_2_text_color=&#8221;#ffffff&#8221; header_2_font_size=&#8221;1.6em&#8221; header_font_size_tablet=&#8221;2em&#8221; header_font_size_phone=&#8221;1.6em&#8221; header_font_size_last_edited=&#8221;on|phone&#8221; global_colors_info=&#8221;{}&#8221;]<\/p>\n<h2>Kategoriat<\/h2>\n<p>[\/et_pb_text][\/et_pb_column][et_pb_column type=&#8221;1_2&#8243; module_class=&#8221;mm-kategoria-menu-ikoni-column&#8221; _builder_version=&#8221;4.16&#8243; custom_padding=&#8221;|||&#8221; global_colors_info=&#8221;{}&#8221; custom_padding__hover=&#8221;|||&#8221;][et_pb_code _builder_version=&#8221;4.16&#8243; text_orientation=&#8221;right&#8221; global_colors_info=&#8221;{}&#8221;]<a class=\"mm-mobile-sidebar-button\"><img decoding=\"async\" src=\"\/wp-content\/uploads\/2018\/10\/add1.svg\"><\/a>[\/et_pb_code][\/et_pb_column][\/et_pb_row][et_pb_row disabled_on=&#8221;off|off|off&#8221; _builder_version=&#8221;4.16&#8243; custom_padding=&#8221;0|0px|0|0px&#8221; global_colors_info=&#8221;{}&#8221;][et_pb_column type=&#8221;4_4&#8243; _builder_version=&#8221;4.16&#8243; custom_padding=&#8221;|||&#8221; global_colors_info=&#8221;{}&#8221; custom_padding__hover=&#8221;|||&#8221;][et_pb_sidebar area=&#8221;sidebar-1&#8243; _builder_version=&#8221;4.16&#8243; global_colors_info=&#8221;{}&#8221;][\/et_pb_sidebar][\/et_pb_column][\/et_pb_row][\/et_pb_section][et_pb_section fb_built=&#8221;1&#8243; _builder_version=&#8221;4.16&#8243; custom_padding=&#8221;0px||0px|||&#8221; z_index_tablet=&#8221;500&#8243; box_shadow_horizontal_tablet=&#8221;0px&#8221; box_shadow_vertical_tablet=&#8221;0px&#8221; box_shadow_blur_tablet=&#8221;40px&#8221; box_shadow_spread_tablet=&#8221;0px&#8221; global_colors_info=&#8221;{}&#8221;][et_pb_row _builder_version=&#8221;4.16&#8243; background_size=&#8221;initial&#8221; background_position=&#8221;top_left&#8221; background_repeat=&#8221;repeat&#8221; global_colors_info=&#8221;{}&#8221; collapsed=&#8221;off&#8221;][et_pb_column type=&#8221;4_4&#8243; _builder_version=&#8221;4.16&#8243; custom_padding=&#8221;|||&#8221; global_colors_info=&#8221;{}&#8221; custom_padding__hover=&#8221;|||&#8221;][et_pb_text _builder_version=&#8221;4.16&#8243; link_font=&#8221;||||on||||&#8221; link_text_color=&#8221;#538b44&#8243; z_index_tablet=&#8221;500&#8243; text_text_shadow_horizontal_length_tablet=&#8221;0px&#8221; text_text_shadow_vertical_length_tablet=&#8221;0px&#8221; text_text_shadow_blur_strength_tablet=&#8221;1px&#8221; link_text_shadow_horizontal_length_tablet=&#8221;0px&#8221; link_text_shadow_vertical_length_tablet=&#8221;0px&#8221; link_text_shadow_blur_strength_tablet=&#8221;1px&#8221; ul_text_shadow_horizontal_length_tablet=&#8221;0px&#8221; ul_text_shadow_vertical_length_tablet=&#8221;0px&#8221; ul_text_shadow_blur_strength_tablet=&#8221;1px&#8221; ol_text_shadow_horizontal_length_tablet=&#8221;0px&#8221; ol_text_shadow_vertical_length_tablet=&#8221;0px&#8221; ol_text_shadow_blur_strength_tablet=&#8221;1px&#8221; quote_text_shadow_horizontal_length_tablet=&#8221;0px&#8221; quote_text_shadow_vertical_length_tablet=&#8221;0px&#8221; quote_text_shadow_blur_strength_tablet=&#8221;1px&#8221; header_text_shadow_horizontal_length_tablet=&#8221;0px&#8221; header_text_shadow_vertical_length_tablet=&#8221;0px&#8221; header_text_shadow_blur_strength_tablet=&#8221;1px&#8221; header_2_text_shadow_horizontal_length_tablet=&#8221;0px&#8221; header_2_text_shadow_vertical_length_tablet=&#8221;0px&#8221; header_2_text_shadow_blur_strength_tablet=&#8221;1px&#8221; header_3_text_shadow_horizontal_length_tablet=&#8221;0px&#8221; header_3_text_shadow_vertical_length_tablet=&#8221;0px&#8221; header_3_text_shadow_blur_strength_tablet=&#8221;1px&#8221; header_4_text_shadow_horizontal_length_tablet=&#8221;0px&#8221; header_4_text_shadow_vertical_length_tablet=&#8221;0px&#8221; header_4_text_shadow_blur_strength_tablet=&#8221;1px&#8221; header_5_text_shadow_horizontal_length_tablet=&#8221;0px&#8221; header_5_text_shadow_vertical_length_tablet=&#8221;0px&#8221; header_5_text_shadow_blur_strength_tablet=&#8221;1px&#8221; header_6_text_shadow_horizontal_length_tablet=&#8221;0px&#8221; header_6_text_shadow_vertical_length_tablet=&#8221;0px&#8221; header_6_text_shadow_blur_strength_tablet=&#8221;1px&#8221; box_shadow_horizontal_tablet=&#8221;0px&#8221; box_shadow_vertical_tablet=&#8221;0px&#8221; box_shadow_blur_tablet=&#8221;40px&#8221; box_shadow_spread_tablet=&#8221;0px&#8221; global_colors_info=&#8221;{}&#8221;]<\/p>\n<div class=\"et_pb_section et_pb_section_3 et_section_regular\">\n<div class=\"et_pb_row et_pb_row_3\">\n<div class=\"et_pb_column et_pb_column_4_4 et_pb_column_4 et_pb_css_mix_blend_mode_passthrough et-last-child\">\n<div class=\"et_pb_module et_pb_text et_pb_text_2 et_pb_bg_layout_light et_pb_text_align_left\">\n<div class=\"et_pb_text_inner\">\n<p><strong>L\u00f6yd\u00e4t kaikki nuohousv\u00e4lineet ja tarvikkeet kategoriatekstin alapuolelta.<\/strong><\/p>\n<p>Laadukkaat nuohousv\u00e4lineet- ja tarvikkeet vaikuttavat ty\u00f6n mielekkyyteen ja j\u00e4lkeen \u2013 ei tarvitse tapella kehnon harjauskoneen kanssa. Meilt\u00e4 l\u00f6yd\u00e4t nuohousv\u00e4lineit\u00e4 moneen l\u00e4ht\u00f6\u00f6n edullisesti, kuten BOS:n harjauskoneet sek\u00e4 W\u00f6hlerin nuohoustarvikkeet ja lis\u00e4tarvikkeet.<\/p>\n<h2>S\u00e4hk\u00f6k\u00e4ytt\u00f6isi\u00e4 ja paineilmak\u00e4ytt\u00f6isi\u00e4 nuohousv\u00e4lineit\u00e4<\/h2>\n<p class=\"p1\">Harjauskoneista meill\u00e4 on valikoimissa sek\u00e4 s\u00e4hk\u00f6k\u00e4ytt\u00f6isi\u00e4 ett\u00e4 paineilmak\u00e4ytt\u00f6inen harjauskone. S\u00e4hk\u00f6k\u00e4ytt\u00f6iset harjauskoneet ovat portaattomalla nopeuden s\u00e4\u00e4d\u00f6ll\u00e4 ja niill\u00e4 voi puhdistaa halkaisijaltaan minimiss\u00e4\u00e4n 100 millimetrin ja maksimissaan 700 millimetrin ilmastointikanavat. Harjauskoneen harjan py\u00f6rimist\u00e4 ohjataan jalkapolkimella, joten k\u00e4tesi j\u00e4\u00e4v\u00e4t vapaaksi ja n\u00e4in ollen helpottaa ty\u00f6st\u00e4mist\u00e4. Paineilmak\u00e4ytt\u00f6isell\u00e4 harjauskoneella pystyy puhdistamaan halkaisiljaltaan minimiss\u00e4\u00e4n 315 millimetrin ja maksimissaan 1200 mm ilmastointikanavat.<\/p>\n<h2>BOS:n harjauskoneet valmistetaan Suomessa<\/h2>\n<p>Aimtecilta saatavat BOSin laadukkaat harjauskoneet ja niit\u00e4 koskien nuohoustarvikkeita. BOSin harjauskoneilla saat tehty\u00e4 viimeisen p\u00e4\u00e4lle hyv\u00e4\u00e4 j\u00e4lke\u00e4 ja sit\u00e4 kautta parannettua ilmanlaatua. Harjauskoneita on helppo liikutella, koska niiss\u00e4 on kumipy\u00f6r\u00e4t alla. Jos haluat puhdistaa ilmastointikanavat laadukkaalla harjakoneella, silloin valintasi on kotimainen BOS.<\/p>\n<h3>Hyv\u00e4laatuisella kattilaharjalla ja kanavaharjalla parempi j\u00e4lki<\/h3>\n<p>Kest\u00e4vill\u00e4 ja hyv\u00e4laatuisilla kattilaharjoilla ja kanavaharjoilla on mukava tehd\u00e4 ty\u00f6t k\u00e4den k\u00e4\u00e4nteess\u00e4 eik\u00e4 ty\u00f6n j\u00e4lki j\u00e4\u00e4 harmittamaan, kun kaikki paikat j\u00e4\u00e4v\u00e4t puhtaiksi. Meilt\u00e4 on saatavissa erilaisia W\u00f6hlerin kattilaharjoja monella eri halkaisijalla, kuten 20mm ja 100mm. Kanavaharjaamme voit py\u00f6ritt\u00e4\u00e4 porakoneella ja se etenee ilmastointikanavissa vaivattomasti puhdistaen kanavat hyvin. Kanavaharja on saatavissa eri pitusilla vaijereilla.<\/p>\n<p>Meilt\u00e4 l\u00f6ytyy my\u00f6s asiantunteva ja kattava <strong><a href=\"https:\/\/aimtec.fi\/huolto-ja-kalibrointipalvelut\/\">huolto-palvelu nuohousv\u00e4lineille<\/a><\/strong>.<\/p>\n<p><img loading=\"lazy\" decoding=\"async\" class=\"alignnone size-medium wp-image-6213\" src=\"https:\/\/aimtec.fi\/wp-content\/uploads\/2020\/03\/nuohousvalineet-ja-tarvikkeet-aimtec-oy-768x81.jpg\" alt=\"nuohousv\u00e4lineit\u00e4 ja tarvikkeita ty\u00f6ntekij\u00f6ille\" width=\"768\" height=\"81\" srcset=\"https:\/\/aimtec.fi\/wp-content\/uploads\/2020\/03\/nuohousvalineet-ja-tarvikkeet-aimtec-oy-768x81.jpg 768w, https:\/\/aimtec.fi\/wp-content\/uploads\/2020\/03\/nuohousvalineet-ja-tarvikkeet-aimtec-oy.jpg 960w\" sizes=\"(max-width: 768px) 100vw, 768px\" \/><\/p>\n<\/div>\n<\/div>\n<\/div>\n<\/div>\n<\/div>\n<p>[\/et_pb_text][\/et_pb_column][\/et_pb_row][\/et_pb_section][et_pb_section fb_built=&#8221;1&#8243; _builder_version=&#8221;4.16&#8243; background_color=&#8221;#f2f2f2&#8243; custom_margin=&#8221;0px|||&#8221; custom_padding=&#8221;0px|||&#8221; global_colors_info=&#8221;{}&#8221;][et_pb_row module_class=&#8221;content-product-page-container&#8221; _builder_version=&#8221;4.16&#8243; background_size=&#8221;initial&#8221; background_position=&#8221;top_left&#8221; background_repeat=&#8221;repeat&#8221; max_width=&#8221;1260px&#8221; use_custom_width=&#8221;on&#8221; custom_width_px=&#8221;1260px&#8221; global_colors_info=&#8221;{}&#8221;][et_pb_column type=&#8221;4_4&#8243; module_class=&#8221;sidebar-product-page&#8221; _builder_version=&#8221;4.16&#8243; custom_padding=&#8221;|||&#8221; global_colors_info=&#8221;{}&#8221; custom_padding__hover=&#8221;|||&#8221;][et_pb_code module_class=&#8221;childpages-container-mm&#8221; _builder_version=&#8221;4.16&#8243; global_colors_info=&#8221;{}&#8221;][\/et_pb_code][\/et_pb_column][\/et_pb_row][et_pb_row _builder_version=&#8221;4.16&#8243; global_colors_info=&#8221;{}&#8221;][et_pb_column type=&#8221;4_4&#8243; module_class=&#8221;sidebar-product-page&#8221; _builder_version=&#8221;4.16&#8243; custom_padding=&#8221;|||&#8221; global_colors_info=&#8221;{}&#8221; custom_padding__hover=&#8221;|||&#8221;][et_pb_sidebar area=&#8221;sidebar-1&#8243; _builder_version=&#8221;4.16&#8243; global_colors_info=&#8221;{}&#8221;][\/et_pb_sidebar][\/et_pb_column][\/et_pb_row][et_pb_row disabled_on=&#8221;on|on|on&#8221; module_class=&#8221;mm-dataloger-sub-categories&#8221; _builder_version=&#8221;4.16&#8243; global_colors_info=&#8221;{}&#8221; column_structure=&#8221;1_2,1_2&#8243;][et_pb_column type=&#8221;1_2&#8243; _builder_version=&#8221;4.16&#8243; custom_padding=&#8221;|||&#8221; global_colors_info=&#8221;{}&#8221; custom_padding__hover=&#8221;|||&#8221;][et_pb_button button_url=&#8221;http:\/\/haspelit\/&#8221; button_text=&#8221;Haspelit&#8221; button_alignment=&#8221;center&#8221; module_class=&#8221;.autoklaavit&#8221; _builder_version=&#8221;4.16&#8243; custom_button=&#8221;on&#8221; button_text_color=&#8221;#ffffff&#8221; button_bg_color=&#8221;#5e5e5e&#8221; button_bg_image=&#8221;https:\/\/www.aimtec.fi\/wp-content\/uploads\/2018\/10\/Wohler-minihaspeli-S-15m.jpg&#8221; button_bg_blend=&#8221;overlay&#8221; button_border_width=&#8221;0px&#8221; button_font=&#8221;Play||||||||&#8221; button_use_icon=&#8221;off&#8221; custom_padding=&#8221;40px||40px|&#8221; global_colors_info=&#8221;{}&#8221; button_text_size__hover_enabled=&#8221;off&#8221; button_one_text_size__hover_enabled=&#8221;off&#8221; button_two_text_size__hover_enabled=&#8221;off&#8221; button_text_color__hover_enabled=&#8221;off&#8221; button_one_text_color__hover_enabled=&#8221;off&#8221; button_two_text_color__hover_enabled=&#8221;off&#8221; button_border_width__hover_enabled=&#8221;off&#8221; button_one_border_width__hover_enabled=&#8221;off&#8221; button_two_border_width__hover_enabled=&#8221;off&#8221; button_border_color__hover_enabled=&#8221;off&#8221; button_one_border_color__hover_enabled=&#8221;off&#8221; button_two_border_color__hover_enabled=&#8221;off&#8221; button_border_radius__hover_enabled=&#8221;off&#8221; button_one_border_radius__hover_enabled=&#8221;off&#8221; button_two_border_radius__hover_enabled=&#8221;off&#8221; button_letter_spacing__hover_enabled=&#8221;off&#8221; button_one_letter_spacing__hover_enabled=&#8221;off&#8221; button_two_letter_spacing__hover_enabled=&#8221;off&#8221; button_bg_color__hover_enabled=&#8221;off&#8221; button_one_bg_color__hover_enabled=&#8221;off&#8221; button_two_bg_color__hover_enabled=&#8221;off&#8221;][\/et_pb_button][\/et_pb_column][et_pb_column type=&#8221;1_2&#8243; _builder_version=&#8221;4.16&#8243; custom_padding=&#8221;|||&#8221; global_colors_info=&#8221;{}&#8221; custom_padding__hover=&#8221;|||&#8221;][et_pb_button button_text=&#8221;Harjat&#8221; button_alignment=&#8221;center&#8221; module_class=&#8221;langattomat&#8221; _builder_version=&#8221;4.16&#8243; custom_button=&#8221;on&#8221; button_text_color=&#8221;#003500&#8243; button_bg_color=&#8221;rgba(255,255,255,0.85)&#8221; button_bg_image=&#8221;https:\/\/www.aimtec.fi\/wp-content\/uploads\/2018\/10\/Wohler-pyoriva-hormiharja-7m-3.jpg&#8221; button_bg_blend=&#8221;overlay&#8221; button_border_width=&#8221;0px&#8221; button_font=&#8221;Play||||||||&#8221; button_use_icon=&#8221;off&#8221; custom_padding=&#8221;40px||40px|&#8221; global_colors_info=&#8221;{}&#8221; button_text_size__hover_enabled=&#8221;off&#8221; button_one_text_size__hover_enabled=&#8221;off&#8221; button_two_text_size__hover_enabled=&#8221;off&#8221; button_text_color__hover_enabled=&#8221;off&#8221; button_one_text_color__hover_enabled=&#8221;off&#8221; button_two_text_color__hover_enabled=&#8221;off&#8221; button_border_width__hover_enabled=&#8221;off&#8221; button_one_border_width__hover_enabled=&#8221;off&#8221; button_two_border_width__hover_enabled=&#8221;off&#8221; button_border_color__hover_enabled=&#8221;off&#8221; button_one_border_color__hover_enabled=&#8221;off&#8221; button_two_border_color__hover_enabled=&#8221;off&#8221; button_border_radius__hover_enabled=&#8221;off&#8221; button_one_border_radius__hover_enabled=&#8221;off&#8221; button_two_border_radius__hover_enabled=&#8221;off&#8221; button_letter_spacing__hover_enabled=&#8221;off&#8221; button_one_letter_spacing__hover_enabled=&#8221;off&#8221; button_two_letter_spacing__hover_enabled=&#8221;off&#8221; button_bg_color__hover_enabled=&#8221;off&#8221; button_one_bg_color__hover_enabled=&#8221;off&#8221; button_two_bg_color__hover_enabled=&#8221;off&#8221;][\/et_pb_button][\/et_pb_column][\/et_pb_row][\/et_pb_section]<\/p>\n","protected":false},"excerpt":{"rendered":"<p>Nuohousv\u00e4lineet ja nuohoustarvikkeet KategoriatL\u00f6yd\u00e4t kaikki nuohousv\u00e4lineet ja tarvikkeet kategoriatekstin alapuolelta.Laadukkaat nuohousv\u00e4lineet- ja tarvikkeet vaikuttavat ty\u00f6n mielekkyyteen ja j\u00e4lkeen \u2013 ei tarvitse tapella kehnon harjauskoneen kanssa. Meilt\u00e4 l\u00f6yd\u00e4t nuohousv\u00e4lineit\u00e4 moneen l\u00e4ht\u00f6\u00f6n edullisesti, kuten BOS:n harjauskoneet sek\u00e4 W\u00f6hlerin nuohoustarvikkeet ja lis\u00e4tarvikkeet.S\u00e4hk\u00f6k\u00e4ytt\u00f6isi\u00e4 ja paineilmak\u00e4ytt\u00f6isi\u00e4 nuohousv\u00e4lineit\u00e4Harjauskoneista meill\u00e4 on valikoimissa sek\u00e4 s\u00e4hk\u00f6k\u00e4ytt\u00f6isi\u00e4 ett\u00e4 paineilmak\u00e4ytt\u00f6inen harjauskone. S\u00e4hk\u00f6k\u00e4ytt\u00f6iset harjauskoneet ovat portaattomalla nopeuden&#8230;<\/p>","protected":false},"author":3,"featured_media":0,"parent":0,"menu_order":0,"comment_status":"closed","ping_status":"closed","template":"","meta":{"_acf_changed":false,"_seopress_robots_primary_cat":"","_seopress_titles_title":"Nuohousv\u00e4lineet ja nuohoustarvikkeet \u2714\ufe0f - Aimtec.fi","_seopress_titles_desc":"L\u00f6yd\u00e4t meilt\u00e4 laadukkaat nuohousv\u00e4lineet- ja tarvikkeet. Harjauskoneet merkilt\u00e4 BOS ja nuohoustarvikkeita merkilt\u00e4 W\u00f6hler. Tutustu tarkemmin valikoimaan\u2026","_seopress_robots_index":"","_et_pb_use_builder":"on","_et_pb_old_content":"","_et_gb_content_width":"","inline_featured_image":false,"footnotes":"","_links_to":"","_links_to_target":""},"categories":[],"tags":[],"class_list":["post-1478","page","type-page","status-publish","hentry"],"acf":[],"_links":{"self":[{"href":"https:\/\/aimtec.fi\/en\/wp-json\/wp\/v2\/pages\/1478","targetHints":{"allow":["GET"]}}],"collection":[{"href":"https:\/\/aimtec.fi\/en\/wp-json\/wp\/v2\/pages"}],"about":[{"href":"https:\/\/aimtec.fi\/en\/wp-json\/wp\/v2\/types\/page"}],"author":[{"embeddable":true,"href":"https:\/\/aimtec.fi\/en\/wp-json\/wp\/v2\/users\/3"}],"replies":[{"embeddable":true,"href":"https:\/\/aimtec.fi\/en\/wp-json\/wp\/v2\/comments?post=1478"}],"version-history":[{"count":23,"href":"https:\/\/aimtec.fi\/en\/wp-json\/wp\/v2\/pages\/1478\/revisions"}],"predecessor-version":[{"id":17518,"href":"https:\/\/aimtec.fi\/en\/wp-json\/wp\/v2\/pages\/1478\/revisions\/17518"}],"wp:attachment":[{"href":"https:\/\/aimtec.fi\/en\/wp-json\/wp\/v2\/media?parent=1478"}],"wp:term":[{"taxonomy":"category","embeddable":true,"href":"https:\/\/aimtec.fi\/en\/wp-json\/wp\/v2\/categories?post=1478"},{"taxonomy":"post_tag","embeddable":true,"href":"https:\/\/aimtec.fi\/en\/wp-json\/wp\/v2\/tags?post=1478"}],"curies":[{"name":"wp","href":"https:\/\/api.w.org\/{rel}","templated":true}]}}