{"id":17691,"date":"2023-10-11T18:24:25","date_gmt":"2023-10-11T15:24:25","guid":{"rendered":"https:\/\/aimtec.fi\/?page_id=17691"},"modified":"2023-10-11T18:24:25","modified_gmt":"2023-10-11T15:24:25","slug":"kimo-mp-210-mikromanometri","status":"publish","type":"page","link":"https:\/\/aimtec.fi\/en\/ilmanvaihtomittarit\/kimo-mp-210-mikromanometri\/","title":{"rendered":"Kimo &#8211; MP 210 Mikromanometri"},"content":{"rendered":"<p><strong>VAIHDETTAVAT MITTAUSMODUULIT<\/strong><br \/>\n1 laite = useita mittausalueita ja parametreja<\/p>\n<p><strong>LANGATON YHTEYS<\/strong><br \/>\nLangaton yhteys mittarin ja anturin v\u00e4lill\u00e4<\/p>\n<p><strong>SMART 2014 J\u00c4RJESTELM\u00c4<\/strong><br \/>\nTunnistaa automaattisesti langalliset ja langattomat anturit<\/p>\n<p><strong>MP 210 paine-eromittari paineen, ilmannopeuden ja ilmam\u00e4\u00e4r\u00e4n mittaukseen<\/strong>. Valittavissa 5 erilaista paine-eroelementti\u00e4. Ilmannopeuden ja ilmam\u00e4\u00e4r\u00e4n mittaus mahdollista Pitot putkilla, siipipy\u00f6r\u00e4- ja kuumalanka-antureilla. Mittaa my\u00f6s l\u00e4mp\u00f6tilaa, kierroslukua, metaania ja h\u00e4k\u00e4\u00e4<\/p>\n<p><strong>Mittausalueet MPR paine-eromoduuleille<\/strong>:<\/p>\n<ul>\n<li>MPR 500 : -500 &#8230; +500 Pa<\/li>\n<li>MPR 2500 : -2500 &#8230; +2500 Pa<\/li>\n<li>MPR 10 000 : -10 000 &#8230; +10 000 Pa<\/li>\n<li>MPR 500 M : -500 &#8230; +500 mbar<\/li>\n<li>MPR 2000 M : -2000 &#8230; +2000 mbar<\/li>\n<\/ul>\n<p><img loading=\"lazy\" decoding=\"async\" class=\"alignnone size-full wp-image-4338\" src=\"https:\/\/www.aimtec.fi\/wp-content\/uploads\/2019\/02\/Painemoduulin_asennus.jpg\" alt=\"\" width=\"300\" height=\"251\" \/><\/p>","protected":false},"excerpt":{"rendered":"<p>VAIHDETTAVAT MITTAUSMODUULIT 1 laite = useita mittausalueita ja parametreja LANGATON YHTEYS Langaton yhteys mittarin ja anturin v\u00e4lill\u00e4 SMART 2014 J\u00c4RJESTELM\u00c4 Tunnistaa automaattisesti langalliset ja langattomat anturit MP 210 paine-eromittari paineen, ilmannopeuden ja ilmam\u00e4\u00e4r\u00e4n mittaukseen. Valittavissa 5 erilaista paine-eroelementti\u00e4. Ilmannopeuden ja ilmam\u00e4\u00e4r\u00e4n mittaus mahdollista Pitot putkilla, siipipy\u00f6r\u00e4- ja kuumalanka-antureilla. Mittaa my\u00f6s l\u00e4mp\u00f6tilaa, kierroslukua, metaania ja h\u00e4k\u00e4\u00e4&#8230;<\/p>","protected":false},"author":12,"featured_media":2523,"parent":3052,"menu_order":0,"comment_status":"closed","ping_status":"closed","template":"tuote.php","meta":{"_acf_changed":false,"_seopress_robots_primary_cat":"","_seopress_titles_title":"","_seopress_titles_desc":"","_seopress_robots_index":"","_et_pb_use_builder":"","_et_pb_old_content":"","_et_gb_content_width":"","inline_featured_image":false,"footnotes":"","_links_to":"","_links_to_target":""},"categories":[12],"tags":[],"class_list":["post-17691","page","type-page","status-publish","has-post-thumbnail","hentry","category-tuote"],"acf":[],"_links":{"self":[{"href":"https:\/\/aimtec.fi\/en\/wp-json\/wp\/v2\/pages\/17691","targetHints":{"allow":["GET"]}}],"collection":[{"href":"https:\/\/aimtec.fi\/en\/wp-json\/wp\/v2\/pages"}],"about":[{"href":"https:\/\/aimtec.fi\/en\/wp-json\/wp\/v2\/types\/page"}],"author":[{"embeddable":true,"href":"https:\/\/aimtec.fi\/en\/wp-json\/wp\/v2\/users\/12"}],"replies":[{"embeddable":true,"href":"https:\/\/aimtec.fi\/en\/wp-json\/wp\/v2\/comments?post=17691"}],"version-history":[{"count":1,"href":"https:\/\/aimtec.fi\/en\/wp-json\/wp\/v2\/pages\/17691\/revisions"}],"predecessor-version":[{"id":17692,"href":"https:\/\/aimtec.fi\/en\/wp-json\/wp\/v2\/pages\/17691\/revisions\/17692"}],"up":[{"embeddable":true,"href":"https:\/\/aimtec.fi\/en\/wp-json\/wp\/v2\/pages\/3052"}],"wp:featuredmedia":[{"embeddable":true,"href":"https:\/\/aimtec.fi\/en\/wp-json\/wp\/v2\/media\/2523"}],"wp:attachment":[{"href":"https:\/\/aimtec.fi\/en\/wp-json\/wp\/v2\/media?parent=17691"}],"wp:term":[{"taxonomy":"category","embeddable":true,"href":"https:\/\/aimtec.fi\/en\/wp-json\/wp\/v2\/categories?post=17691"},{"taxonomy":"post_tag","embeddable":true,"href":"https:\/\/aimtec.fi\/en\/wp-json\/wp\/v2\/tags?post=17691"}],"curies":[{"name":"wp","href":"https:\/\/api.w.org\/{rel}","templated":true}]}}