{"id":17732,"date":"2023-11-14T11:09:56","date_gmt":"2023-11-14T09:09:56","guid":{"rendered":"https:\/\/aimtec.fi\/?page_id=17732"},"modified":"2023-11-27T11:48:24","modified_gmt":"2023-11-27T09:48:24","slug":"yleiset-toimitusehdot","status":"publish","type":"page","link":"https:\/\/aimtec.fi\/en\/yleiset-toimitusehdot\/","title":{"rendered":"Yleiset toimitusehdot"},"content":{"rendered":"<p>[et_pb_section fb_built=&#8221;1&#8243; admin_label=&#8221;section&#8221; _builder_version=&#8221;4.16&#8243; global_colors_info=&#8221;{}&#8221;][et_pb_row admin_label=&#8221;row&#8221; _builder_version=&#8221;4.16&#8243; background_size=&#8221;initial&#8221; background_position=&#8221;top_left&#8221; background_repeat=&#8221;repeat&#8221; global_colors_info=&#8221;{}&#8221;][et_pb_column type=&#8221;4_4&#8243; _builder_version=&#8221;4.16&#8243; custom_padding=&#8221;|||&#8221; global_colors_info=&#8221;{}&#8221; custom_padding__hover=&#8221;|||&#8221;][et_pb_text admin_label=&#8221;Text&#8221; _builder_version=&#8221;4.23&#8243; background_size=&#8221;initial&#8221; background_position=&#8221;top_left&#8221; background_repeat=&#8221;repeat&#8221; hover_enabled=&#8221;0&#8243; global_colors_info=&#8221;{}&#8221; sticky_enabled=&#8221;0&#8243;]<\/p>\n<p style=\"font-weight: 400;\">Tuotteet ovat myyj\u00e4n omaisuutta kunnes lasku on kokonaan maksettu. Takuu on yleens\u00e4 1 vuosi ammattik\u00e4ytt\u00f6\u00f6n tarkoitetuilla mittalaitteilla, pois lukien kulutusosat. Takuun my\u00f6nt\u00e4\u00e4 tuotteen valmistaja. Rahdit eiv\u00e4t sis\u00e4lly takuun piiriin, my\u00f6s tarkastusmaksuja voi tulla valmistajalta tapauksesta riippuen. Voimme veloittaa noutomaksun, mik\u00e4li meille l\u00e4hetetty tuote ohjautuu johonkin noutopisteeseen. Maksumuistutus on kuluton, mutta maksuvaatimuksesta veloitamme 20\u20ac\/kerta. Myymme tuotteita ammattik\u00e4ytt\u00f6\u00f6n yrityksille ja kaikki ilmoittamamme hinnat ovat arvonlis\u00e4verottomia.<br \/>Ilmoitetut toimitusajat ovat arvioita ja voivat muuttua meist\u00e4 riippumattomista syist\u00e4.<\/p>\n<p style=\"font-weight: 400;\">[\/et_pb_text][\/et_pb_column][\/et_pb_row][\/et_pb_section]<\/p>\n","protected":false},"excerpt":{"rendered":"<p>Tuotteet ovat myyj\u00e4n omaisuutta kunnes lasku on kokonaan maksettu. Takuu on yleens\u00e4 1 vuosi ammattik\u00e4ytt\u00f6\u00f6n tarkoitetuilla mittalaitteilla, pois lukien kulutusosat. Takuun my\u00f6nt\u00e4\u00e4 tuotteen valmistaja. Rahdit eiv\u00e4t sis\u00e4lly takuun piiriin, my\u00f6s tarkastusmaksuja voi tulla valmistajalta tapauksesta riippuen. Voimme veloittaa noutomaksun, mik\u00e4li meille l\u00e4hetetty tuote ohjautuu johonkin noutopisteeseen. Maksumuistutus on kuluton, mutta maksuvaatimuksesta veloitamme 20\u20ac\/kerta. Myymme tuotteita&#8230;<\/p>","protected":false},"author":12,"featured_media":0,"parent":0,"menu_order":0,"comment_status":"closed","ping_status":"closed","template":"","meta":{"_acf_changed":false,"_seopress_robots_primary_cat":"","_seopress_titles_title":"","_seopress_titles_desc":"","_seopress_robots_index":"","_et_pb_use_builder":"on","_et_pb_old_content":"<p style=\"font-weight: 400;\">Tuotteet ovat myyj\u00e4n omaisuutta kunnes lasku on kokonaan maksettu. Takuu on yleens\u00e4 1 vuosi ammattik\u00e4ytt\u00f6\u00f6n tarkoitetuilla mittalaitteilla, pois lukien kulutusosat. Takuun my\u00f6nt\u00e4\u00e4 tuotteen valmistaja. Rahdit eiv\u00e4t sis\u00e4lly takuun piiriin, my\u00f6s tarkastusmaksuja voi tulla valmistajalta tapauksesta riippuen. Voimme veloittaa noutomaksun, mik\u00e4li meille l\u00e4hetetty tuote ohjautuu johonkin noutopisteeseen. Maksumuistutus on kuluton, mutta maksuvaatimuksesta veloitamme 20\u20ac\/kerta. Myymme p\u00e4asiassa ammattik\u00e4ytt\u00f6\u00f6n yrityksille ja kaikki ilmoittamamme hinnat ovat arvolis\u00e4verottomia.\r\nIlmoitetut toimitusajat ovat arvioita ja voivat muuttua meist\u00e4 riippumattomista syist\u00e4.<\/p>\r\n<p style=\"font-weight: 400;\">Matti Kaartinen\r\n+358400304779\r\n<a href=\"mailto:matti.kaartinen@aimtec.fi\">matti.kaartinen(a)aimtec.fi<\/a>\r\nAimtec Finland Oy\r\nSarkatie 2\r\n01720 Vantaa<\/p>","_et_gb_content_width":"","inline_featured_image":false,"footnotes":"","_links_to":"","_links_to_target":""},"categories":[],"tags":[],"class_list":["post-17732","page","type-page","status-publish","hentry"],"acf":[],"_links":{"self":[{"href":"https:\/\/aimtec.fi\/en\/wp-json\/wp\/v2\/pages\/17732","targetHints":{"allow":["GET"]}}],"collection":[{"href":"https:\/\/aimtec.fi\/en\/wp-json\/wp\/v2\/pages"}],"about":[{"href":"https:\/\/aimtec.fi\/en\/wp-json\/wp\/v2\/types\/page"}],"author":[{"embeddable":true,"href":"https:\/\/aimtec.fi\/en\/wp-json\/wp\/v2\/users\/12"}],"replies":[{"embeddable":true,"href":"https:\/\/aimtec.fi\/en\/wp-json\/wp\/v2\/comments?post=17732"}],"version-history":[{"count":4,"href":"https:\/\/aimtec.fi\/en\/wp-json\/wp\/v2\/pages\/17732\/revisions"}],"predecessor-version":[{"id":17775,"href":"https:\/\/aimtec.fi\/en\/wp-json\/wp\/v2\/pages\/17732\/revisions\/17775"}],"wp:attachment":[{"href":"https:\/\/aimtec.fi\/en\/wp-json\/wp\/v2\/media?parent=17732"}],"wp:term":[{"taxonomy":"category","embeddable":true,"href":"https:\/\/aimtec.fi\/en\/wp-json\/wp\/v2\/categories?post=17732"},{"taxonomy":"post_tag","embeddable":true,"href":"https:\/\/aimtec.fi\/en\/wp-json\/wp\/v2\/tags?post=17732"}],"curies":[{"name":"wp","href":"https:\/\/api.w.org\/{rel}","templated":true}]}}