{"id":17738,"date":"2023-11-15T09:29:36","date_gmt":"2023-11-15T07:29:36","guid":{"rendered":"https:\/\/aimtec.fi\/?page_id=17738"},"modified":"2023-11-22T10:40:24","modified_gmt":"2023-11-22T08:40:24","slug":"wohler-a-450-savukaasuanalysaattori","status":"publish","type":"page","link":"https:\/\/aimtec.fi\/en\/savukaasuanalysaattorit\/wohler-a-450-savukaasuanalysaattori\/","title":{"rendered":"W\u00d6HLER A 450 savukaasuanalysaattori"},"content":{"rendered":"<p><strong>W\u00d6HLER A 450 -savukaasuanalysaattori \u2013 kompakti, kest\u00e4v\u00e4, t\u00e4ynn\u00e4 \u00e4lykk\u00e4it\u00e4 toimintoja<\/strong><\/p>\n<p>T\u00e4ss\u00e4 W\u00f6hler loistaa: Kohtuuhintainen savukaasuanalysaattori, joka tarjoaa kaikki mittaus- ja viritystoiminnot. Pieni ja kevyt analysaattori, joka on suljettu katseenvangitsijaan, kest\u00e4v\u00e4\u00e4n koteloon. W\u00f6hler A 450 on k\u00e4dess\u00e4 pidett\u00e4v\u00e4 laite, jossa on kosketusn\u00e4ytt\u00f6. N\u00e4yt\u00e4 kaikki mittaustiedot suurella n\u00e4yt\u00f6ll\u00e4 tai liit\u00e4 laite, ja katso tulokset mobiililaitteillasi.<\/p>\n<p><strong>Mittausalueet:<br \/>\n<\/strong>CO kenno: 0,00\u202610.000 ppm<br \/>\nO2 kenno: 0.00\u202621.00 %<br \/>\nNO kenno: valinnainen 3.000 ppm<\/p>\n<p>Tarkemmat tekniset yksityiskohdat l\u00f6ytyv\u00e4t alempaa sek\u00e4 ladattavasta esitteest\u00e4 (en).<\/p>","protected":false},"excerpt":{"rendered":"<p>W\u00d6HLER A 450 -savukaasuanalysaattori \u2013 kompakti, kest\u00e4v\u00e4, t\u00e4ynn\u00e4 \u00e4lykk\u00e4it\u00e4 toimintoja T\u00e4ss\u00e4 W\u00f6hler loistaa: Kohtuuhintainen savukaasuanalysaattori, joka tarjoaa kaikki mittaus- ja viritystoiminnot. Pieni ja kevyt analysaattori, joka on suljettu katseenvangitsijaan, kest\u00e4v\u00e4\u00e4n koteloon. W\u00f6hler A 450 on k\u00e4dess\u00e4 pidett\u00e4v\u00e4 laite, jossa on kosketusn\u00e4ytt\u00f6. N\u00e4yt\u00e4 kaikki mittaustiedot suurella n\u00e4yt\u00f6ll\u00e4 tai liit\u00e4 laite, ja katso tulokset mobiililaitteillasi. Mittausalueet: CO&#8230;<\/p>","protected":false},"author":13,"featured_media":17740,"parent":3082,"menu_order":0,"comment_status":"closed","ping_status":"closed","template":"tuote.php","meta":{"_acf_changed":false,"_seopress_robots_primary_cat":"","_seopress_titles_title":"","_seopress_titles_desc":"","_seopress_robots_index":"","_et_pb_use_builder":"","_et_pb_old_content":"","_et_gb_content_width":"","inline_featured_image":false,"footnotes":"","_links_to":"","_links_to_target":""},"categories":[],"tags":[],"class_list":["post-17738","page","type-page","status-publish","has-post-thumbnail","hentry"],"acf":[],"_links":{"self":[{"href":"https:\/\/aimtec.fi\/en\/wp-json\/wp\/v2\/pages\/17738","targetHints":{"allow":["GET"]}}],"collection":[{"href":"https:\/\/aimtec.fi\/en\/wp-json\/wp\/v2\/pages"}],"about":[{"href":"https:\/\/aimtec.fi\/en\/wp-json\/wp\/v2\/types\/page"}],"author":[{"embeddable":true,"href":"https:\/\/aimtec.fi\/en\/wp-json\/wp\/v2\/users\/13"}],"replies":[{"embeddable":true,"href":"https:\/\/aimtec.fi\/en\/wp-json\/wp\/v2\/comments?post=17738"}],"version-history":[{"count":8,"href":"https:\/\/aimtec.fi\/en\/wp-json\/wp\/v2\/pages\/17738\/revisions"}],"predecessor-version":[{"id":17765,"href":"https:\/\/aimtec.fi\/en\/wp-json\/wp\/v2\/pages\/17738\/revisions\/17765"}],"up":[{"embeddable":true,"href":"https:\/\/aimtec.fi\/en\/wp-json\/wp\/v2\/pages\/3082"}],"wp:featuredmedia":[{"embeddable":true,"href":"https:\/\/aimtec.fi\/en\/wp-json\/wp\/v2\/media\/17740"}],"wp:attachment":[{"href":"https:\/\/aimtec.fi\/en\/wp-json\/wp\/v2\/media?parent=17738"}],"wp:term":[{"taxonomy":"category","embeddable":true,"href":"https:\/\/aimtec.fi\/en\/wp-json\/wp\/v2\/categories?post=17738"},{"taxonomy":"post_tag","embeddable":true,"href":"https:\/\/aimtec.fi\/en\/wp-json\/wp\/v2\/tags?post=17738"}],"curies":[{"name":"wp","href":"https:\/\/api.w.org\/{rel}","templated":true}]}}