{"id":17803,"date":"2024-01-25T14:05:54","date_gmt":"2024-01-25T12:05:54","guid":{"rendered":"https:\/\/aimtec.fi\/?page_id=17803"},"modified":"2024-02-01T09:33:52","modified_gmt":"2024-02-01T07:33:52","slug":"sauermann-si-c320-monitoimilahetin","status":"publish","type":"page","link":"https:\/\/aimtec.fi\/en\/lahettimet\/sauermann-si-c320-monitoimilahetin\/","title":{"rendered":"SAUERMANN \u2013 Si-C320 monitoimil\u00e4hetin"},"content":{"rendered":"<p><span class=\"y2iqfc\">KIMO C 310:n seuraaja.<\/span><\/p>\n<p><span class=\"y2iqfc\">Monitoimil\u00e4hetin, jolla voi mallista riippuen mitata paine-eroa, kosteutta, VOC-arvoja, CO- ja CO2-arvoja ym.<br \/>\n<\/span><\/p>\n<p><span class=\"y2iqfc\">Puhdashuoneet, teollisuus ja laboratoriot, joissa tarvitaan t\u00e4ydellist\u00e4 ilmaparametrien s\u00e4\u00e4t\u00f6\u00e4\/seurantaa.<br \/>\n<\/span><\/p>","protected":false},"excerpt":{"rendered":"<p>KIMO C 310:n seuraaja. Monitoimil\u00e4hetin, jolla voi mallista riippuen mitata paine-eroa, kosteutta, VOC-arvoja, CO- ja CO2-arvoja ym. Puhdashuoneet, teollisuus ja laboratoriot, joissa tarvitaan t\u00e4ydellist\u00e4 ilmaparametrien s\u00e4\u00e4t\u00f6\u00e4\/seurantaa.<\/p>","protected":false},"author":13,"featured_media":17806,"parent":3070,"menu_order":0,"comment_status":"closed","ping_status":"closed","template":"tuote.php","meta":{"_acf_changed":false,"_seopress_robots_primary_cat":"","_seopress_titles_title":"","_seopress_titles_desc":"","_seopress_robots_index":"","_et_pb_use_builder":"","_et_pb_old_content":"","_et_gb_content_width":"","inline_featured_image":false,"footnotes":"","_links_to":"","_links_to_target":""},"categories":[12],"tags":[],"class_list":["post-17803","page","type-page","status-publish","has-post-thumbnail","hentry","category-tuote"],"acf":[],"_links":{"self":[{"href":"https:\/\/aimtec.fi\/en\/wp-json\/wp\/v2\/pages\/17803","targetHints":{"allow":["GET"]}}],"collection":[{"href":"https:\/\/aimtec.fi\/en\/wp-json\/wp\/v2\/pages"}],"about":[{"href":"https:\/\/aimtec.fi\/en\/wp-json\/wp\/v2\/types\/page"}],"author":[{"embeddable":true,"href":"https:\/\/aimtec.fi\/en\/wp-json\/wp\/v2\/users\/13"}],"replies":[{"embeddable":true,"href":"https:\/\/aimtec.fi\/en\/wp-json\/wp\/v2\/comments?post=17803"}],"version-history":[{"count":12,"href":"https:\/\/aimtec.fi\/en\/wp-json\/wp\/v2\/pages\/17803\/revisions"}],"predecessor-version":[{"id":17850,"href":"https:\/\/aimtec.fi\/en\/wp-json\/wp\/v2\/pages\/17803\/revisions\/17850"}],"up":[{"embeddable":true,"href":"https:\/\/aimtec.fi\/en\/wp-json\/wp\/v2\/pages\/3070"}],"wp:featuredmedia":[{"embeddable":true,"href":"https:\/\/aimtec.fi\/en\/wp-json\/wp\/v2\/media\/17806"}],"wp:attachment":[{"href":"https:\/\/aimtec.fi\/en\/wp-json\/wp\/v2\/media?parent=17803"}],"wp:term":[{"taxonomy":"category","embeddable":true,"href":"https:\/\/aimtec.fi\/en\/wp-json\/wp\/v2\/categories?post=17803"},{"taxonomy":"post_tag","embeddable":true,"href":"https:\/\/aimtec.fi\/en\/wp-json\/wp\/v2\/tags?post=17803"}],"curies":[{"name":"wp","href":"https:\/\/api.w.org\/{rel}","templated":true}]}}