{"id":17812,"date":"2024-01-25T15:10:51","date_gmt":"2024-01-25T13:10:51","guid":{"rendered":"https:\/\/aimtec.fi\/?page_id=17812"},"modified":"2026-02-13T13:24:54","modified_gmt":"2026-02-13T11:24:54","slug":"sauermann-si-cpe320-seinalahetin","status":"publish","type":"page","link":"https:\/\/aimtec.fi\/en\/lahettimet\/sauermann-si-cpe320-seinalahetin\/","title":{"rendered":"SAUERMANN &#8211; Si-CPE320 sein\u00e4l\u00e4hetin"},"content":{"rendered":"<p><span class=\"y2iqfc\">Puhdastiloihin ja s\u00e4\u00e4nneltyihin ymp\u00e4rist\u00f6ihin soveltuva <\/span><span class=\"y2iqfc\">KIMO CPE 310:n kehitellympi versio. Sen etupuoli on valmistettu korkealaatuisesta ruostumattomasta ter\u00e4ksest\u00e4, joka on vedenpit\u00e4v\u00e4 integroidulla kosketusn\u00e4yt\u00f6ll\u00e4.<br \/>\n<\/span><\/p>\n<p><span class=\"y2iqfc\">T\u00e4m\u00e4 paneeliin asennettava versio on varustettu samoilla tekniikoilla kuin Si-C320 ja se tarjoaa huippuluokan luotettavuuden ja tarkkuuden.<br \/>\nMittaukset voidaan tallentaa ja ladata Sauermann Control -sovelluksen kautta.<\/span><\/p>","protected":false},"excerpt":{"rendered":"<p>Puhdastiloihin ja s\u00e4\u00e4nneltyihin ymp\u00e4rist\u00f6ihin soveltuva KIMO CPE 310:n kehitellympi versio. Sen etupuoli on valmistettu korkealaatuisesta ruostumattomasta ter\u00e4ksest\u00e4, joka on vedenpit\u00e4v\u00e4 integroidulla kosketusn\u00e4yt\u00f6ll\u00e4. T\u00e4m\u00e4 paneeliin asennettava versio on varustettu samoilla tekniikoilla kuin Si-C320 ja se tarjoaa huippuluokan luotettavuuden ja tarkkuuden. Mittaukset voidaan tallentaa ja ladata Sauermann Control -sovelluksen kautta.<\/p>","protected":false},"author":13,"featured_media":17815,"parent":3070,"menu_order":0,"comment_status":"closed","ping_status":"closed","template":"tuote.php","meta":{"_acf_changed":false,"_seopress_robots_primary_cat":"","_seopress_titles_title":"","_seopress_titles_desc":"","_seopress_robots_index":"","_et_pb_use_builder":"","_et_pb_old_content":"","_et_gb_content_width":"","inline_featured_image":false,"footnotes":"","_links_to":"","_links_to_target":""},"categories":[12],"tags":[],"class_list":["post-17812","page","type-page","status-publish","has-post-thumbnail","hentry","category-tuote"],"acf":[],"_links":{"self":[{"href":"https:\/\/aimtec.fi\/en\/wp-json\/wp\/v2\/pages\/17812","targetHints":{"allow":["GET"]}}],"collection":[{"href":"https:\/\/aimtec.fi\/en\/wp-json\/wp\/v2\/pages"}],"about":[{"href":"https:\/\/aimtec.fi\/en\/wp-json\/wp\/v2\/types\/page"}],"author":[{"embeddable":true,"href":"https:\/\/aimtec.fi\/en\/wp-json\/wp\/v2\/users\/13"}],"replies":[{"embeddable":true,"href":"https:\/\/aimtec.fi\/en\/wp-json\/wp\/v2\/comments?post=17812"}],"version-history":[{"count":10,"href":"https:\/\/aimtec.fi\/en\/wp-json\/wp\/v2\/pages\/17812\/revisions"}],"predecessor-version":[{"id":17849,"href":"https:\/\/aimtec.fi\/en\/wp-json\/wp\/v2\/pages\/17812\/revisions\/17849"}],"up":[{"embeddable":true,"href":"https:\/\/aimtec.fi\/en\/wp-json\/wp\/v2\/pages\/3070"}],"wp:featuredmedia":[{"embeddable":true,"href":"https:\/\/aimtec.fi\/en\/wp-json\/wp\/v2\/media\/17815"}],"wp:attachment":[{"href":"https:\/\/aimtec.fi\/en\/wp-json\/wp\/v2\/media?parent=17812"}],"wp:term":[{"taxonomy":"category","embeddable":true,"href":"https:\/\/aimtec.fi\/en\/wp-json\/wp\/v2\/categories?post=17812"},{"taxonomy":"post_tag","embeddable":true,"href":"https:\/\/aimtec.fi\/en\/wp-json\/wp\/v2\/tags?post=17812"}],"curies":[{"name":"wp","href":"https:\/\/api.w.org\/{rel}","templated":true}]}}