{"id":17916,"date":"2024-04-08T12:34:46","date_gmt":"2024-04-08T09:34:46","guid":{"rendered":"https:\/\/aimtec.fi\/?page_id=17916"},"modified":"2024-04-08T12:44:35","modified_gmt":"2024-04-08T09:44:35","slug":"sauermann-si-ca-030-savukaasuanalysaattori","status":"publish","type":"page","link":"https:\/\/aimtec.fi\/en\/savukaasuanalysaattorit\/sauermann-si-ca-030-savukaasuanalysaattori\/","title":{"rendered":"SAUERMANN Si-CA 030 savukaasuanalysaattori"},"content":{"rendered":"<div class=\"field field-name-body field-type-text-with-summary field-label-hidden\">\n<div class=\"field-items\">\n<div class=\"field-item even\">\n<p>Sauermann tarjoaa valikoiman kompakteja ja intuitiivisia analysaattoreita suorituskyvyn parantamiseksi. Sauermannin savukaasuanalysaattoreissa on uusimmat digitaaliset ja metrologiset tekniikat, mik\u00e4 tekee mittauksista luotettavampia ja v\u00e4hent\u00e4\u00e4 aikaa, jonka l\u00e4mmitysinsin\u00f6\u00f6rit tarvitsevat paikan p\u00e4\u00e4ll\u00e4. K\u00e4ytt\u00f6kokemus vertaansa vailla!<\/p>\n<p>Si-CA 030 tarjoaa kaiken, mit\u00e4 l\u00e4mmitysinsin\u00f6\u00f6rit tarvitsevat asuin- ja kaupallisten kattiloiden tarkastamiseen ja kunnossapitoon, langattoman yhteyden \u00e4lypuhelinsovellukseemme ja automaattisen huoltoraporttien ja sertifikaattien luomisen.<\/p>\n<\/div>\n<\/div>\n<\/div>","protected":false},"excerpt":{"rendered":"<p>Sauermann tarjoaa valikoiman kompakteja ja intuitiivisia analysaattoreita suorituskyvyn parantamiseksi. Sauermannin savukaasuanalysaattoreissa on uusimmat digitaaliset ja metrologiset tekniikat, mik\u00e4 tekee mittauksista luotettavampia ja v\u00e4hent\u00e4\u00e4 aikaa, jonka l\u00e4mmitysinsin\u00f6\u00f6rit tarvitsevat paikan p\u00e4\u00e4ll\u00e4. K\u00e4ytt\u00f6kokemus vertaansa vailla! Si-CA 030 tarjoaa kaiken, mit\u00e4 l\u00e4mmitysinsin\u00f6\u00f6rit tarvitsevat asuin- ja kaupallisten kattiloiden tarkastamiseen ja kunnossapitoon, langattoman yhteyden \u00e4lypuhelinsovellukseemme ja automaattisen huoltoraporttien ja sertifikaattien luomisen.<\/p>","protected":false},"author":13,"featured_media":17911,"parent":3082,"menu_order":0,"comment_status":"closed","ping_status":"closed","template":"tuote.php","meta":{"_acf_changed":false,"_seopress_robots_primary_cat":"","_seopress_titles_title":"","_seopress_titles_desc":"","_seopress_robots_index":"","_et_pb_use_builder":"","_et_pb_old_content":"","_et_gb_content_width":"","inline_featured_image":false,"footnotes":"","_links_to":"","_links_to_target":""},"categories":[],"tags":[],"class_list":["post-17916","page","type-page","status-publish","has-post-thumbnail","hentry"],"acf":[],"_links":{"self":[{"href":"https:\/\/aimtec.fi\/en\/wp-json\/wp\/v2\/pages\/17916","targetHints":{"allow":["GET"]}}],"collection":[{"href":"https:\/\/aimtec.fi\/en\/wp-json\/wp\/v2\/pages"}],"about":[{"href":"https:\/\/aimtec.fi\/en\/wp-json\/wp\/v2\/types\/page"}],"author":[{"embeddable":true,"href":"https:\/\/aimtec.fi\/en\/wp-json\/wp\/v2\/users\/13"}],"replies":[{"embeddable":true,"href":"https:\/\/aimtec.fi\/en\/wp-json\/wp\/v2\/comments?post=17916"}],"version-history":[{"count":3,"href":"https:\/\/aimtec.fi\/en\/wp-json\/wp\/v2\/pages\/17916\/revisions"}],"predecessor-version":[{"id":17921,"href":"https:\/\/aimtec.fi\/en\/wp-json\/wp\/v2\/pages\/17916\/revisions\/17921"}],"up":[{"embeddable":true,"href":"https:\/\/aimtec.fi\/en\/wp-json\/wp\/v2\/pages\/3082"}],"wp:featuredmedia":[{"embeddable":true,"href":"https:\/\/aimtec.fi\/en\/wp-json\/wp\/v2\/media\/17911"}],"wp:attachment":[{"href":"https:\/\/aimtec.fi\/en\/wp-json\/wp\/v2\/media?parent=17916"}],"wp:term":[{"taxonomy":"category","embeddable":true,"href":"https:\/\/aimtec.fi\/en\/wp-json\/wp\/v2\/categories?post=17916"},{"taxonomy":"post_tag","embeddable":true,"href":"https:\/\/aimtec.fi\/en\/wp-json\/wp\/v2\/tags?post=17916"}],"curies":[{"name":"wp","href":"https:\/\/api.w.org\/{rel}","templated":true}]}}