{"id":17919,"date":"2024-04-08T12:42:17","date_gmt":"2024-04-08T09:42:17","guid":{"rendered":"https:\/\/aimtec.fi\/?page_id=17919"},"modified":"2024-04-08T12:42:17","modified_gmt":"2024-04-08T09:42:17","slug":"sauermann-si-ca-130-savukaasuanalysaattori-2","status":"publish","type":"page","link":"https:\/\/aimtec.fi\/en\/savukaasuanalysaattorit\/sauermann-si-ca-130-savukaasuanalysaattori-2\/","title":{"rendered":"SAUERMANN Si-CA 130 savukaasuanalysaattori"},"content":{"rendered":"<div class=\"field field-name-body field-type-text-with-summary field-label-hidden\">\n<div class=\"field-items\">\n<div class=\"field-item even\">\n<p>Sauermann tarjoaa valikoiman kompakteja ja intuitiivisia analysaattoreita suorituskyvyn parantamiseksi. Sauermannin savukaasuanalysaattoreissa on uusimmat digitaaliset ja metrologiset tekniikat, mik\u00e4 tekee mittauksista luotettavampia ja v\u00e4hent\u00e4\u00e4 aikaa, jonka l\u00e4mmitysinsin\u00f6\u00f6rit tarvitsevat paikan p\u00e4\u00e4ll\u00e4. K\u00e4ytt\u00f6kokemus vertaansa vailla!<\/p>\n<p>Si-CA 130:ssa on kosketusn\u00e4ytt\u00f6 ja PC-pohjainen hallintaohjelmisto (\u00e4lypuhelinsovelluksen lis\u00e4ksi) syvemp\u00e4\u00e4n palamiskaasuanalyysiin. Kolme kent\u00e4ll\u00e4 vaihdettavaa kennoa ja anturia tarjoavat laajemmat mittausmahdollisuudet.<\/p>\n<\/div>\n<\/div>\n<\/div>","protected":false},"excerpt":{"rendered":"<p>Sauermann tarjoaa valikoiman kompakteja ja intuitiivisia analysaattoreita suorituskyvyn parantamiseksi. Sauermannin savukaasuanalysaattoreissa on uusimmat digitaaliset ja metrologiset tekniikat, mik\u00e4 tekee mittauksista luotettavampia ja v\u00e4hent\u00e4\u00e4 aikaa, jonka l\u00e4mmitysinsin\u00f6\u00f6rit tarvitsevat paikan p\u00e4\u00e4ll\u00e4. K\u00e4ytt\u00f6kokemus vertaansa vailla! Si-CA 130:ssa on kosketusn\u00e4ytt\u00f6 ja PC-pohjainen hallintaohjelmisto (\u00e4lypuhelinsovelluksen lis\u00e4ksi) syvemp\u00e4\u00e4n palamiskaasuanalyysiin. Kolme kent\u00e4ll\u00e4 vaihdettavaa kennoa ja anturia tarjoavat laajemmat mittausmahdollisuudet.<\/p>","protected":false},"author":13,"featured_media":17912,"parent":3082,"menu_order":0,"comment_status":"closed","ping_status":"closed","template":"tuote.php","meta":{"_acf_changed":false,"_seopress_robots_primary_cat":"","_seopress_titles_title":"","_seopress_titles_desc":"","_seopress_robots_index":"","_et_pb_use_builder":"","_et_pb_old_content":"","_et_gb_content_width":"","inline_featured_image":false,"footnotes":"","_links_to":"","_links_to_target":""},"categories":[],"tags":[],"class_list":["post-17919","page","type-page","status-publish","has-post-thumbnail","hentry"],"acf":[],"_links":{"self":[{"href":"https:\/\/aimtec.fi\/en\/wp-json\/wp\/v2\/pages\/17919","targetHints":{"allow":["GET"]}}],"collection":[{"href":"https:\/\/aimtec.fi\/en\/wp-json\/wp\/v2\/pages"}],"about":[{"href":"https:\/\/aimtec.fi\/en\/wp-json\/wp\/v2\/types\/page"}],"author":[{"embeddable":true,"href":"https:\/\/aimtec.fi\/en\/wp-json\/wp\/v2\/users\/13"}],"replies":[{"embeddable":true,"href":"https:\/\/aimtec.fi\/en\/wp-json\/wp\/v2\/comments?post=17919"}],"version-history":[{"count":1,"href":"https:\/\/aimtec.fi\/en\/wp-json\/wp\/v2\/pages\/17919\/revisions"}],"predecessor-version":[{"id":17920,"href":"https:\/\/aimtec.fi\/en\/wp-json\/wp\/v2\/pages\/17919\/revisions\/17920"}],"up":[{"embeddable":true,"href":"https:\/\/aimtec.fi\/en\/wp-json\/wp\/v2\/pages\/3082"}],"wp:featuredmedia":[{"embeddable":true,"href":"https:\/\/aimtec.fi\/en\/wp-json\/wp\/v2\/media\/17912"}],"wp:attachment":[{"href":"https:\/\/aimtec.fi\/en\/wp-json\/wp\/v2\/media?parent=17919"}],"wp:term":[{"taxonomy":"category","embeddable":true,"href":"https:\/\/aimtec.fi\/en\/wp-json\/wp\/v2\/categories?post=17919"},{"taxonomy":"post_tag","embeddable":true,"href":"https:\/\/aimtec.fi\/en\/wp-json\/wp\/v2\/tags?post=17919"}],"curies":[{"name":"wp","href":"https:\/\/api.w.org\/{rel}","templated":true}]}}