{"id":17922,"date":"2024-04-08T12:48:37","date_gmt":"2024-04-08T09:48:37","guid":{"rendered":"https:\/\/aimtec.fi\/?page_id=17922"},"modified":"2024-04-08T12:48:37","modified_gmt":"2024-04-08T09:48:37","slug":"sauermann-si-ca-230-savukaasuanalysaattori","status":"publish","type":"page","link":"https:\/\/aimtec.fi\/en\/savukaasuanalysaattorit\/sauermann-si-ca-230-savukaasuanalysaattori\/","title":{"rendered":"SAUERMANN Si-CA 230 savukaasuanalysaattori"},"content":{"rendered":"<div class=\"field field-name-body field-type-text-with-summary field-label-hidden\">\n<div class=\"field-items\">\n<div class=\"field-item even\">\n<p>Sauermann tarjoaa valikoiman kompakteja ja intuitiivisia analysaattoreita suorituskyvyn parantamiseksi. Sauermannin savukaasuanalysaattoreissa on uusimmat digitaaliset ja metrologiset tekniikat, mik\u00e4 tekee mittauksista luotettavampia ja v\u00e4hent\u00e4\u00e4 aikaa, jonka l\u00e4mmitysinsin\u00f6\u00f6rit tarvitsevat paikan p\u00e4\u00e4ll\u00e4. K\u00e4ytt\u00f6kokemus vertaansa vailla!<\/p>\n<p>Kaksinkertaisella kennom\u00e4\u00e4r\u00e4ll\u00e4 ja laajennetuilla mittausominaisuuksilla <strong>Si-CA 230<\/strong> sopii tehokkaimpiin teollisuuskoneisiin. Ja koska se tukee enemm\u00e4n kaasuja ja korkeaa CO-toleranssikynnyst\u00e4, sen monipuolisuus tekee siit\u00e4 ihanteellisen valinnan asuin-, kaupallisiin ja teollisiin sovelluksiin.<\/p>\n<\/div>\n<\/div>\n<\/div>","protected":false},"excerpt":{"rendered":"<p>Sauermann tarjoaa valikoiman kompakteja ja intuitiivisia analysaattoreita suorituskyvyn parantamiseksi. Sauermannin savukaasuanalysaattoreissa on uusimmat digitaaliset ja metrologiset tekniikat, mik\u00e4 tekee mittauksista luotettavampia ja v\u00e4hent\u00e4\u00e4 aikaa, jonka l\u00e4mmitysinsin\u00f6\u00f6rit tarvitsevat paikan p\u00e4\u00e4ll\u00e4. K\u00e4ytt\u00f6kokemus vertaansa vailla! Kaksinkertaisella kennom\u00e4\u00e4r\u00e4ll\u00e4 ja laajennetuilla mittausominaisuuksilla Si-CA 230 sopii tehokkaimpiin teollisuuskoneisiin. Ja koska se tukee enemm\u00e4n kaasuja ja korkeaa CO-toleranssikynnyst\u00e4, sen monipuolisuus tekee siit\u00e4&#8230;<\/p>","protected":false},"author":13,"featured_media":17913,"parent":3082,"menu_order":0,"comment_status":"closed","ping_status":"closed","template":"tuote.php","meta":{"_acf_changed":false,"_seopress_robots_primary_cat":"","_seopress_titles_title":"","_seopress_titles_desc":"","_seopress_robots_index":"","_et_pb_use_builder":"","_et_pb_old_content":"","_et_gb_content_width":"","inline_featured_image":false,"footnotes":"","_links_to":"","_links_to_target":""},"categories":[],"tags":[],"class_list":["post-17922","page","type-page","status-publish","has-post-thumbnail","hentry"],"acf":[],"_links":{"self":[{"href":"https:\/\/aimtec.fi\/en\/wp-json\/wp\/v2\/pages\/17922","targetHints":{"allow":["GET"]}}],"collection":[{"href":"https:\/\/aimtec.fi\/en\/wp-json\/wp\/v2\/pages"}],"about":[{"href":"https:\/\/aimtec.fi\/en\/wp-json\/wp\/v2\/types\/page"}],"author":[{"embeddable":true,"href":"https:\/\/aimtec.fi\/en\/wp-json\/wp\/v2\/users\/13"}],"replies":[{"embeddable":true,"href":"https:\/\/aimtec.fi\/en\/wp-json\/wp\/v2\/comments?post=17922"}],"version-history":[{"count":1,"href":"https:\/\/aimtec.fi\/en\/wp-json\/wp\/v2\/pages\/17922\/revisions"}],"predecessor-version":[{"id":17923,"href":"https:\/\/aimtec.fi\/en\/wp-json\/wp\/v2\/pages\/17922\/revisions\/17923"}],"up":[{"embeddable":true,"href":"https:\/\/aimtec.fi\/en\/wp-json\/wp\/v2\/pages\/3082"}],"wp:featuredmedia":[{"embeddable":true,"href":"https:\/\/aimtec.fi\/en\/wp-json\/wp\/v2\/media\/17913"}],"wp:attachment":[{"href":"https:\/\/aimtec.fi\/en\/wp-json\/wp\/v2\/media?parent=17922"}],"wp:term":[{"taxonomy":"category","embeddable":true,"href":"https:\/\/aimtec.fi\/en\/wp-json\/wp\/v2\/categories?post=17922"},{"taxonomy":"post_tag","embeddable":true,"href":"https:\/\/aimtec.fi\/en\/wp-json\/wp\/v2\/tags?post=17922"}],"curies":[{"name":"wp","href":"https:\/\/api.w.org\/{rel}","templated":true}]}}