{"id":17932,"date":"2024-04-16T14:17:54","date_gmt":"2024-04-16T11:17:54","guid":{"rendered":"https:\/\/aimtec.fi\/?page_id=17932"},"modified":"2024-04-16T14:17:54","modified_gmt":"2024-04-16T11:17:54","slug":"wohler-ve-500-hd-videoendoskooppi-2","status":"publish","type":"page","link":"https:\/\/aimtec.fi\/en\/endoskoopit\/wohler-ve-500-hd-videoendoskooppi-2\/","title":{"rendered":"Uutuus! W\u00f6hler &#8211; VE 500 HD-videoendoskooppi"},"content":{"rendered":"<p>W\u00f6hler VE 500 endoskoopissa on kristallinkirkas, suuri 7&#8243; HD v\u00e4rin\u00e4ytt\u00f6 jaetun n\u00e4yt\u00f6n tilalla. Jaetulla n\u00e4yt\u00f6ll\u00e4 voit n\u00e4ytt\u00e4\u00e4 yhdistelm\u00e4anturista molemmat kamerakuvat samanaikaisesti \u2013 n\u00e4et ne yhdell\u00e4 silm\u00e4yksell\u00e4.<\/p>\n<p>Kamerasondeja on saatavana aina 10 m saakka. Vaikeap\u00e4\u00e4syisten onteloiden tarkastus onnistuu pienist\u00e4 aukoista alkaen \u00d8 6 mm. Jalusta ja magneettikiinnityskierre varmistavat, ett\u00e4 k\u00e4det ovat vapaana kaikilla k\u00e4ytt\u00f6alueilla.<\/p>\n<p>&nbsp;<\/p>\n<p>Ominaisuudet mm:<\/p>\n<ul>\n<li>kamerap\u00e4iden suojausluokitus IP 67<\/li>\n<li>videon ja kuvan resoluutio max. 1920 x 1080 px<\/li>\n<li>kuvien ja videoiden suora l\u00e4hetys \u00e4lypuhelimen\/tabletin &#8221;jakotoiminnon&#8221; kautta<\/li>\n<li>kuva- ja videotiedostojen tallentaminen sis\u00e4iseen muistiin kortilla tai mobiililaitteella<\/li>\n<li>integroitu jalusta<\/li>\n<li>jaetun n\u00e4yt\u00f6n tila<\/li>\n<li>ylim\u00e4\u00e4r\u00e4inen endoskoopin LED-lamppu valaisemaan tarkastusaluetta<\/li>\n<\/ul>","protected":false},"excerpt":{"rendered":"<p>W\u00f6hler VE 500 endoskoopissa on kristallinkirkas, suuri 7&#8243; HD v\u00e4rin\u00e4ytt\u00f6 jaetun n\u00e4yt\u00f6n tilalla. Jaetulla n\u00e4yt\u00f6ll\u00e4 voit n\u00e4ytt\u00e4\u00e4 yhdistelm\u00e4anturista molemmat kamerakuvat samanaikaisesti \u2013 n\u00e4et ne yhdell\u00e4 silm\u00e4yksell\u00e4. Kamerasondeja on saatavana aina 10 m saakka. Vaikeap\u00e4\u00e4syisten onteloiden tarkastus onnistuu pienist\u00e4 aukoista alkaen \u00d8 6 mm. Jalusta ja magneettikiinnityskierre varmistavat, ett\u00e4 k\u00e4det ovat vapaana kaikilla k\u00e4ytt\u00f6alueilla. &nbsp; Ominaisuudet&#8230;<\/p>","protected":false},"author":13,"featured_media":17930,"parent":2994,"menu_order":0,"comment_status":"closed","ping_status":"closed","template":"tuote.php","meta":{"_acf_changed":false,"_seopress_robots_primary_cat":"","_seopress_titles_title":"","_seopress_titles_desc":"","_seopress_robots_index":"","_et_pb_use_builder":"off","_et_pb_old_content":"","_et_gb_content_width":"","inline_featured_image":false,"footnotes":"","_links_to":"","_links_to_target":""},"categories":[12],"tags":[],"class_list":["post-17932","page","type-page","status-publish","has-post-thumbnail","hentry","category-tuote"],"acf":[],"_links":{"self":[{"href":"https:\/\/aimtec.fi\/en\/wp-json\/wp\/v2\/pages\/17932","targetHints":{"allow":["GET"]}}],"collection":[{"href":"https:\/\/aimtec.fi\/en\/wp-json\/wp\/v2\/pages"}],"about":[{"href":"https:\/\/aimtec.fi\/en\/wp-json\/wp\/v2\/types\/page"}],"author":[{"embeddable":true,"href":"https:\/\/aimtec.fi\/en\/wp-json\/wp\/v2\/users\/13"}],"replies":[{"embeddable":true,"href":"https:\/\/aimtec.fi\/en\/wp-json\/wp\/v2\/comments?post=17932"}],"version-history":[{"count":4,"href":"https:\/\/aimtec.fi\/en\/wp-json\/wp\/v2\/pages\/17932\/revisions"}],"predecessor-version":[{"id":17936,"href":"https:\/\/aimtec.fi\/en\/wp-json\/wp\/v2\/pages\/17932\/revisions\/17936"}],"up":[{"embeddable":true,"href":"https:\/\/aimtec.fi\/en\/wp-json\/wp\/v2\/pages\/2994"}],"wp:featuredmedia":[{"embeddable":true,"href":"https:\/\/aimtec.fi\/en\/wp-json\/wp\/v2\/media\/17930"}],"wp:attachment":[{"href":"https:\/\/aimtec.fi\/en\/wp-json\/wp\/v2\/media?parent=17932"}],"wp:term":[{"taxonomy":"category","embeddable":true,"href":"https:\/\/aimtec.fi\/en\/wp-json\/wp\/v2\/categories?post=17932"},{"taxonomy":"post_tag","embeddable":true,"href":"https:\/\/aimtec.fi\/en\/wp-json\/wp\/v2\/tags?post=17932"}],"curies":[{"name":"wp","href":"https:\/\/api.w.org\/{rel}","templated":true}]}}