{"id":17949,"date":"2024-04-26T13:41:28","date_gmt":"2024-04-26T10:41:28","guid":{"rendered":"https:\/\/aimtec.fi\/?page_id=17949"},"modified":"2024-04-26T15:26:25","modified_gmt":"2024-04-26T12:26:25","slug":"wohler-a-550-savukaasuanalysaattori-2","status":"publish","type":"page","link":"https:\/\/aimtec.fi\/en\/savukaasuanalysaattorit\/wohler-a-550-savukaasuanalysaattori-2\/","title":{"rendered":"W\u00d6HLER A 550 savukaasuanalysaattori"},"content":{"rendered":"<p><strong>W\u00d6HLER A 550 INDUSTRIAL -savukaasuanalysaattori \u2013 huippulaatuinen mittauslaite teollisuusk\u00e4ytt\u00f6\u00f6n<br \/>\n<\/strong><\/p>\n<p>Valmistettu kovimpia ja hankalimpia olosuhteita varten, mutta yht\u00e4 n\u00e4pp\u00e4r\u00e4 kuin \u00e4lypuhelin. Oli sitten kyse hiilivoimalasta tai jonkin teollisuusprosessin eritt\u00e4in korkeista l\u00e4mp\u00f6tiloista, W\u00f6hler A 550 takaa aina tarkimmat mahdolliset tulokset.<\/p>\n<p><strong>Mittausalueet:<br \/>\n<\/strong>O<span lang=\"EN-GB\"><sub>2<\/sub><\/span> kenno: 0,00\u202610.000 ppm<br \/>\nCO kenno: 0,00\u202610.000 ppm<br \/>\nNOx ja <span lang=\"EN-GB\" style=\"font-size: 11.0pt; line-height: 120%;\">SO<sub>2<\/sub><\/span>-mittaus 0,1 ppm tarkkuudella<\/p>\n<p>Korkeiden l\u00e4mp\u00f6tilojen anturi 1200 \u00b0C asti horminsis\u00e4isell\u00e4 sintterisuodattimella<\/p>\n<p>Tarkemmat tekniset yksityiskohdat l\u00f6ytyv\u00e4t alempaa sek\u00e4 ladattavasta esitteest\u00e4.<\/p>","protected":false},"excerpt":{"rendered":"<p>W\u00d6HLER A 550 INDUSTRIAL -savukaasuanalysaattori \u2013 huippulaatuinen mittauslaite teollisuusk\u00e4ytt\u00f6\u00f6n Valmistettu kovimpia ja hankalimpia olosuhteita varten, mutta yht\u00e4 n\u00e4pp\u00e4r\u00e4 kuin \u00e4lypuhelin. Oli sitten kyse hiilivoimalasta tai jonkin teollisuusprosessin eritt\u00e4in korkeista l\u00e4mp\u00f6tiloista, W\u00f6hler A 550 takaa aina tarkimmat mahdolliset tulokset. Mittausalueet: O2 kenno: 0,00\u202610.000 ppm CO kenno: 0,00\u202610.000 ppm NOx ja SO2-mittaus 0,1 ppm tarkkuudella Korkeiden l\u00e4mp\u00f6tilojen&#8230;<\/p>","protected":false},"author":13,"featured_media":17947,"parent":3082,"menu_order":0,"comment_status":"closed","ping_status":"closed","template":"tuote.php","meta":{"_acf_changed":false,"_seopress_robots_primary_cat":"","_seopress_titles_title":"","_seopress_titles_desc":"","_seopress_robots_index":"","_et_pb_use_builder":"","_et_pb_old_content":"","_et_gb_content_width":"","inline_featured_image":false,"footnotes":"","_links_to":"","_links_to_target":""},"categories":[],"tags":[],"class_list":["post-17949","page","type-page","status-publish","has-post-thumbnail","hentry"],"acf":[],"_links":{"self":[{"href":"https:\/\/aimtec.fi\/en\/wp-json\/wp\/v2\/pages\/17949","targetHints":{"allow":["GET"]}}],"collection":[{"href":"https:\/\/aimtec.fi\/en\/wp-json\/wp\/v2\/pages"}],"about":[{"href":"https:\/\/aimtec.fi\/en\/wp-json\/wp\/v2\/types\/page"}],"author":[{"embeddable":true,"href":"https:\/\/aimtec.fi\/en\/wp-json\/wp\/v2\/users\/13"}],"replies":[{"embeddable":true,"href":"https:\/\/aimtec.fi\/en\/wp-json\/wp\/v2\/comments?post=17949"}],"version-history":[{"count":5,"href":"https:\/\/aimtec.fi\/en\/wp-json\/wp\/v2\/pages\/17949\/revisions"}],"predecessor-version":[{"id":17954,"href":"https:\/\/aimtec.fi\/en\/wp-json\/wp\/v2\/pages\/17949\/revisions\/17954"}],"up":[{"embeddable":true,"href":"https:\/\/aimtec.fi\/en\/wp-json\/wp\/v2\/pages\/3082"}],"wp:featuredmedia":[{"embeddable":true,"href":"https:\/\/aimtec.fi\/en\/wp-json\/wp\/v2\/media\/17947"}],"wp:attachment":[{"href":"https:\/\/aimtec.fi\/en\/wp-json\/wp\/v2\/media?parent=17949"}],"wp:term":[{"taxonomy":"category","embeddable":true,"href":"https:\/\/aimtec.fi\/en\/wp-json\/wp\/v2\/categories?post=17949"},{"taxonomy":"post_tag","embeddable":true,"href":"https:\/\/aimtec.fi\/en\/wp-json\/wp\/v2\/tags?post=17949"}],"curies":[{"name":"wp","href":"https:\/\/api.w.org\/{rel}","templated":true}]}}