{"id":18013,"date":"2025-04-11T11:14:22","date_gmt":"2025-04-11T08:14:22","guid":{"rendered":"https:\/\/aimtec.fi\/?page_id=18013"},"modified":"2025-04-11T11:14:22","modified_gmt":"2025-04-11T08:14:22","slug":"irt8-infrapunalampomittari","status":"publish","type":"page","link":"https:\/\/aimtec.fi\/en\/lampotilamittarit\/irt8-infrapunalampomittari\/","title":{"rendered":"IRT8 infrapunal\u00e4mp\u00f6mittari"},"content":{"rendered":"<p><strong>Soveltuu mm. elintarviketeollisuuden k\u00e4ytt\u00f6\u00f6n.<br \/>\nLuotettavaa ja nopeaa l\u00e4mp\u00f6tilan mittausta tuotteen vastaanotosta varastointiin.<br \/>\n<\/strong><\/p>\n<p>Kosketukseton l\u00e4mp\u00f6tilan mittaus infrapunalla. Sis\u00e4\u00e4nrakennettu kohdevalo n\u00e4ytt\u00e4\u00e4 mittausalueen ja helpottaa tarkennusta. Merkkivalo ilmoittaa mahdollisista riskil\u00e4mp\u00f6tiloista. Sis\u00e4l\u00e4mp\u00f6tilojen mittaus piikkianturilla.<\/p>\n<p>Hold-toiminto j\u00e4\u00e4dytt\u00e4\u00e4 reaaliaikaisen l\u00e4mp\u00f6tilan sek\u00e4 IR- ett\u00e4 anturitilassa.<\/p>","protected":false},"excerpt":{"rendered":"<p>Soveltuu mm. elintarviketeollisuuden k\u00e4ytt\u00f6\u00f6n. Luotettavaa ja nopeaa l\u00e4mp\u00f6tilan mittausta tuotteen vastaanotosta varastointiin. Kosketukseton l\u00e4mp\u00f6tilan mittaus infrapunalla. Sis\u00e4\u00e4nrakennettu kohdevalo n\u00e4ytt\u00e4\u00e4 mittausalueen ja helpottaa tarkennusta. Merkkivalo ilmoittaa mahdollisista riskil\u00e4mp\u00f6tiloista. Sis\u00e4l\u00e4mp\u00f6tilojen mittaus piikkianturilla. Hold-toiminto j\u00e4\u00e4dytt\u00e4\u00e4 reaaliaikaisen l\u00e4mp\u00f6tilan sek\u00e4 IR- ett\u00e4 anturitilassa.<\/p>","protected":false},"author":13,"featured_media":18015,"parent":1328,"menu_order":0,"comment_status":"closed","ping_status":"closed","template":"tuote.php","meta":{"_acf_changed":false,"_seopress_robots_primary_cat":"","_seopress_titles_title":"","_seopress_titles_desc":"","_seopress_robots_index":"","_et_pb_use_builder":"","_et_pb_old_content":"","_et_gb_content_width":"","inline_featured_image":false,"footnotes":"","_links_to":"","_links_to_target":""},"categories":[12],"tags":[],"class_list":["post-18013","page","type-page","status-publish","has-post-thumbnail","hentry","category-tuote"],"acf":[],"_links":{"self":[{"href":"https:\/\/aimtec.fi\/en\/wp-json\/wp\/v2\/pages\/18013","targetHints":{"allow":["GET"]}}],"collection":[{"href":"https:\/\/aimtec.fi\/en\/wp-json\/wp\/v2\/pages"}],"about":[{"href":"https:\/\/aimtec.fi\/en\/wp-json\/wp\/v2\/types\/page"}],"author":[{"embeddable":true,"href":"https:\/\/aimtec.fi\/en\/wp-json\/wp\/v2\/users\/13"}],"replies":[{"embeddable":true,"href":"https:\/\/aimtec.fi\/en\/wp-json\/wp\/v2\/comments?post=18013"}],"version-history":[{"count":2,"href":"https:\/\/aimtec.fi\/en\/wp-json\/wp\/v2\/pages\/18013\/revisions"}],"predecessor-version":[{"id":18017,"href":"https:\/\/aimtec.fi\/en\/wp-json\/wp\/v2\/pages\/18013\/revisions\/18017"}],"up":[{"embeddable":true,"href":"https:\/\/aimtec.fi\/en\/wp-json\/wp\/v2\/pages\/1328"}],"wp:featuredmedia":[{"embeddable":true,"href":"https:\/\/aimtec.fi\/en\/wp-json\/wp\/v2\/media\/18015"}],"wp:attachment":[{"href":"https:\/\/aimtec.fi\/en\/wp-json\/wp\/v2\/media?parent=18013"}],"wp:term":[{"taxonomy":"category","embeddable":true,"href":"https:\/\/aimtec.fi\/en\/wp-json\/wp\/v2\/categories?post=18013"},{"taxonomy":"post_tag","embeddable":true,"href":"https:\/\/aimtec.fi\/en\/wp-json\/wp\/v2\/tags?post=18013"}],"curies":[{"name":"wp","href":"https:\/\/api.w.org\/{rel}","templated":true}]}}