{"id":18023,"date":"2025-05-20T12:14:27","date_gmt":"2025-05-20T09:14:27","guid":{"rendered":"https:\/\/aimtec.fi\/?page_id=18023"},"modified":"2025-05-20T13:03:04","modified_gmt":"2025-05-20T10:03:04","slug":"wohler-s-100-savutikku","status":"publish","type":"page","link":"https:\/\/aimtec.fi\/en\/savukoneet-ja-merkkisavut\/wohler-s-100-savutikku\/","title":{"rendered":"W\u00f6hler S 100 Savutikku"},"content":{"rendered":"<div class=\"field field-name-body field-type-text-with-summary field-label-hidden\">\n<div class=\"field-items\">\n<div class=\"field-item even\">\n<p><strong>Ladattava W\u00f6hler S 100 savutikku <\/strong>on ehdoton ty\u00f6kalu ilmavirtojen visualisointiin.<\/p>\n<p>Helppo savunmuodostus ja k\u00e4tev\u00e4, vaihdettava savus\u00e4ili\u00f6 \u2013 luotettava valinta vuotojen tunnistamiseen rakennuksissa ja niiden ymp\u00e4rist\u00f6ss\u00e4. Paristok\u00e4ytt\u00f6isyyden ja kest\u00e4v\u00e4n savus\u00e4ili\u00f6n ansiosta voit luottaa sen tehokkuuteen.<\/p>\n<p>Toimitus W\u00f6hler S 100 -suojapussissa<br \/>\n&#8211; 2 savus\u00e4ili\u00f6t\u00e4<br \/>\n&#8211; 1 800 mAh litiumioniakku<br \/>\n&#8211; USB-C latauskaapeli<br \/>\n&#8211; metallinen taipuisa letku suodatintyynyll\u00e4<br \/>\n&#8211; kumiletku suodatintyynyll\u00e4<\/p>\n<p>&nbsp;<\/p>\n<\/div>\n<\/div>\n<\/div>","protected":false},"excerpt":{"rendered":"<p>Ladattava W\u00f6hler S 100 savutikku on ehdoton ty\u00f6kalu ilmavirtojen visualisointiin. Helppo savunmuodostus ja k\u00e4tev\u00e4, vaihdettava savus\u00e4ili\u00f6 \u2013 luotettava valinta vuotojen tunnistamiseen rakennuksissa ja niiden ymp\u00e4rist\u00f6ss\u00e4. Paristok\u00e4ytt\u00f6isyyden ja kest\u00e4v\u00e4n savus\u00e4ili\u00f6n ansiosta voit luottaa sen tehokkuuteen. Toimitus W\u00f6hler S 100 -suojapussissa &#8211; 2 savus\u00e4ili\u00f6t\u00e4 &#8211; 1 800 mAh litiumioniakku &#8211; USB-C latauskaapeli &#8211; metallinen taipuisa letku suodatintyynyll\u00e4&#8230;<\/p>","protected":false},"author":13,"featured_media":18024,"parent":3085,"menu_order":0,"comment_status":"closed","ping_status":"closed","template":"tuote.php","meta":{"_acf_changed":false,"_seopress_robots_primary_cat":"","_seopress_titles_title":"","_seopress_titles_desc":"","_seopress_robots_index":"","_et_pb_use_builder":"","_et_pb_old_content":"","_et_gb_content_width":"","inline_featured_image":false,"footnotes":"","_links_to":"","_links_to_target":""},"categories":[],"tags":[],"class_list":["post-18023","page","type-page","status-publish","has-post-thumbnail","hentry"],"acf":[],"_links":{"self":[{"href":"https:\/\/aimtec.fi\/en\/wp-json\/wp\/v2\/pages\/18023","targetHints":{"allow":["GET"]}}],"collection":[{"href":"https:\/\/aimtec.fi\/en\/wp-json\/wp\/v2\/pages"}],"about":[{"href":"https:\/\/aimtec.fi\/en\/wp-json\/wp\/v2\/types\/page"}],"author":[{"embeddable":true,"href":"https:\/\/aimtec.fi\/en\/wp-json\/wp\/v2\/users\/13"}],"replies":[{"embeddable":true,"href":"https:\/\/aimtec.fi\/en\/wp-json\/wp\/v2\/comments?post=18023"}],"version-history":[{"count":5,"href":"https:\/\/aimtec.fi\/en\/wp-json\/wp\/v2\/pages\/18023\/revisions"}],"predecessor-version":[{"id":18031,"href":"https:\/\/aimtec.fi\/en\/wp-json\/wp\/v2\/pages\/18023\/revisions\/18031"}],"up":[{"embeddable":true,"href":"https:\/\/aimtec.fi\/en\/wp-json\/wp\/v2\/pages\/3085"}],"wp:featuredmedia":[{"embeddable":true,"href":"https:\/\/aimtec.fi\/en\/wp-json\/wp\/v2\/media\/18024"}],"wp:attachment":[{"href":"https:\/\/aimtec.fi\/en\/wp-json\/wp\/v2\/media?parent=18023"}],"wp:term":[{"taxonomy":"category","embeddable":true,"href":"https:\/\/aimtec.fi\/en\/wp-json\/wp\/v2\/categories?post=18023"},{"taxonomy":"post_tag","embeddable":true,"href":"https:\/\/aimtec.fi\/en\/wp-json\/wp\/v2\/tags?post=18023"}],"curies":[{"name":"wp","href":"https:\/\/api.w.org\/{rel}","templated":true}]}}