{"id":18035,"date":"2025-06-18T13:30:01","date_gmt":"2025-06-18T10:30:01","guid":{"rendered":"https:\/\/aimtec.fi\/?page_id=18035"},"modified":"2025-06-23T09:28:16","modified_gmt":"2025-06-23T06:28:16","slug":"phm-v1-venttiilinsaatomittari","status":"publish","type":"page","link":"https:\/\/aimtec.fi\/en\/ilmanvaihtomittarit\/phm-v1-venttiilinsaatomittari\/","title":{"rendered":"PHM-V1 Venttiilins\u00e4\u00e4t\u00f6mittari"},"content":{"rendered":"<p>PHM-V1 on helppok\u00e4ytt\u00f6inen, tarkka ja kest\u00e4v\u00e4 venttiilins\u00e4\u00e4t\u00f6mittari ilmastointiventtiilien ja p\u00e4\u00e4telaitteiden s\u00e4\u00e4t\u00e4miseen. Mittarissa on yli 1 000 esiohjelmoitua venttiili\u00e4 ja p\u00e4\u00e4telaitetta.<\/p>\n<p>PHM-V1 mittarin k\u00e4ytt\u00f6 on yksinkertaista ja helppoa. Mittarissa valitaan oikea venttiili (joka on esiasetettu, jolloin oikea k-kerroin on automaattisesti k\u00e4yt\u00f6ss\u00e4), s\u00e4\u00e4det\u00e4\u00e4n venttiilin avaus ja mitataan \u2192 mittarin n\u00e4yt\u00f6lle tulevat l\/s- ja Pa-arvot. Mittariin esiasetettujen venttiilejen ansiosta virtausk\u00e4yr\u00e4st\u00f6jen ja k-kertoimien m\u00e4\u00e4ritykset j\u00e4\u00e4v\u00e4t pois.<\/p>\n<p>\u2022 Ilman tilavuusvirtaus- ja painemittaukset ilmanvaihtoventtiileist\u00e4, hajottajista, s\u00e4\u00e4t\u00f6- ja mittauspelleist\u00e4<br \/>\n\u2022 Ulkovaipan ja tilojen v\u00e4listen paine-erojen mittaus<br \/>\n\u2022 Tilavuusvirtausmittaus kanavista pitot-putkella<br \/>\n\u2022 Paine-eromittaus suodattimen yli<br \/>\n\u2022 Puhaltimien ilmavirtauksen mittaaminen<br \/>\n\u2022 Puhdastilojen paineen mittaus<\/p>\n<p>&nbsp;<\/p>\n<p>&nbsp;<\/p>","protected":false},"excerpt":{"rendered":"<p>PHM-V1 on helppok\u00e4ytt\u00f6inen, tarkka ja kest\u00e4v\u00e4 venttiilins\u00e4\u00e4t\u00f6mittari ilmastointiventtiilien ja p\u00e4\u00e4telaitteiden s\u00e4\u00e4t\u00e4miseen. Mittarissa on yli 1 000 esiohjelmoitua venttiili\u00e4 ja p\u00e4\u00e4telaitetta. PHM-V1 mittarin k\u00e4ytt\u00f6 on yksinkertaista ja helppoa. Mittarissa valitaan oikea venttiili (joka on esiasetettu, jolloin oikea k-kerroin on automaattisesti k\u00e4yt\u00f6ss\u00e4), s\u00e4\u00e4det\u00e4\u00e4n venttiilin avaus ja mitataan \u2192 mittarin n\u00e4yt\u00f6lle tulevat l\/s- ja Pa-arvot. Mittariin esiasetettujen venttiilejen&#8230;<\/p>","protected":false},"author":13,"featured_media":18041,"parent":3052,"menu_order":0,"comment_status":"closed","ping_status":"closed","template":"tuote.php","meta":{"_acf_changed":false,"_seopress_robots_primary_cat":"","_seopress_titles_title":"","_seopress_titles_desc":"","_seopress_robots_index":"","_et_pb_use_builder":"","_et_pb_old_content":"","_et_gb_content_width":"","inline_featured_image":false,"footnotes":"","_links_to":"","_links_to_target":""},"categories":[12],"tags":[],"class_list":["post-18035","page","type-page","status-publish","has-post-thumbnail","hentry","category-tuote"],"acf":[],"_links":{"self":[{"href":"https:\/\/aimtec.fi\/en\/wp-json\/wp\/v2\/pages\/18035","targetHints":{"allow":["GET"]}}],"collection":[{"href":"https:\/\/aimtec.fi\/en\/wp-json\/wp\/v2\/pages"}],"about":[{"href":"https:\/\/aimtec.fi\/en\/wp-json\/wp\/v2\/types\/page"}],"author":[{"embeddable":true,"href":"https:\/\/aimtec.fi\/en\/wp-json\/wp\/v2\/users\/13"}],"replies":[{"embeddable":true,"href":"https:\/\/aimtec.fi\/en\/wp-json\/wp\/v2\/comments?post=18035"}],"version-history":[{"count":4,"href":"https:\/\/aimtec.fi\/en\/wp-json\/wp\/v2\/pages\/18035\/revisions"}],"predecessor-version":[{"id":18043,"href":"https:\/\/aimtec.fi\/en\/wp-json\/wp\/v2\/pages\/18035\/revisions\/18043"}],"up":[{"embeddable":true,"href":"https:\/\/aimtec.fi\/en\/wp-json\/wp\/v2\/pages\/3052"}],"wp:featuredmedia":[{"embeddable":true,"href":"https:\/\/aimtec.fi\/en\/wp-json\/wp\/v2\/media\/18041"}],"wp:attachment":[{"href":"https:\/\/aimtec.fi\/en\/wp-json\/wp\/v2\/media?parent=18035"}],"wp:term":[{"taxonomy":"category","embeddable":true,"href":"https:\/\/aimtec.fi\/en\/wp-json\/wp\/v2\/categories?post=18035"},{"taxonomy":"post_tag","embeddable":true,"href":"https:\/\/aimtec.fi\/en\/wp-json\/wp\/v2\/tags?post=18035"}],"curies":[{"name":"wp","href":"https:\/\/api.w.org\/{rel}","templated":true}]}}