{"id":18058,"date":"2025-06-27T14:42:30","date_gmt":"2025-06-27T11:42:30","guid":{"rendered":"https:\/\/aimtec.fi\/?page_id=18058"},"modified":"2025-06-27T14:44:48","modified_gmt":"2025-06-27T11:44:48","slug":"kimo-kh-30-lampotila-kosteusloggeri","status":"publish","type":"page","link":"https:\/\/aimtec.fi\/en\/dataloggerit-2\/kimo-kh-30-lampotila-kosteusloggeri\/","title":{"rendered":"KIMO &#8211; KH 30 l\u00e4mp\u00f6tila-\/kosteusloggeri"},"content":{"rendered":"<p>KIMO KH 30 l\u00e4mp\u00f6tila-\/kosteusloggeri mm. kuljetukseen ja varastointiin<\/p>\n<ul>\n<li>Helposti pilaantuvien tuotteiden (elintarvikkeet, viini jne.) kuljetus ja varastointi<\/li>\n<li>Herkkien tuotteiden (l\u00e4\u00e4kinn\u00e4lliset, biologiset jne.) kuljetus ja varastointi<\/li>\n<li>Arvokkaiden esineiden (huonekalut, maalaukset, soittimet jne.) kuljetus ja varastointi<\/li>\n<li>Langaton mittaus suljetuissa astioissa (laboratoriot, tutkimus- ja kehitysty\u00f6 jne.)<\/li>\n<\/ul>","protected":false},"excerpt":{"rendered":"<p>KIMO KH 30 l\u00e4mp\u00f6tila-\/kosteusloggeri mm. kuljetukseen ja varastointiin Helposti pilaantuvien tuotteiden (elintarvikkeet, viini jne.) kuljetus ja varastointi Herkkien tuotteiden (l\u00e4\u00e4kinn\u00e4lliset, biologiset jne.) kuljetus ja varastointi Arvokkaiden esineiden (huonekalut, maalaukset, soittimet jne.) kuljetus ja varastointi Langaton mittaus suljetuissa astioissa (laboratoriot, tutkimus- ja kehitysty\u00f6 jne.)<\/p>","protected":false},"author":13,"featured_media":18057,"parent":3222,"menu_order":0,"comment_status":"closed","ping_status":"closed","template":"tuote.php","meta":{"_acf_changed":false,"_seopress_robots_primary_cat":"","_seopress_titles_title":"","_seopress_titles_desc":"","_seopress_robots_index":"","_et_pb_use_builder":"","_et_pb_old_content":"","_et_gb_content_width":"","inline_featured_image":false,"footnotes":"","_links_to":"","_links_to_target":""},"categories":[12],"tags":[],"class_list":["post-18058","page","type-page","status-publish","has-post-thumbnail","hentry","category-tuote"],"acf":[],"_links":{"self":[{"href":"https:\/\/aimtec.fi\/en\/wp-json\/wp\/v2\/pages\/18058","targetHints":{"allow":["GET"]}}],"collection":[{"href":"https:\/\/aimtec.fi\/en\/wp-json\/wp\/v2\/pages"}],"about":[{"href":"https:\/\/aimtec.fi\/en\/wp-json\/wp\/v2\/types\/page"}],"author":[{"embeddable":true,"href":"https:\/\/aimtec.fi\/en\/wp-json\/wp\/v2\/users\/13"}],"replies":[{"embeddable":true,"href":"https:\/\/aimtec.fi\/en\/wp-json\/wp\/v2\/comments?post=18058"}],"version-history":[{"count":2,"href":"https:\/\/aimtec.fi\/en\/wp-json\/wp\/v2\/pages\/18058\/revisions"}],"predecessor-version":[{"id":18067,"href":"https:\/\/aimtec.fi\/en\/wp-json\/wp\/v2\/pages\/18058\/revisions\/18067"}],"up":[{"embeddable":true,"href":"https:\/\/aimtec.fi\/en\/wp-json\/wp\/v2\/pages\/3222"}],"wp:featuredmedia":[{"embeddable":true,"href":"https:\/\/aimtec.fi\/en\/wp-json\/wp\/v2\/media\/18057"}],"wp:attachment":[{"href":"https:\/\/aimtec.fi\/en\/wp-json\/wp\/v2\/media?parent=18058"}],"wp:term":[{"taxonomy":"category","embeddable":true,"href":"https:\/\/aimtec.fi\/en\/wp-json\/wp\/v2\/categories?post=18058"},{"taxonomy":"post_tag","embeddable":true,"href":"https:\/\/aimtec.fi\/en\/wp-json\/wp\/v2\/tags?post=18058"}],"curies":[{"name":"wp","href":"https:\/\/api.w.org\/{rel}","templated":true}]}}