{"id":18062,"date":"2025-06-27T14:43:32","date_gmt":"2025-06-27T11:43:32","guid":{"rendered":"https:\/\/aimtec.fi\/?page_id=18062"},"modified":"2025-06-27T14:43:37","modified_gmt":"2025-06-27T11:43:37","slug":"bluelog-lampotila-kosteusloggeri-kuljetuksiin","status":"publish","type":"page","link":"https:\/\/aimtec.fi\/en\/dataloggerit-2\/bluelog-lampotila-kosteusloggeri-kuljetuksiin\/","title":{"rendered":"BlueLOG l\u00e4mp\u00f6tila-\/kosteusloggeri kuljetuksiin"},"content":{"rendered":"<p>Bluetooth-l\u00e4mp\u00f6tila- ja kosteusdataloggeri, jota hallitaan Android- ja iOS-laitteilla BlueTrails-sovelluksella kuljetusten valvontaan.<\/p>\n<p>Dataloggeri yhdistet\u00e4\u00e4n \u00e4lypuhelimeen ja se l\u00e4hett\u00e4\u00e4 tietoja Bluetoothin (5.0, mutta toimii my\u00f6s 4.0:n ja uudempien kanssa) kautta ohjelmoidulla nopeudella. Tiedot n\u00e4ytet\u00e4\u00e4n reaaliajassa niiden saapuessa, ja h\u00e4lytykset annetaan, kun l\u00e4mp\u00f6tila ja kosteus ovat rajojen ulkopuolella (rajat voidaan my\u00f6s ohjelmoida). Toimituksen yhteydess\u00e4 tiedot voidaan l\u00e4hett\u00e4\u00e4 s\u00e4hk\u00f6postitse. Bluetooth-l\u00e4mp\u00f6tulostimen avulla tiedot voidaan tulostaa ja antaa toimitusasiakirjojen mukana.<\/p>\n<p>\u2022 Reaaliaikainen tiedonsiirto Android\/IOS-laitteissa<br \/>\n\u2022 Pitk\u00e4kestoinen paristo: 2 vuotta jatkuvalla 15 minuutin v\u00e4lein tapahtuvalla l\u00e4hetyksell\u00e4<br \/>\n\u2022 Reaaliaikainen tarkistus h\u00e4lytyskynnyksiin n\u00e4hden<br \/>\n\u2022 Luo PDF-raportteja s\u00e4hk\u00f6postitse<br \/>\n\u2022 Valinnainen referenssij\u00e4ljitett\u00e4v\u00e4 kalibrointisertifikaatti saatavilla<\/p>","protected":false},"excerpt":{"rendered":"<p>Bluetooth-l\u00e4mp\u00f6tila- ja kosteusdataloggeri, jota hallitaan Android- ja iOS-laitteilla BlueTrails-sovelluksella kuljetusten valvontaan. Dataloggeri yhdistet\u00e4\u00e4n \u00e4lypuhelimeen ja se l\u00e4hett\u00e4\u00e4 tietoja Bluetoothin (5.0, mutta toimii my\u00f6s 4.0:n ja uudempien kanssa) kautta ohjelmoidulla nopeudella. Tiedot n\u00e4ytet\u00e4\u00e4n reaaliajassa niiden saapuessa, ja h\u00e4lytykset annetaan, kun l\u00e4mp\u00f6tila ja kosteus ovat rajojen ulkopuolella (rajat voidaan my\u00f6s ohjelmoida). Toimituksen yhteydess\u00e4 tiedot voidaan l\u00e4hett\u00e4\u00e4 s\u00e4hk\u00f6postitse&#8230;.<\/p>","protected":false},"author":13,"featured_media":18059,"parent":3222,"menu_order":0,"comment_status":"closed","ping_status":"closed","template":"tuote.php","meta":{"_acf_changed":false,"_seopress_robots_primary_cat":"","_seopress_titles_title":"","_seopress_titles_desc":"","_seopress_robots_index":"","_et_pb_use_builder":"","_et_pb_old_content":"","_et_gb_content_width":"","inline_featured_image":false,"footnotes":"","_links_to":"","_links_to_target":""},"categories":[12],"tags":[],"class_list":["post-18062","page","type-page","status-publish","has-post-thumbnail","hentry","category-tuote"],"acf":[],"_links":{"self":[{"href":"https:\/\/aimtec.fi\/en\/wp-json\/wp\/v2\/pages\/18062","targetHints":{"allow":["GET"]}}],"collection":[{"href":"https:\/\/aimtec.fi\/en\/wp-json\/wp\/v2\/pages"}],"about":[{"href":"https:\/\/aimtec.fi\/en\/wp-json\/wp\/v2\/types\/page"}],"author":[{"embeddable":true,"href":"https:\/\/aimtec.fi\/en\/wp-json\/wp\/v2\/users\/13"}],"replies":[{"embeddable":true,"href":"https:\/\/aimtec.fi\/en\/wp-json\/wp\/v2\/comments?post=18062"}],"version-history":[{"count":1,"href":"https:\/\/aimtec.fi\/en\/wp-json\/wp\/v2\/pages\/18062\/revisions"}],"predecessor-version":[{"id":18066,"href":"https:\/\/aimtec.fi\/en\/wp-json\/wp\/v2\/pages\/18062\/revisions\/18066"}],"up":[{"embeddable":true,"href":"https:\/\/aimtec.fi\/en\/wp-json\/wp\/v2\/pages\/3222"}],"wp:featuredmedia":[{"embeddable":true,"href":"https:\/\/aimtec.fi\/en\/wp-json\/wp\/v2\/media\/18059"}],"wp:attachment":[{"href":"https:\/\/aimtec.fi\/en\/wp-json\/wp\/v2\/media?parent=18062"}],"wp:term":[{"taxonomy":"category","embeddable":true,"href":"https:\/\/aimtec.fi\/en\/wp-json\/wp\/v2\/categories?post=18062"},{"taxonomy":"post_tag","embeddable":true,"href":"https:\/\/aimtec.fi\/en\/wp-json\/wp\/v2\/tags?post=18062"}],"curies":[{"name":"wp","href":"https:\/\/api.w.org\/{rel}","templated":true}]}}