{"id":18076,"date":"2025-07-03T12:43:54","date_gmt":"2025-07-03T09:43:54","guid":{"rendered":"https:\/\/aimtec.fi\/?page_id=18076"},"modified":"2025-07-03T12:46:42","modified_gmt":"2025-07-03T09:46:42","slug":"kane150-dieselpoltintesteri","status":"publish","type":"page","link":"https:\/\/aimtec.fi\/en\/savukaasuanalysaattorit\/kane150-dieselpoltintesteri\/","title":{"rendered":"KANE150 Dieselpoltintesteri"},"content":{"rendered":"<p>KANE150 on testauslaite mm. diesell\u00e4mmittimille (mm.Webasto). Se s\u00e4\u00e4st\u00e4 polttoainetta ja lis\u00e4\u00e4 tehokkuutta. Se my\u00f6s mittaa CO<sub>2<\/sub>-pitoisuutta ja pakokaasujen l\u00e4mp\u00f6tilaa reaaliajassa.<\/p>\n<p style=\"text-align: left;\">Ominaisuudet:<\/p>\n<ul>\n<li style=\"text-align: left;\">Suuri n\u00e4ytt\u00f6 ja ainutlaatuinen kiertos\u00e4\u00e4din<\/li>\n<li style=\"text-align: left;\">Kest\u00e4v\u00e4, paristok\u00e4ytt\u00f6inen analysaattori minne tahansa<\/li>\n<li style=\"text-align: left;\">Ladattava NiMH-paristo<\/li>\n<li style=\"text-align: left;\">Reaaliaikaiset mittaukset ja laskelmat<\/li>\n<li style=\"text-align: left;\">Tutki, tallenna ja tulosta testitulokset valinnaiselle KANE-IRP3-tulostimelle<\/li>\n<li style=\"text-align: left;\">Ty\u00f6valo<\/li>\n<li style=\"text-align: left;\">Pitk\u00e4ik\u00e4inen NDIR CO<sub>2<\/sub> -anturi<\/li>\n<\/ul>","protected":false},"excerpt":{"rendered":"<p>KANE150 on testauslaite mm. diesell\u00e4mmittimille (mm.Webasto). Se s\u00e4\u00e4st\u00e4 polttoainetta ja lis\u00e4\u00e4 tehokkuutta. Se my\u00f6s mittaa CO2-pitoisuutta ja pakokaasujen l\u00e4mp\u00f6tilaa reaaliajassa. Ominaisuudet: Suuri n\u00e4ytt\u00f6 ja ainutlaatuinen kiertos\u00e4\u00e4din Kest\u00e4v\u00e4, paristok\u00e4ytt\u00f6inen analysaattori minne tahansa Ladattava NiMH-paristo Reaaliaikaiset mittaukset ja laskelmat Tutki, tallenna ja tulosta testitulokset valinnaiselle KANE-IRP3-tulostimelle Ty\u00f6valo Pitk\u00e4ik\u00e4inen NDIR CO2 -anturi<\/p>","protected":false},"author":13,"featured_media":18078,"parent":3082,"menu_order":0,"comment_status":"closed","ping_status":"closed","template":"tuote.php","meta":{"_acf_changed":false,"_seopress_robots_primary_cat":"","_seopress_titles_title":"","_seopress_titles_desc":"","_seopress_robots_index":"","_et_pb_use_builder":"","_et_pb_old_content":"","_et_gb_content_width":"","inline_featured_image":false,"footnotes":"","_links_to":"","_links_to_target":""},"categories":[],"tags":[],"class_list":["post-18076","page","type-page","status-publish","has-post-thumbnail","hentry"],"acf":[],"_links":{"self":[{"href":"https:\/\/aimtec.fi\/en\/wp-json\/wp\/v2\/pages\/18076","targetHints":{"allow":["GET"]}}],"collection":[{"href":"https:\/\/aimtec.fi\/en\/wp-json\/wp\/v2\/pages"}],"about":[{"href":"https:\/\/aimtec.fi\/en\/wp-json\/wp\/v2\/types\/page"}],"author":[{"embeddable":true,"href":"https:\/\/aimtec.fi\/en\/wp-json\/wp\/v2\/users\/13"}],"replies":[{"embeddable":true,"href":"https:\/\/aimtec.fi\/en\/wp-json\/wp\/v2\/comments?post=18076"}],"version-history":[{"count":5,"href":"https:\/\/aimtec.fi\/en\/wp-json\/wp\/v2\/pages\/18076\/revisions"}],"predecessor-version":[{"id":18083,"href":"https:\/\/aimtec.fi\/en\/wp-json\/wp\/v2\/pages\/18076\/revisions\/18083"}],"up":[{"embeddable":true,"href":"https:\/\/aimtec.fi\/en\/wp-json\/wp\/v2\/pages\/3082"}],"wp:featuredmedia":[{"embeddable":true,"href":"https:\/\/aimtec.fi\/en\/wp-json\/wp\/v2\/media\/18078"}],"wp:attachment":[{"href":"https:\/\/aimtec.fi\/en\/wp-json\/wp\/v2\/media?parent=18076"}],"wp:term":[{"taxonomy":"category","embeddable":true,"href":"https:\/\/aimtec.fi\/en\/wp-json\/wp\/v2\/categories?post=18076"},{"taxonomy":"post_tag","embeddable":true,"href":"https:\/\/aimtec.fi\/en\/wp-json\/wp\/v2\/tags?post=18076"}],"curies":[{"name":"wp","href":"https:\/\/api.w.org\/{rel}","templated":true}]}}