{"id":18086,"date":"2025-09-15T09:12:50","date_gmt":"2025-09-15T06:12:50","guid":{"rendered":"https:\/\/aimtec.fi\/?page_id=18086"},"modified":"2025-10-16T15:38:45","modified_gmt":"2025-10-16T12:38:45","slug":"kane-158-savukaasuanalysaattori","status":"publish","type":"page","link":"https:\/\/aimtec.fi\/en\/savukaasuanalysaattorit\/kane-158-savukaasuanalysaattori\/","title":{"rendered":"KANE158 savukaasuanalysaattori"},"content":{"rendered":"<p>Kane158 on edullinen savukaasuanalysaattori mm. pienten \u00f6ljypolttimien ja Webastojen s\u00e4\u00e4t\u00f6\u00f6n. Laitetta ei ole tarkoitettu pitk\u00e4aikaiseen, yht\u00e4mittaiseen k\u00e4ytt\u00f6\u00f6n.<\/p>\n<p><strong>Kane158 savukaasuanalysaattorissa<\/strong> on happikenno ja suojattu h\u00e4k\u00e4kenno. Bluetooth\u00a0 vakiovarusteena, jolloin mm. mittaustuloksia voi seurata reaaliajassa mobiilisovelluksella Kane Live (Android ja iOS) ja l\u00e4hett\u00e4\u00e4 mittausraportit s\u00e4hk\u00f6postilla.<\/p>\n<p><strong>Mittausalueet:<br \/>\n<\/strong>O2 kenno: 0.00 % &#8230; 21.00 %<br \/>\nCO kenno: 0.00 ppm &#8230; 2000.00 ppm<\/p>","protected":false},"excerpt":{"rendered":"<p>Kane158 on edullinen savukaasuanalysaattori mm. pienten \u00f6ljypolttimien ja Webastojen s\u00e4\u00e4t\u00f6\u00f6n. Laitetta ei ole tarkoitettu pitk\u00e4aikaiseen, yht\u00e4mittaiseen k\u00e4ytt\u00f6\u00f6n. Kane158 savukaasuanalysaattorissa on happikenno ja suojattu h\u00e4k\u00e4kenno. Bluetooth\u00a0 vakiovarusteena, jolloin mm. mittaustuloksia voi seurata reaaliajassa mobiilisovelluksella Kane Live (Android ja iOS) ja l\u00e4hett\u00e4\u00e4 mittausraportit s\u00e4hk\u00f6postilla. Mittausalueet: O2 kenno: 0.00 % &#8230; 21.00 % CO kenno: 0.00 ppm &#8230;&#8230;<\/p>","protected":false},"author":13,"featured_media":18087,"parent":3082,"menu_order":1,"comment_status":"closed","ping_status":"closed","template":"tuote.php","meta":{"_acf_changed":false,"_seopress_robots_primary_cat":"","_seopress_titles_title":"","_seopress_titles_desc":"","_seopress_robots_index":"","_et_pb_use_builder":"","_et_pb_old_content":"","_et_gb_content_width":"","inline_featured_image":false,"footnotes":"","_links_to":"","_links_to_target":""},"categories":[12],"tags":[21,19,20],"class_list":["post-18086","page","type-page","status-publish","has-post-thumbnail","hentry","category-tuote","tag-oljypolttimet","tag-savukaasuanalysaattori","tag-webaston-saato"],"acf":[],"_links":{"self":[{"href":"https:\/\/aimtec.fi\/en\/wp-json\/wp\/v2\/pages\/18086","targetHints":{"allow":["GET"]}}],"collection":[{"href":"https:\/\/aimtec.fi\/en\/wp-json\/wp\/v2\/pages"}],"about":[{"href":"https:\/\/aimtec.fi\/en\/wp-json\/wp\/v2\/types\/page"}],"author":[{"embeddable":true,"href":"https:\/\/aimtec.fi\/en\/wp-json\/wp\/v2\/users\/13"}],"replies":[{"embeddable":true,"href":"https:\/\/aimtec.fi\/en\/wp-json\/wp\/v2\/comments?post=18086"}],"version-history":[{"count":5,"href":"https:\/\/aimtec.fi\/en\/wp-json\/wp\/v2\/pages\/18086\/revisions"}],"predecessor-version":[{"id":18097,"href":"https:\/\/aimtec.fi\/en\/wp-json\/wp\/v2\/pages\/18086\/revisions\/18097"}],"up":[{"embeddable":true,"href":"https:\/\/aimtec.fi\/en\/wp-json\/wp\/v2\/pages\/3082"}],"wp:featuredmedia":[{"embeddable":true,"href":"https:\/\/aimtec.fi\/en\/wp-json\/wp\/v2\/media\/18087"}],"wp:attachment":[{"href":"https:\/\/aimtec.fi\/en\/wp-json\/wp\/v2\/media?parent=18086"}],"wp:term":[{"taxonomy":"category","embeddable":true,"href":"https:\/\/aimtec.fi\/en\/wp-json\/wp\/v2\/categories?post=18086"},{"taxonomy":"post_tag","embeddable":true,"href":"https:\/\/aimtec.fi\/en\/wp-json\/wp\/v2\/tags?post=18086"}],"curies":[{"name":"wp","href":"https:\/\/api.w.org\/{rel}","templated":true}]}}