{"id":18123,"date":"2026-02-13T13:18:51","date_gmt":"2026-02-13T11:18:51","guid":{"rendered":"https:\/\/aimtec.fi\/?page_id=18123"},"modified":"2026-02-16T09:31:08","modified_gmt":"2026-02-16T07:31:08","slug":"wohler-vis-360-tarkastuskamera","status":"publish","type":"page","link":"https:\/\/aimtec.fi\/en\/tarkastuskamerat\/wohler-vis-360-tarkastuskamera\/","title":{"rendered":"W\u00d6HLER &#8211; VIS 360 tarkastuskamera"},"content":{"rendered":"<div class=\"field field-name-body field-type-text-with-summary field-label-hidden\">\n<div class=\"field-items\">\n<div class=\"field-item even\">\n<p>Uuden W\u00f6hler VIS 360 -tarkastuskameran avulla vaurioiden havaitseminen on helpompaa ja selke\u00e4mp\u00e4\u00e4 kuin koskaan ennen, ja kaikki on hallinnassa. K\u00e4\u00e4ntyv\u00e4 ja kallistuva kamerap\u00e4\u00e4 tarjoaa kattavan n\u00e4kym\u00e4n joka suuntaan \u2013 nopeita ja tarkkoja diagnooseja sek\u00e4 virheett\u00f6mi\u00e4 tuloksia. W\u00f6hler VIS 360 on luotettava kumppani ammattimaisen putkitarkastuksen aloittamiseen.<\/p>\n<p><strong>K\u00e4ytt\u00f6valmis heti: asenna, k\u00e4ynnist\u00e4 ja aloita!<\/strong><\/p>\n<p><strong>Yleiskatsaus<\/strong><br \/>\n360\u00b0 k\u00e4\u00e4ntyv\u00e4 ja 180\u00b0 kallistuva kamerap\u00e4\u00e4 kattaa kaikki kulmat ja jopa vaikeasti tavoitettavat alueet.\u00a0Irrotettava n\u00e4ytt\u00f6 tekee tarkastelustasi entist\u00e4 mukavampaa: Aseta n\u00e4ytt\u00f6 paikkaan, josta n\u00e4et parhaiten \u2013 t\u00e4ysin joustavasti, jopa vaikeissa ty\u00f6olosuhteissa. N\u00e4in voit pit\u00e4\u00e4 silm\u00e4ll\u00e4 jokaista yksityiskohtaa ja ty\u00f6skennell\u00e4 sinulle sopivimmalla tavalla.<br \/>\nK\u00e4tev\u00e4 valikko-ohjaus sek\u00e4 tarkka panorointi ja kallistus maksimaalisen n\u00e4kyvyyden saavuttamiseksi.<br \/>\nKirkas TFT-n\u00e4ytt\u00f6 tarjoaa ter\u00e4vi\u00e4 kuvia yhdell\u00e4 silm\u00e4yksell\u00e4. Ihanteellinen tarkkaan diagnoosiin, n\u00e4et jokaisen pienen yksityiskohdan selv\u00e4sti.<br \/>\nTallenna reaaliaikaisia kuvia ja videoita helposti suoraan laitteellesi tai USB-tikulle. N\u00e4in pid\u00e4t ty\u00f6si aina saatavilla. T\u00e4ydellist\u00e4 dokumentointia ja helppoa jakamista!<br \/>\nLaite on helppo puhdistaa jokaisen k\u00e4ytt\u00f6kerran j\u00e4lkeen. Kamerap\u00e4\u00e4 ja irrotettava ty\u00f6nt\u00f6kaapeli tarvitsee vain pyyhki\u00e4 seuraavaa k\u00e4ytt\u00f6kertaa varten.<br \/>\nJ\u00e4t\u00e4 my\u00f6s ty\u00f6ymp\u00e4rist\u00f6 siistiksi: S\u00e4ilyt\u00e4 osat tarkastuksen j\u00e4lkeen kotelossa. Kaksipuolinen kotelo sis\u00e4lt\u00e4\u00e4 kaiken tarvittavan; kameralla, n\u00e4yt\u00f6ll\u00e4 ja kelalla on omat kiinte\u00e4t paikkansa.<\/p>\n<\/div>\n<\/div>\n<\/div>","protected":false},"excerpt":{"rendered":"<p>Uuden W\u00f6hler VIS 360 -tarkastuskameran avulla vaurioiden havaitseminen on helpompaa ja selke\u00e4mp\u00e4\u00e4 kuin koskaan ennen, ja kaikki on hallinnassa. K\u00e4\u00e4ntyv\u00e4 ja kallistuva kamerap\u00e4\u00e4 tarjoaa kattavan n\u00e4kym\u00e4n joka suuntaan \u2013 nopeita ja tarkkoja diagnooseja sek\u00e4 virheett\u00f6mi\u00e4 tuloksia. W\u00f6hler VIS 360 on luotettava kumppani ammattimaisen putkitarkastuksen aloittamiseen. K\u00e4ytt\u00f6valmis heti: asenna, k\u00e4ynnist\u00e4 ja aloita! Yleiskatsaus 360\u00b0 k\u00e4\u00e4ntyv\u00e4 ja&#8230;<\/p>","protected":false},"author":13,"featured_media":18124,"parent":3091,"menu_order":0,"comment_status":"closed","ping_status":"closed","template":"tuote.php","meta":{"_acf_changed":false,"_seopress_robots_primary_cat":"","_seopress_titles_title":"","_seopress_titles_desc":"","_seopress_robots_index":"","_et_pb_use_builder":"","_et_pb_old_content":"","_et_gb_content_width":"","inline_featured_image":false,"footnotes":"","_links_to":"","_links_to_target":""},"categories":[9,12],"tags":[],"class_list":["post-18123","page","type-page","status-publish","has-post-thumbnail","hentry","category-ajankohtaista","category-tuote"],"acf":[],"_links":{"self":[{"href":"https:\/\/aimtec.fi\/en\/wp-json\/wp\/v2\/pages\/18123","targetHints":{"allow":["GET"]}}],"collection":[{"href":"https:\/\/aimtec.fi\/en\/wp-json\/wp\/v2\/pages"}],"about":[{"href":"https:\/\/aimtec.fi\/en\/wp-json\/wp\/v2\/types\/page"}],"author":[{"embeddable":true,"href":"https:\/\/aimtec.fi\/en\/wp-json\/wp\/v2\/users\/13"}],"replies":[{"embeddable":true,"href":"https:\/\/aimtec.fi\/en\/wp-json\/wp\/v2\/comments?post=18123"}],"version-history":[{"count":4,"href":"https:\/\/aimtec.fi\/en\/wp-json\/wp\/v2\/pages\/18123\/revisions"}],"predecessor-version":[{"id":18129,"href":"https:\/\/aimtec.fi\/en\/wp-json\/wp\/v2\/pages\/18123\/revisions\/18129"}],"up":[{"embeddable":true,"href":"https:\/\/aimtec.fi\/en\/wp-json\/wp\/v2\/pages\/3091"}],"wp:featuredmedia":[{"embeddable":true,"href":"https:\/\/aimtec.fi\/en\/wp-json\/wp\/v2\/media\/18124"}],"wp:attachment":[{"href":"https:\/\/aimtec.fi\/en\/wp-json\/wp\/v2\/media?parent=18123"}],"wp:term":[{"taxonomy":"category","embeddable":true,"href":"https:\/\/aimtec.fi\/en\/wp-json\/wp\/v2\/categories?post=18123"},{"taxonomy":"post_tag","embeddable":true,"href":"https:\/\/aimtec.fi\/en\/wp-json\/wp\/v2\/tags?post=18123"}],"curies":[{"name":"wp","href":"https:\/\/api.w.org\/{rel}","templated":true}]}}