{"id":18177,"date":"2026-04-20T12:27:50","date_gmt":"2026-04-20T09:27:50","guid":{"rendered":"https:\/\/aimtec.fi\/?page_id=18177"},"modified":"2026-04-20T12:27:50","modified_gmt":"2026-04-20T09:27:50","slug":"wohler-vis-750-tarkastuskamera-40-m-ja-60-m-tyontokaapelilla","status":"publish","type":"page","link":"https:\/\/aimtec.fi\/en\/viemarikamerat\/wohler-vis-750-tarkastuskamera-40-m-ja-60-m-tyontokaapelilla\/","title":{"rendered":"W\u00d6HLER \u2013 VIS 750 -tarkastuskamera 40 m ja 60 m ty\u00f6nt\u00f6kaapelilla"},"content":{"rendered":"<div class=\"field field-name-body field-type-text-with-summary field-label-hidden\">\n<div class=\"field-items\">\n<div class=\"field-item even\">\n<p><strong>Hyvin suunniteltu tarkastus. Aloita nopeasti ja tarkista huolellisesti!<\/strong><\/p>\n<p>W\u00f6hler VIS 750 HD -tarkastuskamera on suunniteltu visuaaliseen tarkastukseen ja dokumentointiin putkissa ja kuiluissa, esim. savukaasuj\u00e4rjestelmiss\u00e4, ilmanvaihtoj\u00e4rjestelmiss\u00e4, j\u00e4tevesiputkissa jne. <span class=\"Y2IQFc\" lang=\"fi\">Se on riitt\u00e4v\u00e4n monipuolinen mihin tahansa teht\u00e4v\u00e4\u00e4n useiden asennusvaihtoehtojensa ansiosta.<\/span> Laitetta saa k\u00e4ytt\u00e4\u00e4 vain p\u00e4tev\u00e4 henkil\u00f6st\u00f6.<\/p>\n<p><strong>Kevyt ja kompakti monitori: <\/strong><br \/>\n7&#8243; selke\u00e4 ja kirkas TFT-n\u00e4ytt\u00f6. Monitorin paino vain 860 g. Toimitukseen kuuluu my\u00f6s kuljetusvaunu monitorille jostavalla kahvalla.<\/p>\n<p><strong>\u00d8 40 mm pan\/tilt-kamerap\u00e4\u00e4, jossa<\/strong>\u00a0180<strong>\u00b0<\/strong> kallistus ja 360<strong>\u00b0<\/strong> kierto sek\u00e4 <strong>\u00d8 26 mm <\/strong>minikamerap\u00e4\u00e4, liitett\u00e4v\u00e4.<br \/>\nValonl\u00e4hteen\u00e4 on 10 valkoista LED-valoa, joiden kirkkaus s\u00e4\u00e4dett\u00e4viss\u00e4.<\/p>\n<p>40 m ja 60 m kelat kameratangon monitorille<br \/>\n<span class=\"Y2IQFc\" lang=\"fi\">60 metrin kela sopii t\u00e4ydellisesti pitkien matkojen kattamiseen viem\u00e4reiss\u00e4, kun taas vaihtoehtoinen 40 metrinen toimii hyvin useiden mutkien l\u00e4pi navigointiin putkistossa.<\/span><\/p>\n<\/div>\n<\/div>\n<\/div>","protected":false},"excerpt":{"rendered":"<p>Hyvin suunniteltu tarkastus. Aloita nopeasti ja tarkista huolellisesti! W\u00f6hler VIS 750 HD -tarkastuskamera on suunniteltu visuaaliseen tarkastukseen ja dokumentointiin putkissa ja kuiluissa, esim. savukaasuj\u00e4rjestelmiss\u00e4, ilmanvaihtoj\u00e4rjestelmiss\u00e4, j\u00e4tevesiputkissa jne. Se on riitt\u00e4v\u00e4n monipuolinen mihin tahansa teht\u00e4v\u00e4\u00e4n useiden asennusvaihtoehtojensa ansiosta. Laitetta saa k\u00e4ytt\u00e4\u00e4 vain p\u00e4tev\u00e4 henkil\u00f6st\u00f6. Kevyt ja kompakti monitori: 7&#8243; selke\u00e4 ja kirkas TFT-n\u00e4ytt\u00f6. Monitorin paino vain&#8230;<\/p>","protected":false},"author":13,"featured_media":18175,"parent":6352,"menu_order":0,"comment_status":"closed","ping_status":"closed","template":"tuote.php","meta":{"_acf_changed":false,"_seopress_robots_primary_cat":"","_seopress_titles_title":"","_seopress_titles_desc":"","_seopress_robots_index":"","_et_pb_use_builder":"","_et_pb_old_content":"","_et_gb_content_width":"","inline_featured_image":false,"footnotes":"","_links_to":"","_links_to_target":""},"categories":[],"tags":[],"class_list":["post-18177","page","type-page","status-publish","has-post-thumbnail","hentry"],"acf":[],"_links":{"self":[{"href":"https:\/\/aimtec.fi\/en\/wp-json\/wp\/v2\/pages\/18177","targetHints":{"allow":["GET"]}}],"collection":[{"href":"https:\/\/aimtec.fi\/en\/wp-json\/wp\/v2\/pages"}],"about":[{"href":"https:\/\/aimtec.fi\/en\/wp-json\/wp\/v2\/types\/page"}],"author":[{"embeddable":true,"href":"https:\/\/aimtec.fi\/en\/wp-json\/wp\/v2\/users\/13"}],"replies":[{"embeddable":true,"href":"https:\/\/aimtec.fi\/en\/wp-json\/wp\/v2\/comments?post=18177"}],"version-history":[{"count":1,"href":"https:\/\/aimtec.fi\/en\/wp-json\/wp\/v2\/pages\/18177\/revisions"}],"predecessor-version":[{"id":18178,"href":"https:\/\/aimtec.fi\/en\/wp-json\/wp\/v2\/pages\/18177\/revisions\/18178"}],"up":[{"embeddable":true,"href":"https:\/\/aimtec.fi\/en\/wp-json\/wp\/v2\/pages\/6352"}],"wp:featuredmedia":[{"embeddable":true,"href":"https:\/\/aimtec.fi\/en\/wp-json\/wp\/v2\/media\/18175"}],"wp:attachment":[{"href":"https:\/\/aimtec.fi\/en\/wp-json\/wp\/v2\/media?parent=18177"}],"wp:term":[{"taxonomy":"category","embeddable":true,"href":"https:\/\/aimtec.fi\/en\/wp-json\/wp\/v2\/categories?post=18177"},{"taxonomy":"post_tag","embeddable":true,"href":"https:\/\/aimtec.fi\/en\/wp-json\/wp\/v2\/tags?post=18177"}],"curies":[{"name":"wp","href":"https:\/\/api.w.org\/{rel}","templated":true}]}}