{"id":2383,"date":"2018-10-05T09:41:00","date_gmt":"2018-10-05T06:41:00","guid":{"rendered":"https:\/\/www.aimtec.fi\/?page_id=2383"},"modified":"2020-12-07T13:28:34","modified_gmt":"2020-12-07T11:28:34","slug":"kp-320-ja-kp-321-dataloggerit","status":"publish","type":"page","link":"https:\/\/aimtec.fi\/en\/dataloggerit-2\/kp-320-ja-kp-321-dataloggerit\/","title":{"rendered":"KIMO &#8211; KP 320 ja KP 321 dataloggerit (paine-ero)"},"content":{"rendered":"<p>Paine-erologgereita k\u00e4ytet\u00e4\u00e4n esimerkiksi ulko- ja sis\u00e4tilojen tai kahden huoneen v\u00e4liseen paine-eron mittaamiseen.<\/p>\n<p><strong>Mallit:<\/strong><br \/>\n<strong>KP 320<\/strong>: -1000 \u2026 +1000 Pa<br \/>\n<strong>KP 321<\/strong>: -10\u00a0000 \u2026 +10\u00a0000 Pa<\/p>\n<p>-tallennuskapasiteetti 2\u00a0000\u00a0000 mittauslukemaa<br \/>\n-nopea tiedonsiirto loggerista tietokoneelle, jopa 18\u00a0000 lukemaa\/sekunti<br \/>\n-2 h\u00e4lytysraja-asetusta\/mittauskanava<br \/>\n-suojausluokka IP65<br \/>\n-Bluetooth \u2013toiminto (\u00e4lypuhelimet ja tabletit Android tai iOS k\u00e4ytt\u00f6j\u00e4rjestelm\u00e4ll\u00e4)<\/p>\n<p><strong>Ohjelmat:<\/strong><br \/>\n<strong>KILOG Lite ilmaisohjelma<\/strong>\u00a0loggerin ohjelmointiin ja mittaustietojen tallennukseen. K\u00e4ytt\u00f6kielen\u00e4 my\u00f6s mm. suomi. Lataa ohjelma\u00a0<a href=\"https:\/\/sauermanngroup.com\/en-INT\/resource-center\/softwares\" target=\"_blank\" rel=\"noopener noreferrer\">valmistajan sivuilta<\/a><br \/>\n<strong>KILOG ohjelma<\/strong>\u00a0(lis\u00e4varuste) loggerin ohjelmointiin sek\u00e4 mittaustietojen tallennukseen ja jatkok\u00e4sittelyyn. K\u00e4ytt\u00f6kielen\u00e4 my\u00f6s mm. suomi<\/p>\n<p><strong>Lis\u00e4varuste<\/strong>:\u00a0<a href=\"https:\/\/aimtec.fi\/en\/varusteet-ja-tarvikkeet-2\/painesuhdeletku-3-m-kapillaariletku\/\" target=\"_blank\" rel=\"noopener noreferrer\">Paine-eroletku<\/a>\u00a0paine-eromittaukseen esimerkiksi kahden huoneen v\u00e4lill\u00e4<\/p>","protected":false},"excerpt":{"rendered":"<p>Paine-erologgereita k\u00e4ytet\u00e4\u00e4n esimerkiksi ulko- ja sis\u00e4tilojen tai kahden huoneen v\u00e4liseen paine-eron mittaamiseen. Mallit: KP 320: -1000 \u2026 +1000 Pa KP 321: -10\u00a0000 \u2026 +10\u00a0000 Pa -tallennuskapasiteetti 2\u00a0000\u00a0000 mittauslukemaa -nopea tiedonsiirto loggerista tietokoneelle, jopa 18\u00a0000 lukemaa\/sekunti -2 h\u00e4lytysraja-asetusta\/mittauskanava -suojausluokka IP65 -Bluetooth \u2013toiminto (\u00e4lypuhelimet ja tabletit Android tai iOS k\u00e4ytt\u00f6j\u00e4rjestelm\u00e4ll\u00e4) Ohjelmat: KILOG Lite ilmaisohjelma\u00a0loggerin ohjelmointiin ja mittaustietojen&#8230;<\/p>","protected":false},"author":5,"featured_media":2483,"parent":3222,"menu_order":0,"comment_status":"closed","ping_status":"closed","template":"tuote.php","meta":{"_acf_changed":false,"_seopress_robots_primary_cat":"","_seopress_titles_title":"","_seopress_titles_desc":"","_seopress_robots_index":"","_et_pb_use_builder":"","_et_pb_old_content":"","_et_gb_content_width":"","inline_featured_image":false,"footnotes":"","_links_to":"","_links_to_target":""},"categories":[12],"tags":[],"class_list":["post-2383","page","type-page","status-publish","has-post-thumbnail","hentry","category-tuote"],"acf":[],"_links":{"self":[{"href":"https:\/\/aimtec.fi\/en\/wp-json\/wp\/v2\/pages\/2383","targetHints":{"allow":["GET"]}}],"collection":[{"href":"https:\/\/aimtec.fi\/en\/wp-json\/wp\/v2\/pages"}],"about":[{"href":"https:\/\/aimtec.fi\/en\/wp-json\/wp\/v2\/types\/page"}],"author":[{"embeddable":true,"href":"https:\/\/aimtec.fi\/en\/wp-json\/wp\/v2\/users\/5"}],"replies":[{"embeddable":true,"href":"https:\/\/aimtec.fi\/en\/wp-json\/wp\/v2\/comments?post=2383"}],"version-history":[{"count":11,"href":"https:\/\/aimtec.fi\/en\/wp-json\/wp\/v2\/pages\/2383\/revisions"}],"predecessor-version":[{"id":8050,"href":"https:\/\/aimtec.fi\/en\/wp-json\/wp\/v2\/pages\/2383\/revisions\/8050"}],"up":[{"embeddable":true,"href":"https:\/\/aimtec.fi\/en\/wp-json\/wp\/v2\/pages\/3222"}],"wp:featuredmedia":[{"embeddable":true,"href":"https:\/\/aimtec.fi\/en\/wp-json\/wp\/v2\/media\/2483"}],"wp:attachment":[{"href":"https:\/\/aimtec.fi\/en\/wp-json\/wp\/v2\/media?parent=2383"}],"wp:term":[{"taxonomy":"category","embeddable":true,"href":"https:\/\/aimtec.fi\/en\/wp-json\/wp\/v2\/categories?post=2383"},{"taxonomy":"post_tag","embeddable":true,"href":"https:\/\/aimtec.fi\/en\/wp-json\/wp\/v2\/tags?post=2383"}],"curies":[{"name":"wp","href":"https:\/\/api.w.org\/{rel}","templated":true}]}}