{"id":2389,"date":"2018-10-05T10:04:07","date_gmt":"2018-10-05T07:04:07","guid":{"rendered":"https:\/\/www.aimtec.fi\/?page_id=2389"},"modified":"2020-12-07T13:40:21","modified_gmt":"2020-12-07T11:40:21","slug":"kt-320-ja-ktt-320-dataloggerit","status":"publish","type":"page","link":"https:\/\/aimtec.fi\/en\/dataloggerit-2\/kt-320-ja-ktt-320-dataloggerit\/","title":{"rendered":"KIMO &#8211; KT 320 ja KTT 320 dataloggerit (l\u00e4mp\u00f6tila, kosteus, j\u00e4nnite, s\u00e4hk\u00f6virta ja pulssi)"},"content":{"rendered":"<p><strong>L\u00e4mp\u00f6tila \u2013 Kosteus \u2013 J\u00e4nnite \u2013 S\u00e4hk\u00f6virta \u2013 Pulssi<\/strong><\/p>\n<p><strong>Mallit:<\/strong><br \/>\n<strong>KT 320<\/strong>: L\u00e4mp\u00f6tila, kosteus, j\u00e4nnite, s\u00e4hk\u00f6virta ja pulssi<br \/>\n<strong>KTT 320<\/strong>: L\u00e4mp\u00f6tila<\/p>\n<p>-tallennuskapasiteetti 2\u00a0000\u00a0000 mittauslukemaa<br \/>\n-nopea tiedonsiirto loggerista tietokoneelle, jopa 18\u00a0000 lukemaa\/sekunti<br \/>\n-2 h\u00e4lytysraja-asetusta\/mittauskanava<br \/>\n-suojausluokka IP65 (KT 320) ja IP54 (KTT320)<br \/>\n-Bluetooth \u2013toiminto (\u00e4lypuhelimet ja tabletit Android tai iOS k\u00e4ytt\u00f6j\u00e4rjestelm\u00e4ll\u00e4)<\/p>\n<p><strong>Ohjelmat:<\/strong><br \/>\n<strong>KILOG Lite ilmaisohjelma<\/strong>\u00a0loggerin ohjelmointiin ja mittaustietojen tallennukseen. K\u00e4ytt\u00f6kielen\u00e4 my\u00f6s mm. suomi. Lataa ohjelma\u00a0<a href=\"https:\/\/sauermanngroup.com\/en-INT\/resource-center\/softwares\" target=\"_blank\" rel=\"noopener noreferrer\">valmistajan sivuilta<\/a><br \/>\n<strong>KILOG ohjelma<\/strong>\u00a0(lis\u00e4varuste) loggerin ohjelmointiin sek\u00e4 mittaustietojen tallennukseen ja jatkok\u00e4sittelyyn. K\u00e4ytt\u00f6kielen\u00e4 my\u00f6s mm. suomi.<\/p>\n<p><strong>KT 320 loggerin anturit<\/strong>\u00a0ovat\u00a0<strong>SMART PLUG antureita<\/strong>: Loggeri tunnistaa anturin automaattisesti, ja antureihin tallennetaan s\u00e4\u00e4t\u00f6parametrit helpottamaan eri mittauksien k\u00e4ytt\u00f6\u00f6nottoa.<\/p>","protected":false},"excerpt":{"rendered":"<p>L\u00e4mp\u00f6tila \u2013 Kosteus \u2013 J\u00e4nnite \u2013 S\u00e4hk\u00f6virta \u2013 Pulssi Mallit: KT 320: L\u00e4mp\u00f6tila, kosteus, j\u00e4nnite, s\u00e4hk\u00f6virta ja pulssi KTT 320: L\u00e4mp\u00f6tila -tallennuskapasiteetti 2\u00a0000\u00a0000 mittauslukemaa -nopea tiedonsiirto loggerista tietokoneelle, jopa 18\u00a0000 lukemaa\/sekunti -2 h\u00e4lytysraja-asetusta\/mittauskanava -suojausluokka IP65 (KT 320) ja IP54 (KTT320) -Bluetooth \u2013toiminto (\u00e4lypuhelimet ja tabletit Android tai iOS k\u00e4ytt\u00f6j\u00e4rjestelm\u00e4ll\u00e4) Ohjelmat: KILOG Lite ilmaisohjelma\u00a0loggerin ohjelmointiin ja&#8230;<\/p>","protected":false},"author":5,"featured_media":3992,"parent":3222,"menu_order":0,"comment_status":"closed","ping_status":"closed","template":"tuote.php","meta":{"_acf_changed":false,"_seopress_robots_primary_cat":"","_seopress_titles_title":"","_seopress_titles_desc":"","_seopress_robots_index":"","_et_pb_use_builder":"","_et_pb_old_content":"","_et_gb_content_width":"","inline_featured_image":false,"footnotes":"","_links_to":"","_links_to_target":""},"categories":[12],"tags":[],"class_list":["post-2389","page","type-page","status-publish","has-post-thumbnail","hentry","category-tuote"],"acf":[],"_links":{"self":[{"href":"https:\/\/aimtec.fi\/en\/wp-json\/wp\/v2\/pages\/2389","targetHints":{"allow":["GET"]}}],"collection":[{"href":"https:\/\/aimtec.fi\/en\/wp-json\/wp\/v2\/pages"}],"about":[{"href":"https:\/\/aimtec.fi\/en\/wp-json\/wp\/v2\/types\/page"}],"author":[{"embeddable":true,"href":"https:\/\/aimtec.fi\/en\/wp-json\/wp\/v2\/users\/5"}],"replies":[{"embeddable":true,"href":"https:\/\/aimtec.fi\/en\/wp-json\/wp\/v2\/comments?post=2389"}],"version-history":[{"count":10,"href":"https:\/\/aimtec.fi\/en\/wp-json\/wp\/v2\/pages\/2389\/revisions"}],"predecessor-version":[{"id":8057,"href":"https:\/\/aimtec.fi\/en\/wp-json\/wp\/v2\/pages\/2389\/revisions\/8057"}],"up":[{"embeddable":true,"href":"https:\/\/aimtec.fi\/en\/wp-json\/wp\/v2\/pages\/3222"}],"wp:featuredmedia":[{"embeddable":true,"href":"https:\/\/aimtec.fi\/en\/wp-json\/wp\/v2\/media\/3992"}],"wp:attachment":[{"href":"https:\/\/aimtec.fi\/en\/wp-json\/wp\/v2\/media?parent=2389"}],"wp:term":[{"taxonomy":"category","embeddable":true,"href":"https:\/\/aimtec.fi\/en\/wp-json\/wp\/v2\/categories?post=2389"},{"taxonomy":"post_tag","embeddable":true,"href":"https:\/\/aimtec.fi\/en\/wp-json\/wp\/v2\/tags?post=2389"}],"curies":[{"name":"wp","href":"https:\/\/api.w.org\/{rel}","templated":true}]}}