{"id":2395,"date":"2018-10-05T10:29:23","date_gmt":"2018-10-05T07:29:23","guid":{"rendered":"https:\/\/www.aimtec.fi\/?page_id=2395"},"modified":"2020-12-07T14:11:38","modified_gmt":"2020-12-07T12:11:38","slug":"kt-220-kh-220-ja-ktt-220-dataloggerit","status":"publish","type":"page","link":"https:\/\/aimtec.fi\/en\/dataloggerit-2\/kt-220-kh-220-ja-ktt-220-dataloggerit\/","title":{"rendered":"KIMO &#8211; KT220, KH220 ja KTT220 dataloggerit (l\u00e4mp\u00f6tila, kosteus, s\u00e4hk\u00f6virta, j\u00e4nnite, pulssi, vedenpaine ja valo)"},"content":{"rendered":"<p><strong>L\u00e4mp\u00f6tila \u2013 Kosteus \u2013 S\u00e4hk\u00f6virta \u2013 J\u00e4nnite \u2013 Pulssi\u00a0 &#8211; Vedenpaine &#8211; Valo<\/strong><\/p>\n<p><strong>Mallit:<\/strong><br \/>\n<strong>KT 220<\/strong>: L\u00e4mp\u00f6tila, kosteus, s\u00e4hk\u00f6virta, j\u00e4nnite, pulssi ja vedenpaine<br \/>\n<strong>KH 220<\/strong>: L\u00e4mp\u00f6tila, kosteus, s\u00e4hk\u00f6virta, j\u00e4nnite, pulssi, vedenpaine ja valo<br \/>\n<strong>KTT 220<\/strong>: L\u00e4mp\u00f6tila<\/p>\n<p>-tallennuskapasiteetti 1\u00a0000\u00a0000 mittauslukemaa<br \/>\n-nopea tiedonsiirto loggerista tietokoneelle, jopa 18\u00a0000 lukemaa\/sekunti<br \/>\n-2 h\u00e4lytysraja-asetusta\/mittauskanava<br \/>\n-suojausluokka IP65 (KT 220), IP20 (KH 220) ja IP54 (KTT 220)<\/p>\n<p><strong>Ohjelmat:<\/strong><br \/>\n<strong>KILOG Lite ilmaisohjelma<\/strong>\u00a0loggerin ohjelmointiin ja mittaustietojen tallennukseen. K\u00e4ytt\u00f6kielen\u00e4 my\u00f6s mm. suomi. Lataa ohjelma\u00a0<a href=\"https:\/\/sauermanngroup.com\/en-INT\/resource-center\/softwares\" target=\"_blank\" rel=\"noopener noreferrer\">valmistajan sivuilta<\/a><br \/>\n<strong>KILOG ohjelma<\/strong>\u00a0(lis\u00e4varuste) loggerin ohjelmointiin sek\u00e4 mittaustietojen tallennukseen ja jatkok\u00e4sittelyyn. K\u00e4ytt\u00f6kielen\u00e4 my\u00f6s mm. suomi.<\/p>","protected":false},"excerpt":{"rendered":"<p>L\u00e4mp\u00f6tila \u2013 Kosteus \u2013 S\u00e4hk\u00f6virta \u2013 J\u00e4nnite \u2013 Pulssi\u00a0 &#8211; Vedenpaine &#8211; Valo Mallit: KT 220: L\u00e4mp\u00f6tila, kosteus, s\u00e4hk\u00f6virta, j\u00e4nnite, pulssi ja vedenpaine KH 220: L\u00e4mp\u00f6tila, kosteus, s\u00e4hk\u00f6virta, j\u00e4nnite, pulssi, vedenpaine ja valo KTT 220: L\u00e4mp\u00f6tila -tallennuskapasiteetti 1\u00a0000\u00a0000 mittauslukemaa -nopea tiedonsiirto loggerista tietokoneelle, jopa 18\u00a0000 lukemaa\/sekunti -2 h\u00e4lytysraja-asetusta\/mittauskanava -suojausluokka IP65 (KT 220), IP20 (KH 220)&#8230;<\/p>","protected":false},"author":5,"featured_media":2396,"parent":3222,"menu_order":0,"comment_status":"closed","ping_status":"closed","template":"tuote.php","meta":{"_acf_changed":false,"_seopress_robots_primary_cat":"","_seopress_titles_title":"","_seopress_titles_desc":"","_seopress_robots_index":"","_et_pb_use_builder":"","_et_pb_old_content":"","_et_gb_content_width":"","inline_featured_image":false,"footnotes":"","_links_to":"","_links_to_target":""},"categories":[12],"tags":[],"class_list":["post-2395","page","type-page","status-publish","has-post-thumbnail","hentry","category-tuote"],"acf":[],"_links":{"self":[{"href":"https:\/\/aimtec.fi\/en\/wp-json\/wp\/v2\/pages\/2395","targetHints":{"allow":["GET"]}}],"collection":[{"href":"https:\/\/aimtec.fi\/en\/wp-json\/wp\/v2\/pages"}],"about":[{"href":"https:\/\/aimtec.fi\/en\/wp-json\/wp\/v2\/types\/page"}],"author":[{"embeddable":true,"href":"https:\/\/aimtec.fi\/en\/wp-json\/wp\/v2\/users\/5"}],"replies":[{"embeddable":true,"href":"https:\/\/aimtec.fi\/en\/wp-json\/wp\/v2\/comments?post=2395"}],"version-history":[{"count":15,"href":"https:\/\/aimtec.fi\/en\/wp-json\/wp\/v2\/pages\/2395\/revisions"}],"predecessor-version":[{"id":8064,"href":"https:\/\/aimtec.fi\/en\/wp-json\/wp\/v2\/pages\/2395\/revisions\/8064"}],"up":[{"embeddable":true,"href":"https:\/\/aimtec.fi\/en\/wp-json\/wp\/v2\/pages\/3222"}],"wp:featuredmedia":[{"embeddable":true,"href":"https:\/\/aimtec.fi\/en\/wp-json\/wp\/v2\/media\/2396"}],"wp:attachment":[{"href":"https:\/\/aimtec.fi\/en\/wp-json\/wp\/v2\/media?parent=2395"}],"wp:term":[{"taxonomy":"category","embeddable":true,"href":"https:\/\/aimtec.fi\/en\/wp-json\/wp\/v2\/categories?post=2395"},{"taxonomy":"post_tag","embeddable":true,"href":"https:\/\/aimtec.fi\/en\/wp-json\/wp\/v2\/tags?post=2395"}],"curies":[{"name":"wp","href":"https:\/\/api.w.org\/{rel}","templated":true}]}}