{"id":2400,"date":"2018-10-05T10:51:15","date_gmt":"2018-10-05T07:51:15","guid":{"rendered":"https:\/\/www.aimtec.fi\/?page_id=2400"},"modified":"2020-12-07T13:30:55","modified_gmt":"2020-12-07T11:30:55","slug":"kt-120-ja-kh-120-dataloggerit-lampotila-ja-kosteus","status":"publish","type":"page","link":"https:\/\/aimtec.fi\/en\/dataloggerit-2\/kt-120-ja-kh-120-dataloggerit-lampotila-ja-kosteus\/","title":{"rendered":"KIMO &#8211; KT 120 ja KH 120 dataloggerit (l\u00e4mp\u00f6tila ja kosteus)"},"content":{"rendered":"<p><strong>L\u00e4mp\u00f6tila \u2013 Kosteus<\/strong><\/p>\n<p><strong>Mallit:<\/strong><br \/>\n<strong>KT 120<\/strong>: L\u00e4mp\u00f6tila (-40 \u2026 +70 \u00b0C)<br \/>\n<strong>KH 120<\/strong>: L\u00e4mp\u00f6tila ja kosteus (-20 \u2026 +70 \u00b0C, 5 \u2026 95 %RH)<\/p>\n<p>-tallennuskapasiteetti\u00a0 50\u00a0000 mittauslukemaa<br \/>\n-2 h\u00e4lytysraja-asetusta\/mittauskanava<br \/>\n-suojausluokka IP65 (KT 120) ja IP20 (KH120)<\/p>\n<p><strong>Ohjelmat:<\/strong><br \/>\nLoggerissa\u00a0<strong>sis\u00e4\u00e4nrakennettu ohjelma PDF-tiedostona<\/strong>\u00a0ohjelmointiin ja mittaustietojen tallennukseen.<br \/>\n<strong>KILOG Lite<\/strong>\u00a0ilmaisohjelma ohjelmointiin ja mittaustietojen tallennukseen ladattavissa\u00a0<a href=\"https:\/\/sauermanngroup.com\/en-INT\/resource-center\/softwares\" target=\"_blank\" rel=\"noopener noreferrer\">valmistajan sivuilta<\/a>.<br \/>\n<strong>KILOG ohjelma<\/strong>\u00a0(lis\u00e4varuste) loggerin ohjelmointiin sek\u00e4 mittaustietojen tallennukseen ja jatkok\u00e4sittelyyn. K\u00e4ytt\u00f6kielen\u00e4 my\u00f6s mm. suomi<\/p>","protected":false},"excerpt":{"rendered":"<p>L\u00e4mp\u00f6tila \u2013 Kosteus Mallit: KT 120: L\u00e4mp\u00f6tila (-40 \u2026 +70 \u00b0C) KH 120: L\u00e4mp\u00f6tila ja kosteus (-20 \u2026 +70 \u00b0C, 5 \u2026 95 %RH) -tallennuskapasiteetti\u00a0 50\u00a0000 mittauslukemaa -2 h\u00e4lytysraja-asetusta\/mittauskanava -suojausluokka IP65 (KT 120) ja IP20 (KH120) Ohjelmat: Loggerissa\u00a0sis\u00e4\u00e4nrakennettu ohjelma PDF-tiedostona\u00a0ohjelmointiin ja mittaustietojen tallennukseen. KILOG Lite\u00a0ilmaisohjelma ohjelmointiin ja mittaustietojen tallennukseen ladattavissa\u00a0valmistajan sivuilta. KILOG ohjelma\u00a0(lis\u00e4varuste) loggerin ohjelmointiin&#8230;<\/p>","protected":false},"author":5,"featured_media":2407,"parent":3222,"menu_order":0,"comment_status":"closed","ping_status":"closed","template":"tuote.php","meta":{"_acf_changed":false,"_seopress_robots_primary_cat":"","_seopress_titles_title":"","_seopress_titles_desc":"","_seopress_robots_index":"","_et_pb_use_builder":"","_et_pb_old_content":"","_et_gb_content_width":"","inline_featured_image":false,"footnotes":"","_links_to":"","_links_to_target":""},"categories":[12],"tags":[],"class_list":["post-2400","page","type-page","status-publish","has-post-thumbnail","hentry","category-tuote"],"acf":[],"_links":{"self":[{"href":"https:\/\/aimtec.fi\/en\/wp-json\/wp\/v2\/pages\/2400","targetHints":{"allow":["GET"]}}],"collection":[{"href":"https:\/\/aimtec.fi\/en\/wp-json\/wp\/v2\/pages"}],"about":[{"href":"https:\/\/aimtec.fi\/en\/wp-json\/wp\/v2\/types\/page"}],"author":[{"embeddable":true,"href":"https:\/\/aimtec.fi\/en\/wp-json\/wp\/v2\/users\/5"}],"replies":[{"embeddable":true,"href":"https:\/\/aimtec.fi\/en\/wp-json\/wp\/v2\/comments?post=2400"}],"version-history":[{"count":4,"href":"https:\/\/aimtec.fi\/en\/wp-json\/wp\/v2\/pages\/2400\/revisions"}],"predecessor-version":[{"id":8052,"href":"https:\/\/aimtec.fi\/en\/wp-json\/wp\/v2\/pages\/2400\/revisions\/8052"}],"up":[{"embeddable":true,"href":"https:\/\/aimtec.fi\/en\/wp-json\/wp\/v2\/pages\/3222"}],"wp:featuredmedia":[{"embeddable":true,"href":"https:\/\/aimtec.fi\/en\/wp-json\/wp\/v2\/media\/2407"}],"wp:attachment":[{"href":"https:\/\/aimtec.fi\/en\/wp-json\/wp\/v2\/media?parent=2400"}],"wp:term":[{"taxonomy":"category","embeddable":true,"href":"https:\/\/aimtec.fi\/en\/wp-json\/wp\/v2\/categories?post=2400"},{"taxonomy":"post_tag","embeddable":true,"href":"https:\/\/aimtec.fi\/en\/wp-json\/wp\/v2\/tags?post=2400"}],"curies":[{"name":"wp","href":"https:\/\/api.w.org\/{rel}","templated":true}]}}