{"id":2422,"date":"2018-10-05T13:04:16","date_gmt":"2018-10-05T10:04:16","guid":{"rendered":"https:\/\/www.aimtec.fi\/?page_id=2422"},"modified":"2020-12-07T13:26:32","modified_gmt":"2020-12-07T11:26:32","slug":"knt-320-tietojenkeraaja-kimo-dataloggereille","status":"publish","type":"page","link":"https:\/\/aimtec.fi\/en\/dataloggerit-2\/knt-320-tietojenkeraaja-kimo-dataloggereille\/","title":{"rendered":"KIMO &#8211; KNT 320 tietojenker\u00e4\u00e4j\u00e4 Kimo dataloggereille"},"content":{"rendered":"<p><strong>KNT 320 tietojenker\u00e4\u00e4j\u00e4\u00e4n<\/strong>\u00a0voidaan siirt\u00e4\u00e4 ja tallentaa mittaustiedostot useammasta Kimo dataloggerista paikan p\u00e4\u00e4ll\u00e4. N\u00e4in itse dataloggereita ei tarvitse siirt\u00e4\u00e4 asennuspaikastaan mittauksien tietokoneelle siirtoa varten. KNT 320 ker\u00e4\u00e4j\u00e4n tallennuskapasiteetti on max 20 000 000 mittauslukemaa.<\/p>\n<p>&#8211;<strong>Nopea tiedonsiirto<\/strong>: Loggerista ker\u00e4\u00e4j\u00e4\u00e4n 400 lukemaa\/sekunti, ker\u00e4\u00e4j\u00e4st\u00e4 tietokoneeseen 1000 lukemaa\/sekunti<br \/>\n&#8211;<strong>Ladattava akku<\/strong>. Ker\u00e4\u00e4j\u00e4 liitet\u00e4\u00e4n tietokoneen USB-porttiin latausta varten<br \/>\n&#8211;<strong>Suojausluokka<\/strong>: IP65<\/p>\n<p>KNT 320 tietojenker\u00e4\u00e4j\u00e4\u00e4 k\u00e4ytet\u00e4\u00e4n\u00a0<strong>KILOG 2015<\/strong>\u00a0ohjelman kanssa.<\/p>","protected":false},"excerpt":{"rendered":"<p>KNT 320 tietojenker\u00e4\u00e4j\u00e4\u00e4n\u00a0voidaan siirt\u00e4\u00e4 ja tallentaa mittaustiedostot useammasta Kimo dataloggerista paikan p\u00e4\u00e4ll\u00e4. N\u00e4in itse dataloggereita ei tarvitse siirt\u00e4\u00e4 asennuspaikastaan mittauksien tietokoneelle siirtoa varten. KNT 320 ker\u00e4\u00e4j\u00e4n tallennuskapasiteetti on max 20 000 000 mittauslukemaa. &#8211;Nopea tiedonsiirto: Loggerista ker\u00e4\u00e4j\u00e4\u00e4n 400 lukemaa\/sekunti, ker\u00e4\u00e4j\u00e4st\u00e4 tietokoneeseen 1000 lukemaa\/sekunti &#8211;Ladattava akku. Ker\u00e4\u00e4j\u00e4 liitet\u00e4\u00e4n tietokoneen USB-porttiin latausta varten &#8211;Suojausluokka: IP65 KNT 320&#8230;<\/p>","protected":false},"author":5,"featured_media":2469,"parent":3222,"menu_order":0,"comment_status":"closed","ping_status":"closed","template":"tuote.php","meta":{"_acf_changed":false,"_seopress_robots_primary_cat":"","_seopress_titles_title":"","_seopress_titles_desc":"","_seopress_robots_index":"","_et_pb_use_builder":"","_et_pb_old_content":"","_et_gb_content_width":"","inline_featured_image":false,"footnotes":"","_links_to":"","_links_to_target":""},"categories":[12],"tags":[],"class_list":["post-2422","page","type-page","status-publish","has-post-thumbnail","hentry","category-tuote"],"acf":[],"_links":{"self":[{"href":"https:\/\/aimtec.fi\/en\/wp-json\/wp\/v2\/pages\/2422","targetHints":{"allow":["GET"]}}],"collection":[{"href":"https:\/\/aimtec.fi\/en\/wp-json\/wp\/v2\/pages"}],"about":[{"href":"https:\/\/aimtec.fi\/en\/wp-json\/wp\/v2\/types\/page"}],"author":[{"embeddable":true,"href":"https:\/\/aimtec.fi\/en\/wp-json\/wp\/v2\/users\/5"}],"replies":[{"embeddable":true,"href":"https:\/\/aimtec.fi\/en\/wp-json\/wp\/v2\/comments?post=2422"}],"version-history":[{"count":4,"href":"https:\/\/aimtec.fi\/en\/wp-json\/wp\/v2\/pages\/2422\/revisions"}],"predecessor-version":[{"id":8048,"href":"https:\/\/aimtec.fi\/en\/wp-json\/wp\/v2\/pages\/2422\/revisions\/8048"}],"up":[{"embeddable":true,"href":"https:\/\/aimtec.fi\/en\/wp-json\/wp\/v2\/pages\/3222"}],"wp:featuredmedia":[{"embeddable":true,"href":"https:\/\/aimtec.fi\/en\/wp-json\/wp\/v2\/media\/2469"}],"wp:attachment":[{"href":"https:\/\/aimtec.fi\/en\/wp-json\/wp\/v2\/media?parent=2422"}],"wp:term":[{"taxonomy":"category","embeddable":true,"href":"https:\/\/aimtec.fi\/en\/wp-json\/wp\/v2\/categories?post=2422"},{"taxonomy":"post_tag","embeddable":true,"href":"https:\/\/aimtec.fi\/en\/wp-json\/wp\/v2\/tags?post=2422"}],"curies":[{"name":"wp","href":"https:\/\/api.w.org\/{rel}","templated":true}]}}