{"id":2435,"date":"2018-10-05T12:10:22","date_gmt":"2018-10-05T09:10:22","guid":{"rendered":"https:\/\/www.aimtec.fi\/?page_id=2435"},"modified":"2020-12-07T13:43:13","modified_gmt":"2020-12-07T11:43:13","slug":"kt-50-ja-kh-50-dataloggerit-lampotila-kosteus","status":"publish","type":"page","link":"https:\/\/aimtec.fi\/en\/dataloggerit-2\/kt-50-ja-kh-50-dataloggerit-lampotila-kosteus\/","title":{"rendered":"KIMO &#8211; KT 50 ja KH 50 dataloggerit (l\u00e4mp\u00f6tila, kosteus)"},"content":{"rendered":"<p>Pienikokoinen ja tehokas dataloggeri l\u00e4mp\u00f6tila- ja kosteusmittausten tallennukseen ja seurantaan mm. elintarviketeollisuudessa, l\u00e4\u00e4keteollisuudessa sek\u00e4 l\u00e4mp\u00f6tilalle herkkien tuotteiden varastoinnissa ja k\u00e4sittelyss\u00e4.<\/p>\n<p><strong>Mallit:<\/strong><br \/>\n&#8211;<strong>KT 50 l\u00e4mp\u00f6tilaloggeri\u00a0<\/strong>(-40 \u2026 +70 \u00b0C).\u00a0<strong>EN 12830<\/strong>\u00a0standardin mukainen<br \/>\n&#8211;<strong>KH 50 l\u00e4mp\u00f6tila- ja kosteusloggeri\u00a0<\/strong>(-20 \u2026 +70 \u00b0C, 5 \u2026 95 %RH)<\/p>\n<ul>\n<li>jopa 16 000 tallennettua mittauslukemaa<\/li>\n<li>2 h\u00e4lytysraja-asetusta\/mittauskanava<\/li>\n<li>mitat 60 x 40 x 20 mm<\/li>\n<li>nopea tiedonsiirto loggerista tietokoneelle (1000 lukemaa\/sekunti)<\/li>\n<li>magneettikiinnitys<\/li>\n<li>kotelointi IP65 (KT50) ja IP20 (KH50)<\/li>\n<\/ul>\n<p><strong>KILOG Lite ilmaisohjelma<\/strong>\u00a0loggerin ohjelmointiin ja mittaustietojen tallennukseen. K\u00e4ytt\u00f6kielen\u00e4 my\u00f6s mm. suomi. Lataa ohjelma\u00a0<a href=\"https:\/\/sauermanngroup.com\/en-INT\/resource-center\/softwares\" target=\"_blank\" rel=\"noopener noreferrer\">valmistajan sivuilta<\/a><br \/>\n<strong>KILOG ohjelma<\/strong>\u00a0(lis\u00e4varuste) loggerin ohjelmointiin sek\u00e4 mittaustietojen tallennukseen ja jatkok\u00e4sittelyyn. K\u00e4ytt\u00f6kielen\u00e4 my\u00f6s mm. suomi.<\/p>","protected":false},"excerpt":{"rendered":"<p>Pienikokoinen ja tehokas dataloggeri l\u00e4mp\u00f6tila- ja kosteusmittausten tallennukseen ja seurantaan mm. elintarviketeollisuudessa, l\u00e4\u00e4keteollisuudessa sek\u00e4 l\u00e4mp\u00f6tilalle herkkien tuotteiden varastoinnissa ja k\u00e4sittelyss\u00e4. Mallit: &#8211;KT 50 l\u00e4mp\u00f6tilaloggeri\u00a0(-40 \u2026 +70 \u00b0C).\u00a0EN 12830\u00a0standardin mukainen &#8211;KH 50 l\u00e4mp\u00f6tila- ja kosteusloggeri\u00a0(-20 \u2026 +70 \u00b0C, 5 \u2026 95 %RH) jopa 16 000 tallennettua mittauslukemaa 2 h\u00e4lytysraja-asetusta\/mittauskanava mitat 60 x 40 x 20 mm&#8230;<\/p>","protected":false},"author":5,"featured_media":2436,"parent":3222,"menu_order":0,"comment_status":"closed","ping_status":"closed","template":"tuote.php","meta":{"_acf_changed":false,"_seopress_robots_primary_cat":"","_seopress_titles_title":"","_seopress_titles_desc":"","_seopress_robots_index":"","_et_pb_use_builder":"","_et_pb_old_content":"","_et_gb_content_width":"","inline_featured_image":false,"footnotes":"","_links_to":"","_links_to_target":""},"categories":[12],"tags":[],"class_list":["post-2435","page","type-page","status-publish","has-post-thumbnail","hentry","category-tuote"],"acf":[],"_links":{"self":[{"href":"https:\/\/aimtec.fi\/en\/wp-json\/wp\/v2\/pages\/2435","targetHints":{"allow":["GET"]}}],"collection":[{"href":"https:\/\/aimtec.fi\/en\/wp-json\/wp\/v2\/pages"}],"about":[{"href":"https:\/\/aimtec.fi\/en\/wp-json\/wp\/v2\/types\/page"}],"author":[{"embeddable":true,"href":"https:\/\/aimtec.fi\/en\/wp-json\/wp\/v2\/users\/5"}],"replies":[{"embeddable":true,"href":"https:\/\/aimtec.fi\/en\/wp-json\/wp\/v2\/comments?post=2435"}],"version-history":[{"count":7,"href":"https:\/\/aimtec.fi\/en\/wp-json\/wp\/v2\/pages\/2435\/revisions"}],"predecessor-version":[{"id":8059,"href":"https:\/\/aimtec.fi\/en\/wp-json\/wp\/v2\/pages\/2435\/revisions\/8059"}],"up":[{"embeddable":true,"href":"https:\/\/aimtec.fi\/en\/wp-json\/wp\/v2\/pages\/3222"}],"wp:featuredmedia":[{"embeddable":true,"href":"https:\/\/aimtec.fi\/en\/wp-json\/wp\/v2\/media\/2436"}],"wp:attachment":[{"href":"https:\/\/aimtec.fi\/en\/wp-json\/wp\/v2\/media?parent=2435"}],"wp:term":[{"taxonomy":"category","embeddable":true,"href":"https:\/\/aimtec.fi\/en\/wp-json\/wp\/v2\/categories?post=2435"},{"taxonomy":"post_tag","embeddable":true,"href":"https:\/\/aimtec.fi\/en\/wp-json\/wp\/v2\/tags?post=2435"}],"curies":[{"name":"wp","href":"https:\/\/api.w.org\/{rel}","templated":true}]}}