{"id":2474,"date":"2018-10-05T13:15:44","date_gmt":"2018-10-05T10:15:44","guid":{"rendered":"https:\/\/www.aimtec.fi\/?page_id=2474"},"modified":"2025-06-27T14:40:45","modified_gmt":"2025-06-27T11:40:45","slug":"bluelog-lampotilaloggeri-kuljetuksiin","status":"publish","type":"page","link":"https:\/\/aimtec.fi\/en\/dataloggerit-2\/bluelog-lampotilaloggeri-kuljetuksiin\/","title":{"rendered":"BlueLOG l\u00e4mp\u00f6tilaloggeri kuljetuksiin"},"content":{"rendered":"<p>Bluetooth-l\u00e4mp\u00f6tiladataloggeri, jota hallitaan Android- ja iOS-laitteilla BlueTrails-sovelluksella kuljetusten valvontaan.<br \/>\nDataloggeri yhdistet\u00e4\u00e4n \u00e4lypuhelimeen ja se l\u00e4hett\u00e4\u00e4 tietoja Bluetoothin kautta (BLE 5.0, mutta toimii my\u00f6s 4.0:n ja uudempien kanssa) ohjelmoitavalla nopeudella. Tiedot n\u00e4ytet\u00e4\u00e4n reaaliajassa \u00e4lypuhelimen n\u00e4yt\u00f6ll\u00e4 ja h\u00e4lytykset annetaan, kun l\u00e4mp\u00f6tila on rajojen ulkopuolella. Toimituksen yhteydess\u00e4 tietoja voidaan l\u00e4hett\u00e4\u00e4 s\u00e4hk\u00f6postitse. Bluetooth-l\u00e4mp\u00f6tulostimen avulla tiedot voidaan tulostaa ja antaa toimitusasiakirjojen mukana.<br \/>\nLaitteen takana on kontaktiton tunniste, jonka avulla se yhdistet\u00e4\u00e4n v\u00e4litt\u00f6m\u00e4sti \u00e4lypuhelimeesi. Voit my\u00f6s yhdist\u00e4\u00e4 sen lukemalla QR-koodin tai painamalla painiketta.<\/p>\n<p>T\u00e4rkeimm\u00e4t ominaisuudet:<br \/>\n\u2022 Sis\u00e4inen l\u00e4mp\u00f6tila-anturi<br \/>\n\u2022 Summeri \u00e4\u00e4nih\u00e4lytyksille<br \/>\n\u2022 Yhdist\u00e4minen puhelimeen QR-koodilla, painikkeella ja kontaktittomalla tunnisteella (loggerin takana)<br \/>\n\u2022 Erilaiset valvontatilat: reaaliajassa (jopa useita loggereita samanaikaisesti) tai purkamisen yhteydess\u00e4 m\u00e4\u00e4r\u00e4np\u00e4\u00e4ss\u00e4<br \/>\n\u2022 K\u00e4ynnistys ja pys\u00e4ytys painikkeella<br \/>\n\u2022 Paikanna loggerisi muiden joukosta sytytt\u00e4m\u00e4ll\u00e4 LED-valot tai aktivoimalla summeri<br \/>\n\u2022 Pitk\u00e4 akunkesto: 2 vuotta jatkuvalla l\u00e4hetyksell\u00e4 15 minuutin v\u00e4lein<br \/>\n\u2022 Reaaliaikainen tarkistus k\u00e4ytt\u00e4j\u00e4n ohjelmoitavia h\u00e4lytyskynnysarvoja vasten<br \/>\n\u2022 Visuaaliset ja akustiset h\u00e4lytykset<br \/>\n\u2022 Luo PDF-, Excel- ja CSV-raportteja, jotka voidaan l\u00e4hett\u00e4\u00e4 s\u00e4hk\u00f6postitse<br \/>\n\u2022 Valinnainen referenssij\u00e4ljitett\u00e4v\u00e4 kalibrointisertifikaatti saatavilla<br \/>\n\u2022 Mahdollisuus l\u00e4hett\u00e4\u00e4 tietoja Tecnosoft Cloudiin, Nebula of Dataan (NOD)<\/p>","protected":false},"excerpt":{"rendered":"<p>Bluetooth-l\u00e4mp\u00f6tiladataloggeri, jota hallitaan Android- ja iOS-laitteilla BlueTrails-sovelluksella kuljetusten valvontaan. Dataloggeri yhdistet\u00e4\u00e4n \u00e4lypuhelimeen ja se l\u00e4hett\u00e4\u00e4 tietoja Bluetoothin kautta (BLE 5.0, mutta toimii my\u00f6s 4.0:n ja uudempien kanssa) ohjelmoitavalla nopeudella. Tiedot n\u00e4ytet\u00e4\u00e4n reaaliajassa \u00e4lypuhelimen n\u00e4yt\u00f6ll\u00e4 ja h\u00e4lytykset annetaan, kun l\u00e4mp\u00f6tila on rajojen ulkopuolella. Toimituksen yhteydess\u00e4 tietoja voidaan l\u00e4hett\u00e4\u00e4 s\u00e4hk\u00f6postitse. Bluetooth-l\u00e4mp\u00f6tulostimen avulla tiedot voidaan tulostaa ja antaa&#8230;<\/p>","protected":false},"author":5,"featured_media":18059,"parent":3222,"menu_order":0,"comment_status":"closed","ping_status":"closed","template":"tuote.php","meta":{"_acf_changed":false,"_seopress_robots_primary_cat":"","_seopress_titles_title":"","_seopress_titles_desc":"","_seopress_robots_index":"","_et_pb_use_builder":"","_et_pb_old_content":"","_et_gb_content_width":"","inline_featured_image":false,"footnotes":"","_links_to":"","_links_to_target":""},"categories":[12],"tags":[],"class_list":["post-2474","page","type-page","status-publish","has-post-thumbnail","hentry","category-tuote"],"acf":[],"_links":{"self":[{"href":"https:\/\/aimtec.fi\/en\/wp-json\/wp\/v2\/pages\/2474","targetHints":{"allow":["GET"]}}],"collection":[{"href":"https:\/\/aimtec.fi\/en\/wp-json\/wp\/v2\/pages"}],"about":[{"href":"https:\/\/aimtec.fi\/en\/wp-json\/wp\/v2\/types\/page"}],"author":[{"embeddable":true,"href":"https:\/\/aimtec.fi\/en\/wp-json\/wp\/v2\/users\/5"}],"replies":[{"embeddable":true,"href":"https:\/\/aimtec.fi\/en\/wp-json\/wp\/v2\/comments?post=2474"}],"version-history":[{"count":9,"href":"https:\/\/aimtec.fi\/en\/wp-json\/wp\/v2\/pages\/2474\/revisions"}],"predecessor-version":[{"id":18064,"href":"https:\/\/aimtec.fi\/en\/wp-json\/wp\/v2\/pages\/2474\/revisions\/18064"}],"up":[{"embeddable":true,"href":"https:\/\/aimtec.fi\/en\/wp-json\/wp\/v2\/pages\/3222"}],"wp:featuredmedia":[{"embeddable":true,"href":"https:\/\/aimtec.fi\/en\/wp-json\/wp\/v2\/media\/18059"}],"wp:attachment":[{"href":"https:\/\/aimtec.fi\/en\/wp-json\/wp\/v2\/media?parent=2474"}],"wp:term":[{"taxonomy":"category","embeddable":true,"href":"https:\/\/aimtec.fi\/en\/wp-json\/wp\/v2\/categories?post=2474"},{"taxonomy":"post_tag","embeddable":true,"href":"https:\/\/aimtec.fi\/en\/wp-json\/wp\/v2\/tags?post=2474"}],"curies":[{"name":"wp","href":"https:\/\/api.w.org\/{rel}","templated":true}]}}