{"id":2489,"date":"2018-10-05T13:56:42","date_gmt":"2018-10-05T10:56:42","guid":{"rendered":"https:\/\/www.aimtec.fi\/?page_id=2489"},"modified":"2024-04-16T14:18:52","modified_gmt":"2024-04-16T11:18:52","slug":"ve-300-videoendoskooppi","status":"publish","type":"page","link":"https:\/\/aimtec.fi\/en\/endoskoopit\/ve-300-videoendoskooppi\/","title":{"rendered":"W\u00f6hler VE 320 videoendoskooppi"},"content":{"rendered":"<p>Vaikeap\u00e4\u00e4syisten kohteiden tutkimiseen.<br \/>\nEsim. kattoeristeet, poistoputket, pesualtaat, tulisijat, huoltoaukot.<\/p>\n<p>-HD-ready kuvanlaatu<br \/>\n-3.5&#8243; v\u00e4ri LCD n\u00e4ytt\u00f6<br \/>\n-\u00d8 7,6 mm kamerap\u00e4\u00e4 (lis\u00e4varuste: \u00d8 3,9 mm kamerap\u00e4\u00e4)<br \/>\n-1 metrin pituinen kamera-anturi<br \/>\n-Kamerap\u00e4\u00e4ss\u00e4 6 LED valoa + kamerarungossa 4 LEDin lis\u00e4valo<br \/>\n-Valokuva- ja videotoiminnot<\/p>\n<p><strong>VE 320 videoendoskoopin toimitussis\u00e4lt\u00f6:<\/strong><br \/>\n-videoendoskooppi<br \/>\n&#8211; \u00d8 7,6 mm kamerap\u00e4\u00e4 1 metrin kamera-anturilla<br \/>\n-ladattava litiumioniakku<br \/>\n-micro-USB-kaapeli verkkoadapterilla<br \/>\n-32 Gb micro-SD-muistikortti<br \/>\n-anturitarvikkeet: peili, koukku, magneetti<br \/>\n-muovinen kuljetuslaukku<\/p>","protected":false},"excerpt":{"rendered":"<p>Vaikeap\u00e4\u00e4syisten kohteiden tutkimiseen. Esim. kattoeristeet, poistoputket, pesualtaat, tulisijat, huoltoaukot. -HD-ready kuvanlaatu -3.5&#8243; v\u00e4ri LCD n\u00e4ytt\u00f6 -\u00d8 7,6 mm kamerap\u00e4\u00e4 (lis\u00e4varuste: \u00d8 3,9 mm kamerap\u00e4\u00e4) -1 metrin pituinen kamera-anturi -Kamerap\u00e4\u00e4ss\u00e4 6 LED valoa + kamerarungossa 4 LEDin lis\u00e4valo -Valokuva- ja videotoiminnot VE 320 videoendoskoopin toimitussis\u00e4lt\u00f6: -videoendoskooppi &#8211; \u00d8 7,6 mm kamerap\u00e4\u00e4 1 metrin kamera-anturilla -ladattava litiumioniakku&#8230;<\/p>","protected":false},"author":5,"featured_media":8083,"parent":2994,"menu_order":0,"comment_status":"closed","ping_status":"closed","template":"tuote.php","meta":{"_acf_changed":false,"_seopress_robots_primary_cat":"","_seopress_titles_title":"","_seopress_titles_desc":"","_seopress_robots_index":"","_et_pb_use_builder":"","_et_pb_old_content":"","_et_gb_content_width":"","inline_featured_image":false,"footnotes":"","_links_to":"","_links_to_target":""},"categories":[12],"tags":[],"class_list":["post-2489","page","type-page","status-publish","has-post-thumbnail","hentry","category-tuote"],"acf":[],"_links":{"self":[{"href":"https:\/\/aimtec.fi\/en\/wp-json\/wp\/v2\/pages\/2489","targetHints":{"allow":["GET"]}}],"collection":[{"href":"https:\/\/aimtec.fi\/en\/wp-json\/wp\/v2\/pages"}],"about":[{"href":"https:\/\/aimtec.fi\/en\/wp-json\/wp\/v2\/types\/page"}],"author":[{"embeddable":true,"href":"https:\/\/aimtec.fi\/en\/wp-json\/wp\/v2\/users\/5"}],"replies":[{"embeddable":true,"href":"https:\/\/aimtec.fi\/en\/wp-json\/wp\/v2\/comments?post=2489"}],"version-history":[{"count":8,"href":"https:\/\/aimtec.fi\/en\/wp-json\/wp\/v2\/pages\/2489\/revisions"}],"predecessor-version":[{"id":17937,"href":"https:\/\/aimtec.fi\/en\/wp-json\/wp\/v2\/pages\/2489\/revisions\/17937"}],"up":[{"embeddable":true,"href":"https:\/\/aimtec.fi\/en\/wp-json\/wp\/v2\/pages\/2994"}],"wp:featuredmedia":[{"embeddable":true,"href":"https:\/\/aimtec.fi\/en\/wp-json\/wp\/v2\/media\/8083"}],"wp:attachment":[{"href":"https:\/\/aimtec.fi\/en\/wp-json\/wp\/v2\/media?parent=2489"}],"wp:term":[{"taxonomy":"category","embeddable":true,"href":"https:\/\/aimtec.fi\/en\/wp-json\/wp\/v2\/categories?post=2489"},{"taxonomy":"post_tag","embeddable":true,"href":"https:\/\/aimtec.fi\/en\/wp-json\/wp\/v2\/tags?post=2489"}],"curies":[{"name":"wp","href":"https:\/\/api.w.org\/{rel}","templated":true}]}}