{"id":2506,"date":"2018-10-05T14:49:37","date_gmt":"2018-10-05T11:49:37","guid":{"rendered":"https:\/\/www.aimtec.fi\/?page_id=2506"},"modified":"2024-04-16T14:19:25","modified_gmt":"2024-04-16T11:19:25","slug":"wohler-ve-200-videoendoskooppi","status":"publish","type":"page","link":"https:\/\/aimtec.fi\/en\/endoskoopit\/wohler-ve-200-videoendoskooppi\/","title":{"rendered":"W\u00f6hler &#8211; VE 200 videoendoskooppi"},"content":{"rendered":"<p>Vaikeap\u00e4\u00e4syisten kohteiden (koko \u00d820 mm yl\u00f6sp\u00e4in) tutkimiseen.\u00a0Esim. kattoeristeet, poistoputket, pesualtaat, tulisijat. Langaton kuvan ja videon n\u00e4ytt\u00f6 kannettavalta tietokoneelta, tabletista tai \u00e4lypuhelimesta (ei Windows Phone yhteensopiva)<\/p>\n<p><strong>Edut:<\/strong><\/p>\n<ul>\n<li>Valokuva- ja videotoiminnot<\/li>\n<li>Suora tiedonsiirto endoskooppi -&gt; tietokone\/tabletti\/\u00e4lypuhelin<\/li>\n<li>Langaton kuvan n\u00e4ytt\u00f6 kannettavissa laitteissa (esim. minikannettavat, \u00e4lypuhelimet, tabletit)<\/li>\n<li>1,2 m joutsenkaula<\/li>\n<li>Videon tallennus<\/li>\n<li>S\u00e4\u00e4dett\u00e4v\u00e4, 1 W lis\u00e4-LED valo<\/li>\n<\/ul>\n<p>Toimitussis\u00e4lt\u00f6: W\u00f6hler VE 200 videoendoskooppi, 1.2 m kamerakaapeli, minikamerap\u00e4\u00e4, 4 x AA paristo ja muovinen kantolaukku.<\/p>","protected":false},"excerpt":{"rendered":"<p>Vaikeap\u00e4\u00e4syisten kohteiden (koko \u00d820 mm yl\u00f6sp\u00e4in) tutkimiseen.\u00a0Esim. kattoeristeet, poistoputket, pesualtaat, tulisijat. Langaton kuvan ja videon n\u00e4ytt\u00f6 kannettavalta tietokoneelta, tabletista tai \u00e4lypuhelimesta (ei Windows Phone yhteensopiva) Edut: Valokuva- ja videotoiminnot Suora tiedonsiirto endoskooppi -&gt; tietokone\/tabletti\/\u00e4lypuhelin Langaton kuvan n\u00e4ytt\u00f6 kannettavissa laitteissa (esim. minikannettavat, \u00e4lypuhelimet, tabletit) 1,2 m joutsenkaula Videon tallennus S\u00e4\u00e4dett\u00e4v\u00e4, 1 W lis\u00e4-LED valo Toimitussis\u00e4lt\u00f6: W\u00f6hler&#8230;<\/p>","protected":false},"author":5,"featured_media":2507,"parent":2994,"menu_order":0,"comment_status":"closed","ping_status":"closed","template":"tuote.php","meta":{"_acf_changed":false,"_seopress_robots_primary_cat":"","_seopress_titles_title":"","_seopress_titles_desc":"","_seopress_robots_index":"","_et_pb_use_builder":"","_et_pb_old_content":"","_et_gb_content_width":"","inline_featured_image":false,"footnotes":"","_links_to":"","_links_to_target":""},"categories":[12],"tags":[],"class_list":["post-2506","page","type-page","status-publish","has-post-thumbnail","hentry","category-tuote"],"acf":[],"_links":{"self":[{"href":"https:\/\/aimtec.fi\/en\/wp-json\/wp\/v2\/pages\/2506","targetHints":{"allow":["GET"]}}],"collection":[{"href":"https:\/\/aimtec.fi\/en\/wp-json\/wp\/v2\/pages"}],"about":[{"href":"https:\/\/aimtec.fi\/en\/wp-json\/wp\/v2\/types\/page"}],"author":[{"embeddable":true,"href":"https:\/\/aimtec.fi\/en\/wp-json\/wp\/v2\/users\/5"}],"replies":[{"embeddable":true,"href":"https:\/\/aimtec.fi\/en\/wp-json\/wp\/v2\/comments?post=2506"}],"version-history":[{"count":9,"href":"https:\/\/aimtec.fi\/en\/wp-json\/wp\/v2\/pages\/2506\/revisions"}],"predecessor-version":[{"id":17938,"href":"https:\/\/aimtec.fi\/en\/wp-json\/wp\/v2\/pages\/2506\/revisions\/17938"}],"up":[{"embeddable":true,"href":"https:\/\/aimtec.fi\/en\/wp-json\/wp\/v2\/pages\/2994"}],"wp:featuredmedia":[{"embeddable":true,"href":"https:\/\/aimtec.fi\/en\/wp-json\/wp\/v2\/media\/2507"}],"wp:attachment":[{"href":"https:\/\/aimtec.fi\/en\/wp-json\/wp\/v2\/media?parent=2506"}],"wp:term":[{"taxonomy":"category","embeddable":true,"href":"https:\/\/aimtec.fi\/en\/wp-json\/wp\/v2\/categories?post=2506"},{"taxonomy":"post_tag","embeddable":true,"href":"https:\/\/aimtec.fi\/en\/wp-json\/wp\/v2\/tags?post=2506"}],"curies":[{"name":"wp","href":"https:\/\/api.w.org\/{rel}","templated":true}]}}