{"id":2514,"date":"2018-10-05T15:20:56","date_gmt":"2018-10-05T12:20:56","guid":{"rendered":"https:\/\/www.aimtec.fi\/?page_id=2514"},"modified":"2020-12-08T14:46:35","modified_gmt":"2020-12-08T12:46:35","slug":"kimo-ami-310-ilmanvaihdon-monitoimimittari","status":"publish","type":"page","link":"https:\/\/aimtec.fi\/en\/ilmanvaihtomittarit\/kimo-ami-310-ilmanvaihdon-monitoimimittari\/","title":{"rendered":"Kimo &#8211; AMI 310 ilmanvaihdon monitoimimittari"},"content":{"rendered":"<p><strong>VAIHDETTAVAT MITTAUSMODUULIT<\/strong><br \/>\n1 laite = useita mittausalueita ja parametreja<\/p>\n<p><strong>LANGATON YHTEYS<\/strong><br \/>\nLangaton yhteys mittarin ja anturin v\u00e4lill\u00e4<\/p>\n<p><strong>SMART 2014 J\u00c4RJESTELM\u00c4<\/strong><br \/>\nTunnistaa automaattisesti langalliset ja langattomat anturit<\/p>\n<p><strong>AMI 310 on t\u00e4ydellinen monitoimimittari, jolla voi mitata:<\/strong><\/p>\n<ul>\n<li>l\u00e4mp\u00f6tila<\/li>\n<li>ilmam\u00e4\u00e4r\u00e4<\/li>\n<li>ilmannopeus<\/li>\n<li>paine<\/li>\n<li>kosteus<\/li>\n<li>CO ja CO2<\/li>\n<li>kierrosluku<\/li>\n<li>valo<\/li>\n<li>kaasuvuoto<\/li>\n<\/ul>\n<p>AMI 310 mittari soveltuu niin asuinkiinteist\u00f6jen kuin teollisuuden prosessien ilmastointi- ja ilmanlaatumittauksiin. Mittariin on saatavilla laaja valikoima langallisia ja langattomia antureita sek\u00e4 mittausmoduuleja. Mittarissa on selke\u00e4 v\u00e4rin\u00e4ytt\u00f6, joka n\u00e4ytt\u00e4\u00e4 jopa 6 mittaustulosta samanaikaisesti. Mittarin mukana toimitetaan 4 GB mikro-SD kortti muistikapasiteetin laajentamista varten.<\/p>","protected":false},"excerpt":{"rendered":"<p>VAIHDETTAVAT MITTAUSMODUULIT 1 laite = useita mittausalueita ja parametreja LANGATON YHTEYS Langaton yhteys mittarin ja anturin v\u00e4lill\u00e4 SMART 2014 J\u00c4RJESTELM\u00c4 Tunnistaa automaattisesti langalliset ja langattomat anturit AMI 310 on t\u00e4ydellinen monitoimimittari, jolla voi mitata: l\u00e4mp\u00f6tila ilmam\u00e4\u00e4r\u00e4 ilmannopeus paine kosteus CO ja CO2 kierrosluku valo kaasuvuoto AMI 310 mittari soveltuu niin asuinkiinteist\u00f6jen kuin teollisuuden prosessien ilmastointi-&#8230;<\/p>","protected":false},"author":5,"featured_media":2515,"parent":3052,"menu_order":0,"comment_status":"closed","ping_status":"closed","template":"tuote.php","meta":{"_acf_changed":false,"_seopress_robots_primary_cat":"","_seopress_titles_title":"","_seopress_titles_desc":"","_seopress_robots_index":"","_et_pb_use_builder":"","_et_pb_old_content":"","_et_gb_content_width":"","inline_featured_image":false,"footnotes":"","_links_to":"","_links_to_target":""},"categories":[12],"tags":[],"class_list":["post-2514","page","type-page","status-publish","has-post-thumbnail","hentry","category-tuote"],"acf":[],"_links":{"self":[{"href":"https:\/\/aimtec.fi\/en\/wp-json\/wp\/v2\/pages\/2514","targetHints":{"allow":["GET"]}}],"collection":[{"href":"https:\/\/aimtec.fi\/en\/wp-json\/wp\/v2\/pages"}],"about":[{"href":"https:\/\/aimtec.fi\/en\/wp-json\/wp\/v2\/types\/page"}],"author":[{"embeddable":true,"href":"https:\/\/aimtec.fi\/en\/wp-json\/wp\/v2\/users\/5"}],"replies":[{"embeddable":true,"href":"https:\/\/aimtec.fi\/en\/wp-json\/wp\/v2\/comments?post=2514"}],"version-history":[{"count":5,"href":"https:\/\/aimtec.fi\/en\/wp-json\/wp\/v2\/pages\/2514\/revisions"}],"predecessor-version":[{"id":8088,"href":"https:\/\/aimtec.fi\/en\/wp-json\/wp\/v2\/pages\/2514\/revisions\/8088"}],"up":[{"embeddable":true,"href":"https:\/\/aimtec.fi\/en\/wp-json\/wp\/v2\/pages\/3052"}],"wp:featuredmedia":[{"embeddable":true,"href":"https:\/\/aimtec.fi\/en\/wp-json\/wp\/v2\/media\/2515"}],"wp:attachment":[{"href":"https:\/\/aimtec.fi\/en\/wp-json\/wp\/v2\/media?parent=2514"}],"wp:term":[{"taxonomy":"category","embeddable":true,"href":"https:\/\/aimtec.fi\/en\/wp-json\/wp\/v2\/categories?post=2514"},{"taxonomy":"post_tag","embeddable":true,"href":"https:\/\/aimtec.fi\/en\/wp-json\/wp\/v2\/tags?post=2514"}],"curies":[{"name":"wp","href":"https:\/\/api.w.org\/{rel}","templated":true}]}}