{"id":2527,"date":"2018-10-08T09:15:45","date_gmt":"2018-10-08T06:15:45","guid":{"rendered":"https:\/\/www.aimtec.fi\/?page_id=2527"},"modified":"2020-12-08T14:49:27","modified_gmt":"2020-12-08T12:49:27","slug":"kimo-lv-110-111-ja-117-siipipyoraanemometri","status":"publish","type":"page","link":"https:\/\/aimtec.fi\/en\/ilmanvaihtomittarit\/kimo-lv-110-111-ja-117-siipipyoraanemometri\/","title":{"rendered":"Kimo &#8211; LV 110, 111 ja 117 siipipy\u00f6r\u00e4anemometri"},"content":{"rendered":"<p>LV 110 : \u00d8100 mm siipipy\u00f6r\u00e4<br \/>\nLV 117 : \u00d870 mm siipipy\u00f6r\u00e4<br \/>\nLV 111 : \u00d814 mm siipipy\u00f6r\u00e4<\/p>\n<p><strong>Toiminnot:<\/strong><\/p>\n<ul>\n<li>Ilmannopeuden mittaus<br \/>\n(LV 110: 0,3 &#8230; 35 m\/s. LV 117: 0,4 &#8230; 35 m\/s. LV 111: 0,8 &#8230; 25 m\/s)<\/li>\n<li>Ilmam\u00e4\u00e4r\u00e4n mittaus (0 &#8230; 99 999 m3\/h)<\/li>\n<li>Ymp\u00e4rist\u00f6n l\u00e4mp\u00f6tilan mittaus (-20 &#8230; +80\u00b0C)<\/li>\n<\/ul>\n<p>&nbsp;<\/p>\n<p><strong>Lis\u00e4varusteet mallille LV 110 :<\/strong><\/p>\n<p><a href=\"\/en\/varusteet-ja-tarvikkeet-2\/kimo-k25-mittauskartio\/\" target=\"_blank\" rel=\"noopener noreferrer\">K 25 mittauskartio<\/a>\u00a0(200 x 200 mm, 10 \u2013 300 m3\/h)<\/p>\n<p><a href=\"\/en\/varusteet-ja-tarvikkeet-2\/kimo-k85-mittauskartio\/\" target=\"_blank\" rel=\"noopener noreferrer\">K 85 mittauskartio<\/a>\u00a0(350 x 350 mm, 10 \u2013 400 m3\/h)<\/p>","protected":false},"excerpt":{"rendered":"<p>LV 110 : \u00d8100 mm siipipy\u00f6r\u00e4 LV 117 : \u00d870 mm siipipy\u00f6r\u00e4 LV 111 : \u00d814 mm siipipy\u00f6r\u00e4 Toiminnot: Ilmannopeuden mittaus (LV 110: 0,3 &#8230; 35 m\/s. LV 117: 0,4 &#8230; 35 m\/s. LV 111: 0,8 &#8230; 25 m\/s) Ilmam\u00e4\u00e4r\u00e4n mittaus (0 &#8230; 99 999 m3\/h) Ymp\u00e4rist\u00f6n l\u00e4mp\u00f6tilan mittaus (-20 &#8230; +80\u00b0C) &nbsp; Lis\u00e4varusteet mallille&#8230;<\/p>","protected":false},"author":5,"featured_media":2529,"parent":3052,"menu_order":0,"comment_status":"closed","ping_status":"closed","template":"tuote.php","meta":{"_acf_changed":false,"_seopress_robots_primary_cat":"","_seopress_titles_title":"","_seopress_titles_desc":"","_seopress_robots_index":"","_et_pb_use_builder":"","_et_pb_old_content":"","_et_gb_content_width":"","inline_featured_image":false,"footnotes":"","_links_to":"","_links_to_target":""},"categories":[12],"tags":[],"class_list":["post-2527","page","type-page","status-publish","has-post-thumbnail","hentry","category-tuote"],"acf":[],"_links":{"self":[{"href":"https:\/\/aimtec.fi\/en\/wp-json\/wp\/v2\/pages\/2527","targetHints":{"allow":["GET"]}}],"collection":[{"href":"https:\/\/aimtec.fi\/en\/wp-json\/wp\/v2\/pages"}],"about":[{"href":"https:\/\/aimtec.fi\/en\/wp-json\/wp\/v2\/types\/page"}],"author":[{"embeddable":true,"href":"https:\/\/aimtec.fi\/en\/wp-json\/wp\/v2\/users\/5"}],"replies":[{"embeddable":true,"href":"https:\/\/aimtec.fi\/en\/wp-json\/wp\/v2\/comments?post=2527"}],"version-history":[{"count":4,"href":"https:\/\/aimtec.fi\/en\/wp-json\/wp\/v2\/pages\/2527\/revisions"}],"predecessor-version":[{"id":8090,"href":"https:\/\/aimtec.fi\/en\/wp-json\/wp\/v2\/pages\/2527\/revisions\/8090"}],"up":[{"embeddable":true,"href":"https:\/\/aimtec.fi\/en\/wp-json\/wp\/v2\/pages\/3052"}],"wp:featuredmedia":[{"embeddable":true,"href":"https:\/\/aimtec.fi\/en\/wp-json\/wp\/v2\/media\/2529"}],"wp:attachment":[{"href":"https:\/\/aimtec.fi\/en\/wp-json\/wp\/v2\/media?parent=2527"}],"wp:term":[{"taxonomy":"category","embeddable":true,"href":"https:\/\/aimtec.fi\/en\/wp-json\/wp\/v2\/categories?post=2527"},{"taxonomy":"post_tag","embeddable":true,"href":"https:\/\/aimtec.fi\/en\/wp-json\/wp\/v2\/tags?post=2527"}],"curies":[{"name":"wp","href":"https:\/\/api.w.org\/{rel}","templated":true}]}}