{"id":2531,"date":"2018-10-08T09:19:10","date_gmt":"2018-10-08T06:19:10","guid":{"rendered":"https:\/\/www.aimtec.fi\/?page_id=2531"},"modified":"2020-12-08T14:51:28","modified_gmt":"2020-12-08T12:51:28","slug":"kimo-lv-130-siipipyoraanemometri","status":"publish","type":"page","link":"https:\/\/aimtec.fi\/en\/ilmanvaihtomittarit\/kimo-lv-130-siipipyoraanemometri\/","title":{"rendered":"Kimo &#8211; LV 130 siipipy\u00f6r\u00e4anemometri"},"content":{"rendered":"<p>LV 130 anemometriss\u00e4 on kiinte\u00e4 \u00d8 100 mm siipipy\u00f6r\u00e4anturi<\/p>\n<p><strong>Toiminnot<\/strong><\/p>\n<ul>\n<li>Ilmannopeuden mittaus (0,3 &#8230; 35 m\/s)<\/li>\n<li>Ilmam\u00e4\u00e4r\u00e4n mittaus (0 &#8230; 99 999 m3\/h)<\/li>\n<li>Ymp\u00e4rist\u00f6n l\u00e4mp\u00f6tilan mittaus (-20 &#8230; +80\u00b0C)<\/li>\n<\/ul>","protected":false},"excerpt":{"rendered":"<p>LV 130 anemometriss\u00e4 on kiinte\u00e4 \u00d8 100 mm siipipy\u00f6r\u00e4anturi Toiminnot Ilmannopeuden mittaus (0,3 &#8230; 35 m\/s) Ilmam\u00e4\u00e4r\u00e4n mittaus (0 &#8230; 99 999 m3\/h) Ymp\u00e4rist\u00f6n l\u00e4mp\u00f6tilan mittaus (-20 &#8230; +80\u00b0C)<\/p>","protected":false},"author":5,"featured_media":2532,"parent":3052,"menu_order":0,"comment_status":"closed","ping_status":"closed","template":"tuote.php","meta":{"_acf_changed":false,"_seopress_robots_primary_cat":"","_seopress_titles_title":"","_seopress_titles_desc":"","_seopress_robots_index":"","_et_pb_use_builder":"","_et_pb_old_content":"","_et_gb_content_width":"","inline_featured_image":false,"footnotes":"","_links_to":"","_links_to_target":""},"categories":[12],"tags":[],"class_list":["post-2531","page","type-page","status-publish","has-post-thumbnail","hentry","category-tuote"],"acf":[],"_links":{"self":[{"href":"https:\/\/aimtec.fi\/en\/wp-json\/wp\/v2\/pages\/2531","targetHints":{"allow":["GET"]}}],"collection":[{"href":"https:\/\/aimtec.fi\/en\/wp-json\/wp\/v2\/pages"}],"about":[{"href":"https:\/\/aimtec.fi\/en\/wp-json\/wp\/v2\/types\/page"}],"author":[{"embeddable":true,"href":"https:\/\/aimtec.fi\/en\/wp-json\/wp\/v2\/users\/5"}],"replies":[{"embeddable":true,"href":"https:\/\/aimtec.fi\/en\/wp-json\/wp\/v2\/comments?post=2531"}],"version-history":[{"count":3,"href":"https:\/\/aimtec.fi\/en\/wp-json\/wp\/v2\/pages\/2531\/revisions"}],"predecessor-version":[{"id":8093,"href":"https:\/\/aimtec.fi\/en\/wp-json\/wp\/v2\/pages\/2531\/revisions\/8093"}],"up":[{"embeddable":true,"href":"https:\/\/aimtec.fi\/en\/wp-json\/wp\/v2\/pages\/3052"}],"wp:featuredmedia":[{"embeddable":true,"href":"https:\/\/aimtec.fi\/en\/wp-json\/wp\/v2\/media\/2532"}],"wp:attachment":[{"href":"https:\/\/aimtec.fi\/en\/wp-json\/wp\/v2\/media?parent=2531"}],"wp:term":[{"taxonomy":"category","embeddable":true,"href":"https:\/\/aimtec.fi\/en\/wp-json\/wp\/v2\/categories?post=2531"},{"taxonomy":"post_tag","embeddable":true,"href":"https:\/\/aimtec.fi\/en\/wp-json\/wp\/v2\/tags?post=2531"}],"curies":[{"name":"wp","href":"https:\/\/api.w.org\/{rel}","templated":true}]}}