{"id":2540,"date":"2018-10-08T09:28:29","date_gmt":"2018-10-08T06:28:29","guid":{"rendered":"https:\/\/www.aimtec.fi\/?page_id=2540"},"modified":"2020-12-08T15:00:20","modified_gmt":"2020-12-08T13:00:20","slug":"kimo-vt-210-lampo-kosteus-anemometri","status":"publish","type":"page","link":"https:\/\/aimtec.fi\/en\/ilmanvaihtomittarit\/kimo-vt-210-lampo-kosteus-anemometri\/","title":{"rendered":"Kimo &#8211; VT 210 anemometri (l\u00e4mp\u00f6tila, kosteus, ilmannopeus)"},"content":{"rendered":"<p><strong>VAIHDETTAVAT MITTAUSMODUULIT<\/strong><br \/>\n1 laite = useita mittausalueita ja parametreja<\/p>\n<p><strong>LANGATON YHTEYS<\/strong><br \/>\nLangaton yhteys mittarin ja anturin v\u00e4lill\u00e4<\/p>\n<p><strong>SMART 2014 J\u00c4RJESTELM\u00c4<\/strong><br \/>\nTunnistaa automaattisesti langalliset ja langattomat anturit<\/p>\n<p><strong>VT 210 anemometri ilmam\u00e4\u00e4r\u00e4n, ilmannopeuden ja l\u00e4mp\u00f6tilan mittamiseen.<\/strong>\u00a0Monipuoliseen mittariin voidaan liitt\u00e4\u00e4 erilaisia antureita (siipipy\u00f6r\u00e4, kuumalanka, suuntariippumaton) ilmannopeuden mittaamiseen, ja my\u00f6s esim. kosteusanturi sek\u00e4 ilmasto- tai l\u00e4mp\u00f6tilamoduuli.<\/p>\n<p><strong>Mittausalueet:<\/strong><\/p>\n<ul>\n<li>Ilmannopeus: -5 &#8230; 35 m\/s (anturista riippuen)<\/li>\n<li>Ilmam\u00e4\u00e4r\u00e4: 0 &#8230; 99 999 m<sup>3<\/sup>\/h<\/li>\n<li>Ymp\u00e4rist\u00f6n l\u00e4mp\u00f6tila: -20 &#8230; 80\u00b0C<\/li>\n<li>Kosteus: 3 &#8211; 98 %RH (anturista riippuen)<\/li>\n<\/ul>","protected":false},"excerpt":{"rendered":"<p>VAIHDETTAVAT MITTAUSMODUULIT 1 laite = useita mittausalueita ja parametreja LANGATON YHTEYS Langaton yhteys mittarin ja anturin v\u00e4lill\u00e4 SMART 2014 J\u00c4RJESTELM\u00c4 Tunnistaa automaattisesti langalliset ja langattomat anturit VT 210 anemometri ilmam\u00e4\u00e4r\u00e4n, ilmannopeuden ja l\u00e4mp\u00f6tilan mittamiseen.\u00a0Monipuoliseen mittariin voidaan liitt\u00e4\u00e4 erilaisia antureita (siipipy\u00f6r\u00e4, kuumalanka, suuntariippumaton) ilmannopeuden mittaamiseen, ja my\u00f6s esim. kosteusanturi sek\u00e4 ilmasto- tai l\u00e4mp\u00f6tilamoduuli. Mittausalueet: Ilmannopeus: -5&#8230;<\/p>","protected":false},"author":5,"featured_media":2542,"parent":3052,"menu_order":0,"comment_status":"closed","ping_status":"closed","template":"tuote.php","meta":{"_acf_changed":false,"_seopress_robots_primary_cat":"","_seopress_titles_title":"","_seopress_titles_desc":"","_seopress_robots_index":"","_et_pb_use_builder":"","_et_pb_old_content":"","_et_gb_content_width":"","inline_featured_image":false,"footnotes":"","_links_to":"","_links_to_target":""},"categories":[12],"tags":[],"class_list":["post-2540","page","type-page","status-publish","has-post-thumbnail","hentry","category-tuote"],"acf":[],"_links":{"self":[{"href":"https:\/\/aimtec.fi\/en\/wp-json\/wp\/v2\/pages\/2540","targetHints":{"allow":["GET"]}}],"collection":[{"href":"https:\/\/aimtec.fi\/en\/wp-json\/wp\/v2\/pages"}],"about":[{"href":"https:\/\/aimtec.fi\/en\/wp-json\/wp\/v2\/types\/page"}],"author":[{"embeddable":true,"href":"https:\/\/aimtec.fi\/en\/wp-json\/wp\/v2\/users\/5"}],"replies":[{"embeddable":true,"href":"https:\/\/aimtec.fi\/en\/wp-json\/wp\/v2\/comments?post=2540"}],"version-history":[{"count":3,"href":"https:\/\/aimtec.fi\/en\/wp-json\/wp\/v2\/pages\/2540\/revisions"}],"predecessor-version":[{"id":8099,"href":"https:\/\/aimtec.fi\/en\/wp-json\/wp\/v2\/pages\/2540\/revisions\/8099"}],"up":[{"embeddable":true,"href":"https:\/\/aimtec.fi\/en\/wp-json\/wp\/v2\/pages\/3052"}],"wp:featuredmedia":[{"embeddable":true,"href":"https:\/\/aimtec.fi\/en\/wp-json\/wp\/v2\/media\/2542"}],"wp:attachment":[{"href":"https:\/\/aimtec.fi\/en\/wp-json\/wp\/v2\/media?parent=2540"}],"wp:term":[{"taxonomy":"category","embeddable":true,"href":"https:\/\/aimtec.fi\/en\/wp-json\/wp\/v2\/categories?post=2540"},{"taxonomy":"post_tag","embeddable":true,"href":"https:\/\/aimtec.fi\/en\/wp-json\/wp\/v2\/tags?post=2540"}],"curies":[{"name":"wp","href":"https:\/\/api.w.org\/{rel}","templated":true}]}}