{"id":2544,"date":"2018-10-08T09:37:54","date_gmt":"2018-10-08T06:37:54","guid":{"rendered":"https:\/\/www.aimtec.fi\/?page_id=2544"},"modified":"2020-12-08T15:03:54","modified_gmt":"2020-12-08T13:03:54","slug":"kimo-vt110-vt115-kuumalanka-anemometri","status":"publish","type":"page","link":"https:\/\/aimtec.fi\/en\/ilmanvaihtomittarit\/kimo-vt110-vt115-kuumalanka-anemometri\/","title":{"rendered":"Kimo &#8211; VT110, VT115 kuumalanka-anemometri"},"content":{"rendered":"<p><strong>VT 110 sarjan kuumalanka-anemometrien mukana toimitetaan:<\/strong><br \/>\nVT 110: suora kuumalanka-anturi<br \/>\nVT 115: kuumalanka-anturi teleskooppivarrella, taitto 90\u00b0<\/p>\n<p><strong>Toiminnot:<\/strong><\/p>\n<ul>\n<li>Ilmannopeuden mittaus (0,15 &#8230; 30 m\/s)<\/li>\n<li>Ilmam\u00e4\u00e4r\u00e4n mittaus (0 &#8230; 99 999 m3\/h)<\/li>\n<li>Ymp\u00e4rist\u00f6n l\u00e4mp\u00f6tilan mittaus (-20 &#8230; +80\u00b0C)<\/li>\n<\/ul>\n<p>&nbsp;<\/p>\n<p><strong>Lis\u00e4varusteet:<\/strong><\/p>\n<p><a href=\"\/en\/varusteet-ja-tarvikkeet-2\/kimo-k35-mittauskartio\/\" target=\"_blank\" rel=\"noopener noreferrer\">K 35 mittauskartio\u00a0(200 x 200 mm, 10 &#8211; 400 m<sup>3\/<\/sup>h)<\/a><\/p>\n<p><a href=\"\/en\/varusteet-ja-tarvikkeet-2\/kimo-k75-mittauskartio\/\" target=\"_blank\" rel=\"noopener noreferrer\">K 75 mittauskartio\u00a0(300 x 300 mm), 30 &#8211; 750 m<sup>3<\/sup>\/h<\/a><\/p>\n<p><a href=\"\/en\/varusteet-ja-tarvikkeet-2\/kimo-k120-mittauskartio\/\" target=\"_blank\" rel=\"noopener noreferrer\">K 120 mittauskartio\u00a0(450 x 450 mm, 50 \u2013 1200 m<sup>3<\/sup>\/h)<\/a><\/p>\n<p><a href=\"\/en\/varusteet-ja-tarvikkeet-2\/kimo-k150-mittauskartio\/\" target=\"_blank\" rel=\"noopener noreferrer\">K 150 mittauskartio<strong>\u00a0<\/strong>(550 x 100 mm, 10 \u2013 400 m<sup>3\/<\/sup>h)<\/a><\/p>","protected":false},"excerpt":{"rendered":"<p>VT 110 sarjan kuumalanka-anemometrien mukana toimitetaan: VT 110: suora kuumalanka-anturi VT 115: kuumalanka-anturi teleskooppivarrella, taitto 90\u00b0 Toiminnot: Ilmannopeuden mittaus (0,15 &#8230; 30 m\/s) Ilmam\u00e4\u00e4r\u00e4n mittaus (0 &#8230; 99 999 m3\/h) Ymp\u00e4rist\u00f6n l\u00e4mp\u00f6tilan mittaus (-20 &#8230; +80\u00b0C) &nbsp; Lis\u00e4varusteet: K 35 mittauskartio\u00a0(200 x 200 mm, 10 &#8211; 400 m3\/h) K 75 mittauskartio\u00a0(300 x 300 mm), 30&#8230;<\/p>","protected":false},"author":5,"featured_media":2546,"parent":3052,"menu_order":0,"comment_status":"closed","ping_status":"closed","template":"tuote.php","meta":{"_acf_changed":false,"_seopress_robots_primary_cat":"","_seopress_titles_title":"","_seopress_titles_desc":"","_seopress_robots_index":"","_et_pb_use_builder":"","_et_pb_old_content":"","_et_gb_content_width":"","inline_featured_image":false,"footnotes":"","_links_to":"","_links_to_target":""},"categories":[12],"tags":[],"class_list":["post-2544","page","type-page","status-publish","has-post-thumbnail","hentry","category-tuote"],"acf":[],"_links":{"self":[{"href":"https:\/\/aimtec.fi\/en\/wp-json\/wp\/v2\/pages\/2544","targetHints":{"allow":["GET"]}}],"collection":[{"href":"https:\/\/aimtec.fi\/en\/wp-json\/wp\/v2\/pages"}],"about":[{"href":"https:\/\/aimtec.fi\/en\/wp-json\/wp\/v2\/types\/page"}],"author":[{"embeddable":true,"href":"https:\/\/aimtec.fi\/en\/wp-json\/wp\/v2\/users\/5"}],"replies":[{"embeddable":true,"href":"https:\/\/aimtec.fi\/en\/wp-json\/wp\/v2\/comments?post=2544"}],"version-history":[{"count":6,"href":"https:\/\/aimtec.fi\/en\/wp-json\/wp\/v2\/pages\/2544\/revisions"}],"predecessor-version":[{"id":8102,"href":"https:\/\/aimtec.fi\/en\/wp-json\/wp\/v2\/pages\/2544\/revisions\/8102"}],"up":[{"embeddable":true,"href":"https:\/\/aimtec.fi\/en\/wp-json\/wp\/v2\/pages\/3052"}],"wp:featuredmedia":[{"embeddable":true,"href":"https:\/\/aimtec.fi\/en\/wp-json\/wp\/v2\/media\/2546"}],"wp:attachment":[{"href":"https:\/\/aimtec.fi\/en\/wp-json\/wp\/v2\/media?parent=2544"}],"wp:term":[{"taxonomy":"category","embeddable":true,"href":"https:\/\/aimtec.fi\/en\/wp-json\/wp\/v2\/categories?post=2544"},{"taxonomy":"post_tag","embeddable":true,"href":"https:\/\/aimtec.fi\/en\/wp-json\/wp\/v2\/tags?post=2544"}],"curies":[{"name":"wp","href":"https:\/\/api.w.org\/{rel}","templated":true}]}}