{"id":2548,"date":"2018-10-08T09:42:58","date_gmt":"2018-10-08T06:42:58","guid":{"rendered":"https:\/\/www.aimtec.fi\/?page_id=2548"},"modified":"2020-12-08T15:07:12","modified_gmt":"2020-12-08T13:07:12","slug":"sauermann-dbm-620-ilmamaaramittari-huppumittari","status":"publish","type":"page","link":"https:\/\/aimtec.fi\/en\/ilmanvaihtomittarit\/sauermann-dbm-620-ilmamaaramittari-huppumittari\/","title":{"rendered":"SAUERMANN &#8211; DBM 620 ilmam\u00e4\u00e4r\u00e4mittari (Kimo huppumittari)"},"content":{"rendered":"<p>Sauermann DBM 620 ilmam\u00e4\u00e4r\u00e4mittari (huppumittari) tulo- ja poistoilmamittauksiin suoraan p\u00e4\u00e4telaitteesta. Mittaria k\u00e4ytet\u00e4\u00e4n SmartKap mobiilisovelluksella (Android ja iOS, k\u00e4ytt\u00f6kielen\u00e4 suomi).\u00a0 Sovellus ja mittari ovat yhteydess\u00e4 Bluetoothin v\u00e4lityksell\u00e4. Mittaustulokset n\u00e4ytet\u00e4\u00e4n mobiililaitteen n\u00e4yt\u00f6ll\u00e4 (max 4 mittaussuuretta samanaikaisesti). Tulokset voidaan tallentaa laitteeseen, ja mittausraportit l\u00e4hett\u00e4\u00e4 edelleen esimerkiksi PDF-tiedostona s\u00e4hk\u00f6postilla.<\/p>\n<p>Mittarin rakenne on kevyt ja sen kokoaminen k\u00e4ytt\u00f6kuntoon k\u00e4y nopeasti. Mittari toimitetaan k\u00e4tev\u00e4ss\u00e4 kuljetuslaukussa, joka vie v\u00e4h\u00e4n s\u00e4ilytystilaa.<br \/>\nMittarin mittausyksikk\u00f6\u00e4 voi k\u00e4ytt\u00e4\u00e4 yksin\u00e4\u00e4n paine-eromittarina. Mittariin on saatavilla 5 erikokoista huppua: 610 x 610 mm, 720 x 720 mm, 720 x 1320 mm, 420 x 1520 mm ja 1020 x 1020 mm.<\/p>\n<p>Katso englanninkielinen esittely tuotteesta <a href=\"https:\/\/youtu.be\/2dSNu-H45BQ\" target=\"_blank\" rel=\"noopener noreferrer\">t\u00e4\u00e4lt\u00e4<\/a>.<\/p>\n<p>Kimo Instruments on nyt osa Sauermann Groupia. Sauermann tuotemerkki korvaa v\u00e4hitellen Kimo tuotemerkin markkinoilla. T\u00e4m\u00e4 uusi DBM 620 malli on lanseerattu Sauermann merkkisen\u00e4.<\/p>","protected":false},"excerpt":{"rendered":"<p>Sauermann DBM 620 ilmam\u00e4\u00e4r\u00e4mittari (huppumittari) tulo- ja poistoilmamittauksiin suoraan p\u00e4\u00e4telaitteesta. Mittaria k\u00e4ytet\u00e4\u00e4n SmartKap mobiilisovelluksella (Android ja iOS, k\u00e4ytt\u00f6kielen\u00e4 suomi).\u00a0 Sovellus ja mittari ovat yhteydess\u00e4 Bluetoothin v\u00e4lityksell\u00e4. Mittaustulokset n\u00e4ytet\u00e4\u00e4n mobiililaitteen n\u00e4yt\u00f6ll\u00e4 (max 4 mittaussuuretta samanaikaisesti). Tulokset voidaan tallentaa laitteeseen, ja mittausraportit l\u00e4hett\u00e4\u00e4 edelleen esimerkiksi PDF-tiedostona s\u00e4hk\u00f6postilla. Mittarin rakenne on kevyt ja sen kokoaminen k\u00e4ytt\u00f6kuntoon k\u00e4y nopeasti&#8230;.<\/p>","protected":false},"author":5,"featured_media":6160,"parent":3052,"menu_order":0,"comment_status":"closed","ping_status":"closed","template":"tuote.php","meta":{"_acf_changed":false,"_seopress_robots_primary_cat":"","_seopress_titles_title":"","_seopress_titles_desc":"","_seopress_robots_index":"","_et_pb_use_builder":"","_et_pb_old_content":"","_et_gb_content_width":"","inline_featured_image":false,"footnotes":"","_links_to":"","_links_to_target":""},"categories":[12],"tags":[],"class_list":["post-2548","page","type-page","status-publish","has-post-thumbnail","hentry","category-tuote"],"acf":[],"_links":{"self":[{"href":"https:\/\/aimtec.fi\/en\/wp-json\/wp\/v2\/pages\/2548","targetHints":{"allow":["GET"]}}],"collection":[{"href":"https:\/\/aimtec.fi\/en\/wp-json\/wp\/v2\/pages"}],"about":[{"href":"https:\/\/aimtec.fi\/en\/wp-json\/wp\/v2\/types\/page"}],"author":[{"embeddable":true,"href":"https:\/\/aimtec.fi\/en\/wp-json\/wp\/v2\/users\/5"}],"replies":[{"embeddable":true,"href":"https:\/\/aimtec.fi\/en\/wp-json\/wp\/v2\/comments?post=2548"}],"version-history":[{"count":12,"href":"https:\/\/aimtec.fi\/en\/wp-json\/wp\/v2\/pages\/2548\/revisions"}],"predecessor-version":[{"id":8104,"href":"https:\/\/aimtec.fi\/en\/wp-json\/wp\/v2\/pages\/2548\/revisions\/8104"}],"up":[{"embeddable":true,"href":"https:\/\/aimtec.fi\/en\/wp-json\/wp\/v2\/pages\/3052"}],"wp:featuredmedia":[{"embeddable":true,"href":"https:\/\/aimtec.fi\/en\/wp-json\/wp\/v2\/media\/6160"}],"wp:attachment":[{"href":"https:\/\/aimtec.fi\/en\/wp-json\/wp\/v2\/media?parent=2548"}],"wp:term":[{"taxonomy":"category","embeddable":true,"href":"https:\/\/aimtec.fi\/en\/wp-json\/wp\/v2\/categories?post=2548"},{"taxonomy":"post_tag","embeddable":true,"href":"https:\/\/aimtec.fi\/en\/wp-json\/wp\/v2\/tags?post=2548"}],"curies":[{"name":"wp","href":"https:\/\/api.w.org\/{rel}","templated":true}]}}