{"id":2552,"date":"2018-10-08T09:51:40","date_gmt":"2018-10-08T06:51:40","guid":{"rendered":"https:\/\/www.aimtec.fi\/?page_id=2552"},"modified":"2024-09-19T13:48:05","modified_gmt":"2024-09-19T10:48:05","slug":"sauermann-si-rd3-kylmaaineilmaisin","status":"publish","type":"page","link":"https:\/\/aimtec.fi\/en\/kaasuvuotomittarit\/sauermann-si-rd3-kylmaaineilmaisin\/","title":{"rendered":"Sauermann &#8211; Si-RD3 kylm\u00e4aineilmaisin"},"content":{"rendered":"<p><strong>Sauermann Si-RD3 korvaa Kimo DF 110 kylm\u00e4aine- ja vetyilmaisimen (H<sub>2<\/sub>)<\/strong><\/p>\n<p>Joustava anturi, manuaalinen ja automaattinen nollaus, 3 eri mittausherkkyytt\u00e4. IP54 ABS kuori.<br \/>\nTunnistaa kaikki HCFC- ja HFC-kylm\u00e4aineet. Tunnistaa seokset 5% vety\u00e4 \u2013 95% typpe\u00e4 (Nidron 5&#8230;). K\u00e4ytet\u00e4\u00e4n mm. rakenteiden ilmatiiviyden tarkastamiseen merkkiainekokein.<\/p>\n<p>Ilmaisimet: LEDit (asteittain nouseva valopilari kaasupitoisuuden kasvaessa) ja \u00e4\u00e4nimerkki (taajuus kasvaa kaasupitoisuuden kasvaessa)<\/p>\n<p>&nbsp;<\/p>","protected":false},"excerpt":{"rendered":"<p>Sauermann Si-RD3 korvaa Kimo DF 110 kylm\u00e4aine- ja vetyilmaisimen (H2) Joustava anturi, manuaalinen ja automaattinen nollaus, 3 eri mittausherkkyytt\u00e4. IP54 ABS kuori. Tunnistaa kaikki HCFC- ja HFC-kylm\u00e4aineet. Tunnistaa seokset 5% vety\u00e4 \u2013 95% typpe\u00e4 (Nidron 5&#8230;). K\u00e4ytet\u00e4\u00e4n mm. rakenteiden ilmatiiviyden tarkastamiseen merkkiainekokein. Ilmaisimet: LEDit (asteittain nouseva valopilari kaasupitoisuuden kasvaessa) ja \u00e4\u00e4nimerkki (taajuus kasvaa kaasupitoisuuden kasvaessa)&#8230;<\/p>","protected":false},"author":5,"featured_media":17889,"parent":3061,"menu_order":0,"comment_status":"closed","ping_status":"closed","template":"tuote.php","meta":{"_acf_changed":false,"_seopress_robots_primary_cat":"","_seopress_titles_title":"","_seopress_titles_desc":"","_seopress_robots_index":"","_et_pb_use_builder":"","_et_pb_old_content":"","_et_gb_content_width":"","inline_featured_image":false,"footnotes":"","_links_to":"","_links_to_target":""},"categories":[12],"tags":[],"class_list":["post-2552","page","type-page","status-publish","has-post-thumbnail","hentry","category-tuote"],"acf":[],"_links":{"self":[{"href":"https:\/\/aimtec.fi\/en\/wp-json\/wp\/v2\/pages\/2552","targetHints":{"allow":["GET"]}}],"collection":[{"href":"https:\/\/aimtec.fi\/en\/wp-json\/wp\/v2\/pages"}],"about":[{"href":"https:\/\/aimtec.fi\/en\/wp-json\/wp\/v2\/types\/page"}],"author":[{"embeddable":true,"href":"https:\/\/aimtec.fi\/en\/wp-json\/wp\/v2\/users\/5"}],"replies":[{"embeddable":true,"href":"https:\/\/aimtec.fi\/en\/wp-json\/wp\/v2\/comments?post=2552"}],"version-history":[{"count":5,"href":"https:\/\/aimtec.fi\/en\/wp-json\/wp\/v2\/pages\/2552\/revisions"}],"predecessor-version":[{"id":17973,"href":"https:\/\/aimtec.fi\/en\/wp-json\/wp\/v2\/pages\/2552\/revisions\/17973"}],"up":[{"embeddable":true,"href":"https:\/\/aimtec.fi\/en\/wp-json\/wp\/v2\/pages\/3061"}],"wp:featuredmedia":[{"embeddable":true,"href":"https:\/\/aimtec.fi\/en\/wp-json\/wp\/v2\/media\/17889"}],"wp:attachment":[{"href":"https:\/\/aimtec.fi\/en\/wp-json\/wp\/v2\/media?parent=2552"}],"wp:term":[{"taxonomy":"category","embeddable":true,"href":"https:\/\/aimtec.fi\/en\/wp-json\/wp\/v2\/categories?post=2552"},{"taxonomy":"post_tag","embeddable":true,"href":"https:\/\/aimtec.fi\/en\/wp-json\/wp\/v2\/tags?post=2552"}],"curies":[{"name":"wp","href":"https:\/\/api.w.org\/{rel}","templated":true}]}}