{"id":2568,"date":"2018-10-08T10:09:31","date_gmt":"2018-10-08T07:09:31","guid":{"rendered":"https:\/\/www.aimtec.fi\/?page_id=2568"},"modified":"2023-06-20T14:51:36","modified_gmt":"2023-06-20T11:51:36","slug":"si-2750-kondenssivesipumppu-max-10-kw-ilmastointilaitteille","status":"publish","type":"page","link":"https:\/\/aimtec.fi\/en\/kondenssivesipumput\/si-2750-kondenssivesipumppu-max-10-kw-ilmastointilaitteille\/","title":{"rendered":"Sauermann &#8211; SI 2750 kondenssivesipumppu max 10 kW ilmastointilaitteille"},"content":{"rendered":"<p>SI 2750 on pienikokoinen kondenssivesipumppu kohteisiin, jossa tilaa on v\u00e4h\u00e4n. Pumpun mitat pit 61 x lev 38 x kork 76 mm.<br \/>\nHUOM!2023 t\u00e4m\u00e4 malli on poistunut valmistuksesta ja sen tilalla on SI-27. Avaa linkki t\u00e4st\u00e4:  <a href=\"https:\/\/sauermanngroup.com\/en-INT\/condensate-pumps\/mini-condensate-removal-pumps\/si-27\" rel=\"noopener\" target=\"_blank\">Kondenssivesipumppu Sauermann SI-27<\/a><\/p>\n<p>-helppo asentaa<br \/>\n-helppo huoltaa<br \/>\n-hiljainen k\u00e4ynti\u00e4\u00e4ni<\/p>","protected":false},"excerpt":{"rendered":"<p>SI 2750 on pienikokoinen kondenssivesipumppu kohteisiin, jossa tilaa on v\u00e4h\u00e4n. Pumpun mitat pit 61 x lev 38 x kork 76 mm. HUOM!2023 t\u00e4m\u00e4 malli on poistunut valmistuksesta ja sen tilalla on SI-27. Avaa linkki t\u00e4st\u00e4: Kondenssivesipumppu Sauermann SI-27 -helppo asentaa -helppo huoltaa -hiljainen k\u00e4ynti\u00e4\u00e4ni<\/p>","protected":false},"author":5,"featured_media":2570,"parent":3068,"menu_order":0,"comment_status":"closed","ping_status":"closed","template":"tuote.php","meta":{"_acf_changed":false,"_seopress_robots_primary_cat":"","_seopress_titles_title":"","_seopress_titles_desc":"","_seopress_robots_index":"","_et_pb_use_builder":"","_et_pb_old_content":"","_et_gb_content_width":"","inline_featured_image":false,"footnotes":"","_links_to":"","_links_to_target":""},"categories":[12],"tags":[],"class_list":["post-2568","page","type-page","status-publish","has-post-thumbnail","hentry","category-tuote"],"acf":[],"_links":{"self":[{"href":"https:\/\/aimtec.fi\/en\/wp-json\/wp\/v2\/pages\/2568","targetHints":{"allow":["GET"]}}],"collection":[{"href":"https:\/\/aimtec.fi\/en\/wp-json\/wp\/v2\/pages"}],"about":[{"href":"https:\/\/aimtec.fi\/en\/wp-json\/wp\/v2\/types\/page"}],"author":[{"embeddable":true,"href":"https:\/\/aimtec.fi\/en\/wp-json\/wp\/v2\/users\/5"}],"replies":[{"embeddable":true,"href":"https:\/\/aimtec.fi\/en\/wp-json\/wp\/v2\/comments?post=2568"}],"version-history":[{"count":6,"href":"https:\/\/aimtec.fi\/en\/wp-json\/wp\/v2\/pages\/2568\/revisions"}],"predecessor-version":[{"id":17633,"href":"https:\/\/aimtec.fi\/en\/wp-json\/wp\/v2\/pages\/2568\/revisions\/17633"}],"up":[{"embeddable":true,"href":"https:\/\/aimtec.fi\/en\/wp-json\/wp\/v2\/pages\/3068"}],"wp:featuredmedia":[{"embeddable":true,"href":"https:\/\/aimtec.fi\/en\/wp-json\/wp\/v2\/media\/2570"}],"wp:attachment":[{"href":"https:\/\/aimtec.fi\/en\/wp-json\/wp\/v2\/media?parent=2568"}],"wp:term":[{"taxonomy":"category","embeddable":true,"href":"https:\/\/aimtec.fi\/en\/wp-json\/wp\/v2\/categories?post=2568"},{"taxonomy":"post_tag","embeddable":true,"href":"https:\/\/aimtec.fi\/en\/wp-json\/wp\/v2\/tags?post=2568"}],"curies":[{"name":"wp","href":"https:\/\/api.w.org\/{rel}","templated":true}]}}