{"id":2572,"date":"2018-10-08T10:13:53","date_gmt":"2018-10-08T07:13:53","guid":{"rendered":"https:\/\/www.aimtec.fi\/?page_id=2572"},"modified":"2020-12-09T11:24:03","modified_gmt":"2020-12-09T09:24:03","slug":"si-30-kondenssivesipumppu-max-20-kw-ilmastointilaitteille","status":"publish","type":"page","link":"https:\/\/aimtec.fi\/en\/kondenssivesipumput\/si-30-kondenssivesipumppu-max-20-kw-ilmastointilaitteille\/","title":{"rendered":"Sauermann &#8211; Si-30 kondenssivesipumppu max 20 kW ilmastointilaitteille"},"content":{"rendered":"<p>Kompakti ja monipuolinen Si-30 sopii kondenssiveden poistoon max 20 kW ilmastointilaitteista<strong>.<\/strong><\/p>\n<ul>\n<li>patentoitu m\u00e4nt\u00e4tekniikka<\/li>\n<li>hiljainen k\u00e4ynti\u00e4\u00e4ni: 20 dBA<\/li>\n<li>laponestolaite pident\u00e4\u00e4 pumpun k\u00e4ytt\u00f6ik\u00e4\u00e4<\/li>\n<\/ul>\n<p><strong>Mitat\u00a0<\/strong>(pit x lev x kork):<br \/>\nPumppu:\u00a0 66 x 43,5 x 60 mm<br \/>\nUimuri: 55 x 38 x 37,5 mm<\/p>","protected":false},"excerpt":{"rendered":"<p>Kompakti ja monipuolinen Si-30 sopii kondenssiveden poistoon max 20 kW ilmastointilaitteista. patentoitu m\u00e4nt\u00e4tekniikka hiljainen k\u00e4ynti\u00e4\u00e4ni: 20 dBA laponestolaite pident\u00e4\u00e4 pumpun k\u00e4ytt\u00f6ik\u00e4\u00e4 Mitat\u00a0(pit x lev x kork): Pumppu:\u00a0 66 x 43,5 x 60 mm Uimuri: 55 x 38 x 37,5 mm<\/p>","protected":false},"author":5,"featured_media":2574,"parent":3068,"menu_order":0,"comment_status":"closed","ping_status":"closed","template":"tuote.php","meta":{"_acf_changed":false,"_seopress_robots_primary_cat":"","_seopress_titles_title":"","_seopress_titles_desc":"","_seopress_robots_index":"","_et_pb_use_builder":"","_et_pb_old_content":"","_et_gb_content_width":"","inline_featured_image":false,"footnotes":"","_links_to":"","_links_to_target":""},"categories":[12],"tags":[],"class_list":["post-2572","page","type-page","status-publish","has-post-thumbnail","hentry","category-tuote"],"acf":[],"_links":{"self":[{"href":"https:\/\/aimtec.fi\/en\/wp-json\/wp\/v2\/pages\/2572","targetHints":{"allow":["GET"]}}],"collection":[{"href":"https:\/\/aimtec.fi\/en\/wp-json\/wp\/v2\/pages"}],"about":[{"href":"https:\/\/aimtec.fi\/en\/wp-json\/wp\/v2\/types\/page"}],"author":[{"embeddable":true,"href":"https:\/\/aimtec.fi\/en\/wp-json\/wp\/v2\/users\/5"}],"replies":[{"embeddable":true,"href":"https:\/\/aimtec.fi\/en\/wp-json\/wp\/v2\/comments?post=2572"}],"version-history":[{"count":4,"href":"https:\/\/aimtec.fi\/en\/wp-json\/wp\/v2\/pages\/2572\/revisions"}],"predecessor-version":[{"id":8128,"href":"https:\/\/aimtec.fi\/en\/wp-json\/wp\/v2\/pages\/2572\/revisions\/8128"}],"up":[{"embeddable":true,"href":"https:\/\/aimtec.fi\/en\/wp-json\/wp\/v2\/pages\/3068"}],"wp:featuredmedia":[{"embeddable":true,"href":"https:\/\/aimtec.fi\/en\/wp-json\/wp\/v2\/media\/2574"}],"wp:attachment":[{"href":"https:\/\/aimtec.fi\/en\/wp-json\/wp\/v2\/media?parent=2572"}],"wp:term":[{"taxonomy":"category","embeddable":true,"href":"https:\/\/aimtec.fi\/en\/wp-json\/wp\/v2\/categories?post=2572"},{"taxonomy":"post_tag","embeddable":true,"href":"https:\/\/aimtec.fi\/en\/wp-json\/wp\/v2\/tags?post=2572"}],"curies":[{"name":"wp","href":"https:\/\/api.w.org\/{rel}","templated":true}]}}