{"id":2576,"date":"2018-10-08T10:18:51","date_gmt":"2018-10-08T07:18:51","guid":{"rendered":"https:\/\/www.aimtec.fi\/?page_id=2576"},"modified":"2020-12-09T11:19:49","modified_gmt":"2020-12-09T09:19:49","slug":"delta-pack-80-x-60-seinaan-asennettavien-ilmastointilaitteiden-kondenssivesille","status":"publish","type":"page","link":"https:\/\/aimtec.fi\/en\/kondenssivesipumput\/delta-pack-80-x-60-seinaan-asennettavien-ilmastointilaitteiden-kondenssivesille\/","title":{"rendered":"Sauermann &#8211; Delta Pack 80 x 60 sein\u00e4\u00e4n asennettavien ilmastointilaitteiden kondenssivesille"},"content":{"rendered":"<p>Delta Pack on valmis, tyylik\u00e4s asennuspaketti kondenssivesien poistoon sein\u00e4\u00e4n asennettavista ilmastointilaitteista. Sis\u00e4lt\u00e4\u00e4 erikoismuotoillun Si-10 UNIVERS\u00b4<strong>L<\/strong>\u00a0m\u00e4nt\u00e4pumpun.<\/p>\n<p>-kest\u00e4\u00e4 hyvin ep\u00e4puhtauksia<br \/>\n-hiljainen k\u00e4ynti\u00e4\u00e4ni: 22 dBA<br \/>\n-lukittava virtajohto<\/p>\n<p><strong>Mitat mm<\/strong>\u00a0(pit x lev x kork):<br \/>\nKanavakotelo: 750 x 80 x 60<br \/>\nKulmapala: 130 x 130 x 60<\/p>","protected":false},"excerpt":{"rendered":"<p>Delta Pack on valmis, tyylik\u00e4s asennuspaketti kondenssivesien poistoon sein\u00e4\u00e4n asennettavista ilmastointilaitteista. Sis\u00e4lt\u00e4\u00e4 erikoismuotoillun Si-10 UNIVERS\u00b4L\u00a0m\u00e4nt\u00e4pumpun. -kest\u00e4\u00e4 hyvin ep\u00e4puhtauksia -hiljainen k\u00e4ynti\u00e4\u00e4ni: 22 dBA -lukittava virtajohto Mitat mm\u00a0(pit x lev x kork): Kanavakotelo: 750 x 80 x 60 Kulmapala: 130 x 130 x 60<\/p>","protected":false},"author":5,"featured_media":2578,"parent":3068,"menu_order":0,"comment_status":"closed","ping_status":"closed","template":"tuote.php","meta":{"_acf_changed":false,"_seopress_robots_primary_cat":"","_seopress_titles_title":"","_seopress_titles_desc":"","_seopress_robots_index":"","_et_pb_use_builder":"","_et_pb_old_content":"","_et_gb_content_width":"","inline_featured_image":false,"footnotes":"","_links_to":"","_links_to_target":""},"categories":[12],"tags":[],"class_list":["post-2576","page","type-page","status-publish","has-post-thumbnail","hentry","category-tuote"],"acf":[],"_links":{"self":[{"href":"https:\/\/aimtec.fi\/en\/wp-json\/wp\/v2\/pages\/2576","targetHints":{"allow":["GET"]}}],"collection":[{"href":"https:\/\/aimtec.fi\/en\/wp-json\/wp\/v2\/pages"}],"about":[{"href":"https:\/\/aimtec.fi\/en\/wp-json\/wp\/v2\/types\/page"}],"author":[{"embeddable":true,"href":"https:\/\/aimtec.fi\/en\/wp-json\/wp\/v2\/users\/5"}],"replies":[{"embeddable":true,"href":"https:\/\/aimtec.fi\/en\/wp-json\/wp\/v2\/comments?post=2576"}],"version-history":[{"count":3,"href":"https:\/\/aimtec.fi\/en\/wp-json\/wp\/v2\/pages\/2576\/revisions"}],"predecessor-version":[{"id":8122,"href":"https:\/\/aimtec.fi\/en\/wp-json\/wp\/v2\/pages\/2576\/revisions\/8122"}],"up":[{"embeddable":true,"href":"https:\/\/aimtec.fi\/en\/wp-json\/wp\/v2\/pages\/3068"}],"wp:featuredmedia":[{"embeddable":true,"href":"https:\/\/aimtec.fi\/en\/wp-json\/wp\/v2\/media\/2578"}],"wp:attachment":[{"href":"https:\/\/aimtec.fi\/en\/wp-json\/wp\/v2\/media?parent=2576"}],"wp:term":[{"taxonomy":"category","embeddable":true,"href":"https:\/\/aimtec.fi\/en\/wp-json\/wp\/v2\/categories?post=2576"},{"taxonomy":"post_tag","embeddable":true,"href":"https:\/\/aimtec.fi\/en\/wp-json\/wp\/v2\/tags?post=2576"}],"curies":[{"name":"wp","href":"https:\/\/api.w.org\/{rel}","templated":true}]}}