{"id":2580,"date":"2018-10-08T10:24:34","date_gmt":"2018-10-08T07:24:34","guid":{"rendered":"https:\/\/www.aimtec.fi\/?page_id=2580"},"modified":"2020-12-09T11:25:29","modified_gmt":"2020-12-09T09:25:29","slug":"si-82-keskipakopumppu-sailiolla-kondenssivesien-poistoon","status":"publish","type":"page","link":"https:\/\/aimtec.fi\/en\/kondenssivesipumput\/si-82-keskipakopumppu-sailiolla-kondenssivesien-poistoon\/","title":{"rendered":"Sauermann &#8211; Si-82 keskipakopumppu s\u00e4ili\u00f6ll\u00e4 kondenssivesien poistoon"},"content":{"rendered":"<p>Vahva ja kest\u00e4v\u00e4 Si-82 kondenssivesipumppu on helppo asentaa haasteellisiinkin asennuskohteisiin. Pumppu soveltuu kondenssivesien poistoon mm. ilmastointilaitteista, teollisuuden kylm\u00e4s\u00e4ilytyslaitteista ja kaasukondenssikattiloista (pH &gt; 2.5). Pumppausteho max 500 l\/h.<\/p>\n<p>-max nostokorkeus 5 m<br \/>\n-helppo asennus, k\u00e4\u00e4nnett\u00e4v\u00e4 pumppuyksikk\u00f6<\/p>\n<p><strong>Mitat mm<\/strong>\u00a0(pit x lev x kork):<br \/>\nPumppu: 279 x 130 x 174,5<\/p>","protected":false},"excerpt":{"rendered":"<p>Vahva ja kest\u00e4v\u00e4 Si-82 kondenssivesipumppu on helppo asentaa haasteellisiinkin asennuskohteisiin. Pumppu soveltuu kondenssivesien poistoon mm. ilmastointilaitteista, teollisuuden kylm\u00e4s\u00e4ilytyslaitteista ja kaasukondenssikattiloista (pH &gt; 2.5). Pumppausteho max 500 l\/h. -max nostokorkeus 5 m -helppo asennus, k\u00e4\u00e4nnett\u00e4v\u00e4 pumppuyksikk\u00f6 Mitat mm\u00a0(pit x lev x kork): Pumppu: 279 x 130 x 174,5<\/p>","protected":false},"author":5,"featured_media":2581,"parent":3068,"menu_order":0,"comment_status":"closed","ping_status":"closed","template":"tuote.php","meta":{"_acf_changed":false,"_seopress_robots_primary_cat":"","_seopress_titles_title":"","_seopress_titles_desc":"","_seopress_robots_index":"","_et_pb_use_builder":"","_et_pb_old_content":"","_et_gb_content_width":"","inline_featured_image":false,"footnotes":"","_links_to":"","_links_to_target":""},"categories":[12],"tags":[],"class_list":["post-2580","page","type-page","status-publish","has-post-thumbnail","hentry","category-tuote"],"acf":[],"_links":{"self":[{"href":"https:\/\/aimtec.fi\/en\/wp-json\/wp\/v2\/pages\/2580","targetHints":{"allow":["GET"]}}],"collection":[{"href":"https:\/\/aimtec.fi\/en\/wp-json\/wp\/v2\/pages"}],"about":[{"href":"https:\/\/aimtec.fi\/en\/wp-json\/wp\/v2\/types\/page"}],"author":[{"embeddable":true,"href":"https:\/\/aimtec.fi\/en\/wp-json\/wp\/v2\/users\/5"}],"replies":[{"embeddable":true,"href":"https:\/\/aimtec.fi\/en\/wp-json\/wp\/v2\/comments?post=2580"}],"version-history":[{"count":3,"href":"https:\/\/aimtec.fi\/en\/wp-json\/wp\/v2\/pages\/2580\/revisions"}],"predecessor-version":[{"id":8130,"href":"https:\/\/aimtec.fi\/en\/wp-json\/wp\/v2\/pages\/2580\/revisions\/8130"}],"up":[{"embeddable":true,"href":"https:\/\/aimtec.fi\/en\/wp-json\/wp\/v2\/pages\/3068"}],"wp:featuredmedia":[{"embeddable":true,"href":"https:\/\/aimtec.fi\/en\/wp-json\/wp\/v2\/media\/2581"}],"wp:attachment":[{"href":"https:\/\/aimtec.fi\/en\/wp-json\/wp\/v2\/media?parent=2580"}],"wp:term":[{"taxonomy":"category","embeddable":true,"href":"https:\/\/aimtec.fi\/en\/wp-json\/wp\/v2\/categories?post=2580"},{"taxonomy":"post_tag","embeddable":true,"href":"https:\/\/aimtec.fi\/en\/wp-json\/wp\/v2\/tags?post=2580"}],"curies":[{"name":"wp","href":"https:\/\/api.w.org\/{rel}","templated":true}]}}