{"id":2584,"date":"2018-10-08T10:29:33","date_gmt":"2018-10-08T07:29:33","guid":{"rendered":"https:\/\/www.aimtec.fi\/?page_id=2584"},"modified":"2020-12-09T11:22:45","modified_gmt":"2020-12-09T09:22:45","slug":"si-1805-keskipakopumppu-sailiolla-mm-happamille-kondenssivesille-ph-3-4","status":"publish","type":"page","link":"https:\/\/aimtec.fi\/en\/kondenssivesipumput\/si-1805-keskipakopumppu-sailiolla-mm-happamille-kondenssivesille-ph-3-4\/","title":{"rendered":"Sauermann &#8211; Si-1805 keskipakopumppu s\u00e4ili\u00f6ll\u00e4, mm. happamille kondenssivesille (pH >3.4)"},"content":{"rendered":"<p>Kondenssivesien poistoon mm. kylm\u00e4s\u00e4ilytyskaapeista ja kaasukondenssikattiloista.\u00a0<strong>\u00a0<\/strong><\/p>\n<p>-suuri nostokorkeus: 5,4 m<br \/>\n-korkea pumppausteho: 500 l\/h<\/p>\n<p><strong>Mitat mm<\/strong>\u00a0(pit x lev x kork):<br \/>\nPumppu: 195 x 130 x 132<br \/>\nS\u00e4ili\u00f6: 195 x 130 x 43<\/p>","protected":false},"excerpt":{"rendered":"<p>Kondenssivesien poistoon mm. kylm\u00e4s\u00e4ilytyskaapeista ja kaasukondenssikattiloista.\u00a0\u00a0 -suuri nostokorkeus: 5,4 m -korkea pumppausteho: 500 l\/h Mitat mm\u00a0(pit x lev x kork): Pumppu: 195 x 130 x 132 S\u00e4ili\u00f6: 195 x 130 x 43<\/p>","protected":false},"author":5,"featured_media":2586,"parent":3068,"menu_order":0,"comment_status":"closed","ping_status":"closed","template":"tuote.php","meta":{"_acf_changed":false,"_seopress_robots_primary_cat":"","_seopress_titles_title":"","_seopress_titles_desc":"","_seopress_robots_index":"","_et_pb_use_builder":"","_et_pb_old_content":"","_et_gb_content_width":"","inline_featured_image":false,"footnotes":"","_links_to":"","_links_to_target":""},"categories":[12],"tags":[],"class_list":["post-2584","page","type-page","status-publish","has-post-thumbnail","hentry","category-tuote"],"acf":[],"_links":{"self":[{"href":"https:\/\/aimtec.fi\/en\/wp-json\/wp\/v2\/pages\/2584","targetHints":{"allow":["GET"]}}],"collection":[{"href":"https:\/\/aimtec.fi\/en\/wp-json\/wp\/v2\/pages"}],"about":[{"href":"https:\/\/aimtec.fi\/en\/wp-json\/wp\/v2\/types\/page"}],"author":[{"embeddable":true,"href":"https:\/\/aimtec.fi\/en\/wp-json\/wp\/v2\/users\/5"}],"replies":[{"embeddable":true,"href":"https:\/\/aimtec.fi\/en\/wp-json\/wp\/v2\/comments?post=2584"}],"version-history":[{"count":3,"href":"https:\/\/aimtec.fi\/en\/wp-json\/wp\/v2\/pages\/2584\/revisions"}],"predecessor-version":[{"id":8126,"href":"https:\/\/aimtec.fi\/en\/wp-json\/wp\/v2\/pages\/2584\/revisions\/8126"}],"up":[{"embeddable":true,"href":"https:\/\/aimtec.fi\/en\/wp-json\/wp\/v2\/pages\/3068"}],"wp:featuredmedia":[{"embeddable":true,"href":"https:\/\/aimtec.fi\/en\/wp-json\/wp\/v2\/media\/2586"}],"wp:attachment":[{"href":"https:\/\/aimtec.fi\/en\/wp-json\/wp\/v2\/media?parent=2584"}],"wp:term":[{"taxonomy":"category","embeddable":true,"href":"https:\/\/aimtec.fi\/en\/wp-json\/wp\/v2\/categories?post=2584"},{"taxonomy":"post_tag","embeddable":true,"href":"https:\/\/aimtec.fi\/en\/wp-json\/wp\/v2\/tags?post=2584"}],"curies":[{"name":"wp","href":"https:\/\/api.w.org\/{rel}","templated":true}]}}