{"id":2588,"date":"2018-10-08T10:35:43","date_gmt":"2018-10-08T07:35:43","guid":{"rendered":"https:\/\/www.aimtec.fi\/?page_id=2588"},"modified":"2020-12-15T09:59:44","modified_gmt":"2020-12-15T07:59:44","slug":"kimo-hq-210-lampo-kosteusmittari","status":"publish","type":"page","link":"https:\/\/aimtec.fi\/en\/sisailmanlaadun-mittarit\/kimo-hq-210-lampo-kosteusmittari\/","title":{"rendered":"Kimo &#8211; HQ 210 ilmanlaatumittari"},"content":{"rendered":"<p><strong>VAIHDETTAVAT MITTAUSMODUULIT<\/strong><br \/>\n1 laite = useita mittausalueita ja parametreja<\/p>\n<p><strong>LANGATON YHTEYS<\/strong><br \/>\nLangaton yhteys mittarin ja anturin v\u00e4lill\u00e4<\/p>\n<p><strong>SMART 2014 J\u00c4RJESTELM\u00c4<\/strong><br \/>\nTunnistaa automaattisesti langalliset ja langattomat anturit<\/p>\n<p><strong>HQ 210 mittarilla voidaan mitata ilmanlaadun kannalta t\u00e4rke\u00e4t parametrit: hiilimonoksidi CO, hiilidioksidi CO2, kosteus ja l\u00e4mp\u00f6tila.<\/strong><\/p>\n<p><strong>Mittausalueet<\/strong>:<\/p>\n<ul>\n<li>CO: 0 &#8230; 500 ppm<\/li>\n<li>CO2: 0 &#8230; 5000 ppm<\/li>\n<li>Kosteus: 0 &#8230; 100 %RH<\/li>\n<li>L\u00e4mp\u00f6tila: -20 &#8230; +80\u00b0C (korkean l\u00e4mp\u00f6tilan anturi -40 &#8230; +180 \u00b0C)<\/li>\n<\/ul>","protected":false},"excerpt":{"rendered":"<p>VAIHDETTAVAT MITTAUSMODUULIT 1 laite = useita mittausalueita ja parametreja LANGATON YHTEYS Langaton yhteys mittarin ja anturin v\u00e4lill\u00e4 SMART 2014 J\u00c4RJESTELM\u00c4 Tunnistaa automaattisesti langalliset ja langattomat anturit HQ 210 mittarilla voidaan mitata ilmanlaadun kannalta t\u00e4rke\u00e4t parametrit: hiilimonoksidi CO, hiilidioksidi CO2, kosteus ja l\u00e4mp\u00f6tila. Mittausalueet: CO: 0 &#8230; 500 ppm CO2: 0 &#8230; 5000 ppm Kosteus: 0&#8230;<\/p>","protected":false},"author":5,"featured_media":2589,"parent":3088,"menu_order":0,"comment_status":"closed","ping_status":"closed","template":"tuote.php","meta":{"_acf_changed":false,"_seopress_robots_primary_cat":"","_seopress_titles_title":"","_seopress_titles_desc":"","_seopress_robots_index":"","_et_pb_use_builder":"","_et_pb_old_content":"","_et_gb_content_width":"","inline_featured_image":false,"footnotes":"","_links_to":"","_links_to_target":""},"categories":[12],"tags":[],"class_list":["post-2588","page","type-page","status-publish","has-post-thumbnail","hentry","category-tuote"],"acf":[],"_links":{"self":[{"href":"https:\/\/aimtec.fi\/en\/wp-json\/wp\/v2\/pages\/2588","targetHints":{"allow":["GET"]}}],"collection":[{"href":"https:\/\/aimtec.fi\/en\/wp-json\/wp\/v2\/pages"}],"about":[{"href":"https:\/\/aimtec.fi\/en\/wp-json\/wp\/v2\/types\/page"}],"author":[{"embeddable":true,"href":"https:\/\/aimtec.fi\/en\/wp-json\/wp\/v2\/users\/5"}],"replies":[{"embeddable":true,"href":"https:\/\/aimtec.fi\/en\/wp-json\/wp\/v2\/comments?post=2588"}],"version-history":[{"count":6,"href":"https:\/\/aimtec.fi\/en\/wp-json\/wp\/v2\/pages\/2588\/revisions"}],"predecessor-version":[{"id":8300,"href":"https:\/\/aimtec.fi\/en\/wp-json\/wp\/v2\/pages\/2588\/revisions\/8300"}],"up":[{"embeddable":true,"href":"https:\/\/aimtec.fi\/en\/wp-json\/wp\/v2\/pages\/3088"}],"wp:featuredmedia":[{"embeddable":true,"href":"https:\/\/aimtec.fi\/en\/wp-json\/wp\/v2\/media\/2589"}],"wp:attachment":[{"href":"https:\/\/aimtec.fi\/en\/wp-json\/wp\/v2\/media?parent=2588"}],"wp:term":[{"taxonomy":"category","embeddable":true,"href":"https:\/\/aimtec.fi\/en\/wp-json\/wp\/v2\/categories?post=2588"},{"taxonomy":"post_tag","embeddable":true,"href":"https:\/\/aimtec.fi\/en\/wp-json\/wp\/v2\/tags?post=2588"}],"curies":[{"name":"wp","href":"https:\/\/api.w.org\/{rel}","templated":true}]}}