{"id":2592,"date":"2018-10-08T10:39:58","date_gmt":"2018-10-08T07:39:58","guid":{"rendered":"https:\/\/www.aimtec.fi\/?page_id=2592"},"modified":"2020-12-10T14:42:19","modified_gmt":"2020-12-10T12:42:19","slug":"hf-550-puunkosteusmittari","status":"publish","type":"page","link":"https:\/\/aimtec.fi\/en\/kosteusmittarit\/hf-550-puunkosteusmittari\/","title":{"rendered":"W\u00f6hler &#8211; HF 550 puunkosteusmittari"},"content":{"rendered":"<p><strong>W\u00f6hler HF 550 kosteusmittari\u00a0<\/strong>on tarkoitettu mm. halkojen, pellettien ja puuhakkeen kosteusmittauksiin. K\u00e4ytt\u00e4m\u00e4ll\u00e4 polttoaineena puuta, jonka kosteuspitoisuus on sopiva, voidaan merkitt\u00e4v\u00e4sti v\u00e4hent\u00e4\u00e4 polttamisessa aiheutuvia p\u00e4\u00e4st\u00f6j\u00e4. Kosteus ilmoitetaan joko puuhun sitoutuneen veden painon suhteena puun kuivapainoon (kosteus % u) tai veden painon suhteena kokonaispainoon eli m\u00e4rk\u00e4painoon (vesipitoisuus % w).<\/p>\n<p>FW 550 kosteusvaakaa (lis\u00e4varuste) k\u00e4ytet\u00e4\u00e4n pellettien, puuhakkeen ja my\u00f6s viljalajikkeiden kosteusmittaukseen.<\/p>\n<p>HF 550 kosteusmittarissa on selke\u00e4 ja helppok\u00e4ytt\u00f6inen valikko (englanninkielinen), jota k\u00e4ytet\u00e4\u00e4n vain muutamalla painikkeella.<\/p>\n<p><strong>HF 550 kosteusmittarin vakiotoimitukseen kuuluu:<\/strong><br \/>\n&#8211; HF 550 kosteusmittari puulle<br \/>\n&#8211; HF 550 l\u00e4mp\u00f6tila-anturi<br \/>\n&#8211; Piikkianturi (halkojen kosteusmittaus n. 6 mm syvyydest\u00e4)<br \/>\n&#8211; USB virtal\u00e4hde<br \/>\n&#8211; Kantolaukku<\/p>\n<p><strong>Lis\u00e4varusteet:<\/strong><br \/>\n&#8211; Juntta-anturi (halkojen kosteusmittaus n. 25 &#8211; 40 mm syvyydest\u00e4)<br \/>\n&#8211; FW 550 kosteusvaaka (pelletin, hakkeen ja viljojen kosteusmittaus)<br \/>\n&#8211; TD 100 l\u00e4mp\u00f6tulostin<\/p>","protected":false},"excerpt":{"rendered":"<p>W\u00f6hler HF 550 kosteusmittari\u00a0on tarkoitettu mm. halkojen, pellettien ja puuhakkeen kosteusmittauksiin. K\u00e4ytt\u00e4m\u00e4ll\u00e4 polttoaineena puuta, jonka kosteuspitoisuus on sopiva, voidaan merkitt\u00e4v\u00e4sti v\u00e4hent\u00e4\u00e4 polttamisessa aiheutuvia p\u00e4\u00e4st\u00f6j\u00e4. Kosteus ilmoitetaan joko puuhun sitoutuneen veden painon suhteena puun kuivapainoon (kosteus % u) tai veden painon suhteena kokonaispainoon eli m\u00e4rk\u00e4painoon (vesipitoisuus % w). FW 550 kosteusvaakaa (lis\u00e4varuste) k\u00e4ytet\u00e4\u00e4n pellettien, puuhakkeen ja&#8230;<\/p>","protected":false},"author":5,"featured_media":2594,"parent":1326,"menu_order":0,"comment_status":"closed","ping_status":"closed","template":"tuote.php","meta":{"_acf_changed":false,"_seopress_robots_primary_cat":"","_seopress_titles_title":"","_seopress_titles_desc":"","_seopress_robots_index":"","_et_pb_use_builder":"","_et_pb_old_content":"","_et_gb_content_width":"","inline_featured_image":false,"footnotes":"","_links_to":"","_links_to_target":""},"categories":[12],"tags":[],"class_list":["post-2592","page","type-page","status-publish","has-post-thumbnail","hentry","category-tuote"],"acf":[],"_links":{"self":[{"href":"https:\/\/aimtec.fi\/en\/wp-json\/wp\/v2\/pages\/2592","targetHints":{"allow":["GET"]}}],"collection":[{"href":"https:\/\/aimtec.fi\/en\/wp-json\/wp\/v2\/pages"}],"about":[{"href":"https:\/\/aimtec.fi\/en\/wp-json\/wp\/v2\/types\/page"}],"author":[{"embeddable":true,"href":"https:\/\/aimtec.fi\/en\/wp-json\/wp\/v2\/users\/5"}],"replies":[{"embeddable":true,"href":"https:\/\/aimtec.fi\/en\/wp-json\/wp\/v2\/comments?post=2592"}],"version-history":[{"count":3,"href":"https:\/\/aimtec.fi\/en\/wp-json\/wp\/v2\/pages\/2592\/revisions"}],"predecessor-version":[{"id":8138,"href":"https:\/\/aimtec.fi\/en\/wp-json\/wp\/v2\/pages\/2592\/revisions\/8138"}],"up":[{"embeddable":true,"href":"https:\/\/aimtec.fi\/en\/wp-json\/wp\/v2\/pages\/1326"}],"wp:featuredmedia":[{"embeddable":true,"href":"https:\/\/aimtec.fi\/en\/wp-json\/wp\/v2\/media\/2594"}],"wp:attachment":[{"href":"https:\/\/aimtec.fi\/en\/wp-json\/wp\/v2\/media?parent=2592"}],"wp:term":[{"taxonomy":"category","embeddable":true,"href":"https:\/\/aimtec.fi\/en\/wp-json\/wp\/v2\/categories?post=2592"},{"taxonomy":"post_tag","embeddable":true,"href":"https:\/\/aimtec.fi\/en\/wp-json\/wp\/v2\/tags?post=2592"}],"curies":[{"name":"wp","href":"https:\/\/api.w.org\/{rel}","templated":true}]}}