{"id":2596,"date":"2018-10-08T10:44:00","date_gmt":"2018-10-08T07:44:00","guid":{"rendered":"https:\/\/www.aimtec.fi\/?page_id=2596"},"modified":"2020-12-10T14:39:48","modified_gmt":"2020-12-10T12:39:48","slug":"hf-300-puunkosteusmittari","status":"publish","type":"page","link":"https:\/\/aimtec.fi\/en\/kosteusmittarit\/hf-300-puunkosteusmittari\/","title":{"rendered":"W\u00f6hler &#8211; HF 300 puunkosteusmittari"},"content":{"rendered":"<p>W\u00f6hler HF 300 puunkosteusmittari on helppok\u00e4ytt\u00f6inen mittari puun kosteuden m\u00e4\u00e4ritt\u00e4miseen. Puulajista riippuen mittarin mittauspiikit voidaan ty\u00f6nt\u00e4\u00e4 noin 5 mm syvyyteen puuhalkoon.<\/p>","protected":false},"excerpt":{"rendered":"<p>W\u00f6hler HF 300 puunkosteusmittari on helppok\u00e4ytt\u00f6inen mittari puun kosteuden m\u00e4\u00e4ritt\u00e4miseen. Puulajista riippuen mittarin mittauspiikit voidaan ty\u00f6nt\u00e4\u00e4 noin 5 mm syvyyteen puuhalkoon.<\/p>","protected":false},"author":5,"featured_media":2598,"parent":1326,"menu_order":0,"comment_status":"closed","ping_status":"closed","template":"tuote.php","meta":{"_acf_changed":false,"_seopress_robots_primary_cat":"","_seopress_titles_title":"","_seopress_titles_desc":"","_seopress_robots_index":"","_et_pb_use_builder":"","_et_pb_old_content":"","_et_gb_content_width":"","inline_featured_image":false,"footnotes":"","_links_to":"","_links_to_target":""},"categories":[12],"tags":[],"class_list":["post-2596","page","type-page","status-publish","has-post-thumbnail","hentry","category-tuote"],"acf":[],"_links":{"self":[{"href":"https:\/\/aimtec.fi\/en\/wp-json\/wp\/v2\/pages\/2596","targetHints":{"allow":["GET"]}}],"collection":[{"href":"https:\/\/aimtec.fi\/en\/wp-json\/wp\/v2\/pages"}],"about":[{"href":"https:\/\/aimtec.fi\/en\/wp-json\/wp\/v2\/types\/page"}],"author":[{"embeddable":true,"href":"https:\/\/aimtec.fi\/en\/wp-json\/wp\/v2\/users\/5"}],"replies":[{"embeddable":true,"href":"https:\/\/aimtec.fi\/en\/wp-json\/wp\/v2\/comments?post=2596"}],"version-history":[{"count":3,"href":"https:\/\/aimtec.fi\/en\/wp-json\/wp\/v2\/pages\/2596\/revisions"}],"predecessor-version":[{"id":8136,"href":"https:\/\/aimtec.fi\/en\/wp-json\/wp\/v2\/pages\/2596\/revisions\/8136"}],"up":[{"embeddable":true,"href":"https:\/\/aimtec.fi\/en\/wp-json\/wp\/v2\/pages\/1326"}],"wp:featuredmedia":[{"embeddable":true,"href":"https:\/\/aimtec.fi\/en\/wp-json\/wp\/v2\/media\/2598"}],"wp:attachment":[{"href":"https:\/\/aimtec.fi\/en\/wp-json\/wp\/v2\/media?parent=2596"}],"wp:term":[{"taxonomy":"category","embeddable":true,"href":"https:\/\/aimtec.fi\/en\/wp-json\/wp\/v2\/categories?post=2596"},{"taxonomy":"post_tag","embeddable":true,"href":"https:\/\/aimtec.fi\/en\/wp-json\/wp\/v2\/tags?post=2596"}],"curies":[{"name":"wp","href":"https:\/\/api.w.org\/{rel}","templated":true}]}}