{"id":2600,"date":"2018-10-08T10:47:33","date_gmt":"2018-10-08T07:47:33","guid":{"rendered":"https:\/\/www.aimtec.fi\/?page_id=2600"},"modified":"2020-12-10T14:36:36","modified_gmt":"2020-12-10T12:36:36","slug":"mc-380xca-rakennekosteusmittari","status":"publish","type":"page","link":"https:\/\/aimtec.fi\/en\/kosteusmittarit\/mc-380xca-rakennekosteusmittari\/","title":{"rendered":"Exotek &#8211; MC-380XCA rakennekosteusmittari"},"content":{"rendered":"<p>MC-380XCA on nopea ja luotettava, mikroprosessoriohjattu rakennekosteusmittari puun ja rakennusmateriaalien kosteusmittaukseen. Mittaria voidaan k\u00e4ytt\u00e4\u00e4 mm. tuotevalmistuksessa, tarkastuksissa ja kosteusvaurioiden paikantamisessa. Mittarissa on valittavana kaksi mittaussyvyytt\u00e4: 10 mm ja 100 mm.<\/p>\n<p>Ominaisuudet mm.:<\/p>\n<ul>\n<li>kosteuspitoisuus ilmaistaan prosentteina tai suhteellisena kosteutena RH%<\/li>\n<li>mittaus pintaa rikkomatta<\/li>\n<li>laaja valikoima esiasetettuja materiaaliryhmi\u00e4<\/li>\n<li>puuryhm\u00e4n tiheyden valinta<\/li>\n<li>s\u00e4\u00e4dett\u00e4v\u00e4 h\u00e4lytysraja<\/li>\n<\/ul>","protected":false},"excerpt":{"rendered":"<p>MC-380XCA on nopea ja luotettava, mikroprosessoriohjattu rakennekosteusmittari puun ja rakennusmateriaalien kosteusmittaukseen. Mittaria voidaan k\u00e4ytt\u00e4\u00e4 mm. tuotevalmistuksessa, tarkastuksissa ja kosteusvaurioiden paikantamisessa. Mittarissa on valittavana kaksi mittaussyvyytt\u00e4: 10 mm ja 100 mm. Ominaisuudet mm.: kosteuspitoisuus ilmaistaan prosentteina tai suhteellisena kosteutena RH% mittaus pintaa rikkomatta laaja valikoima esiasetettuja materiaaliryhmi\u00e4 puuryhm\u00e4n tiheyden valinta s\u00e4\u00e4dett\u00e4v\u00e4 h\u00e4lytysraja<\/p>","protected":false},"author":5,"featured_media":2601,"parent":1326,"menu_order":0,"comment_status":"closed","ping_status":"closed","template":"tuote.php","meta":{"_acf_changed":false,"_seopress_robots_primary_cat":"","_seopress_titles_title":"","_seopress_titles_desc":"","_seopress_robots_index":"","_et_pb_use_builder":"","_et_pb_old_content":"","_et_gb_content_width":"","inline_featured_image":false,"footnotes":"","_links_to":"","_links_to_target":""},"categories":[12],"tags":[],"class_list":["post-2600","page","type-page","status-publish","has-post-thumbnail","hentry","category-tuote"],"acf":[],"_links":{"self":[{"href":"https:\/\/aimtec.fi\/en\/wp-json\/wp\/v2\/pages\/2600","targetHints":{"allow":["GET"]}}],"collection":[{"href":"https:\/\/aimtec.fi\/en\/wp-json\/wp\/v2\/pages"}],"about":[{"href":"https:\/\/aimtec.fi\/en\/wp-json\/wp\/v2\/types\/page"}],"author":[{"embeddable":true,"href":"https:\/\/aimtec.fi\/en\/wp-json\/wp\/v2\/users\/5"}],"replies":[{"embeddable":true,"href":"https:\/\/aimtec.fi\/en\/wp-json\/wp\/v2\/comments?post=2600"}],"version-history":[{"count":3,"href":"https:\/\/aimtec.fi\/en\/wp-json\/wp\/v2\/pages\/2600\/revisions"}],"predecessor-version":[{"id":8132,"href":"https:\/\/aimtec.fi\/en\/wp-json\/wp\/v2\/pages\/2600\/revisions\/8132"}],"up":[{"embeddable":true,"href":"https:\/\/aimtec.fi\/en\/wp-json\/wp\/v2\/pages\/1326"}],"wp:featuredmedia":[{"embeddable":true,"href":"https:\/\/aimtec.fi\/en\/wp-json\/wp\/v2\/media\/2601"}],"wp:attachment":[{"href":"https:\/\/aimtec.fi\/en\/wp-json\/wp\/v2\/media?parent=2600"}],"wp:term":[{"taxonomy":"category","embeddable":true,"href":"https:\/\/aimtec.fi\/en\/wp-json\/wp\/v2\/categories?post=2600"},{"taxonomy":"post_tag","embeddable":true,"href":"https:\/\/aimtec.fi\/en\/wp-json\/wp\/v2\/tags?post=2600"}],"curies":[{"name":"wp","href":"https:\/\/api.w.org\/{rel}","templated":true}]}}