{"id":2604,"date":"2018-10-08T10:58:32","date_gmt":"2018-10-08T07:58:32","guid":{"rendered":"https:\/\/www.aimtec.fi\/?page_id=2604"},"modified":"2020-12-10T14:38:19","modified_gmt":"2020-12-10T12:38:19","slug":"hbf-420-kosteusmittari-puu-ja-rakennusmateriaalit","status":"publish","type":"page","link":"https:\/\/aimtec.fi\/en\/kosteusmittarit\/hbf-420-kosteusmittari-puu-ja-rakennusmateriaalit\/","title":{"rendered":"W\u00f6hler &#8211; HBF 420 kosteusmittari, puu ja rakennusmateriaalit"},"content":{"rendered":"<p><strong>W\u00f6hler HBF 420 kosteusmittari<\/strong>\u00a0soveltuu tarkkaan puun kosteusmittaukseen ja suuntaa-antaviin rakennusmateriaalien kosteusmittauksiin. Puun kosteusmittauksessa k\u00e4ytet\u00e4\u00e4n mittauspiikkej\u00e4\/elektrodeja (vastusmittaus) ja rakennusmateriaalien kosteusmittauksiin dielektrist\u00e4 anturia.<\/p>\n<p><strong>K\u00e4ytt\u00f6kohteet:<\/strong><br \/>\n-Polttoaine: Puun palamisherkkyyden arviointi<br \/>\n-Rakennetutkimus: Rakennuksen vaurio- ja vuotokohtien havainnointi<br \/>\n-Rakentaminen: Tarkistusmittaukset esimerkiksi ennen p\u00e4\u00e4llysteen tai lattian laittamista<\/p>\n<p><strong>Toimitussis\u00e4lt\u00f6:<\/strong>\u00a0HBF 420 mittari, 2 kpl vaihtomittauspiikkej\u00e4, 4 kpl 1,5 V AAA paristoa ja nahkakotelo.<\/p>\n<p><strong>Lis\u00e4varuste<\/strong>: W\u00f6hler juntta-anturi puun kosteusmittaukseen (tarkempi mittaus)<\/p>","protected":false},"excerpt":{"rendered":"<p>W\u00f6hler HBF 420 kosteusmittari\u00a0soveltuu tarkkaan puun kosteusmittaukseen ja suuntaa-antaviin rakennusmateriaalien kosteusmittauksiin. Puun kosteusmittauksessa k\u00e4ytet\u00e4\u00e4n mittauspiikkej\u00e4\/elektrodeja (vastusmittaus) ja rakennusmateriaalien kosteusmittauksiin dielektrist\u00e4 anturia. K\u00e4ytt\u00f6kohteet: -Polttoaine: Puun palamisherkkyyden arviointi -Rakennetutkimus: Rakennuksen vaurio- ja vuotokohtien havainnointi -Rakentaminen: Tarkistusmittaukset esimerkiksi ennen p\u00e4\u00e4llysteen tai lattian laittamista Toimitussis\u00e4lt\u00f6:\u00a0HBF 420 mittari, 2 kpl vaihtomittauspiikkej\u00e4, 4 kpl 1,5 V AAA paristoa ja nahkakotelo. Lis\u00e4varuste:&#8230;<\/p>","protected":false},"author":5,"featured_media":2605,"parent":1326,"menu_order":0,"comment_status":"closed","ping_status":"closed","template":"tuote.php","meta":{"_acf_changed":false,"_seopress_robots_primary_cat":"","_seopress_titles_title":"","_seopress_titles_desc":"","_seopress_robots_index":"","_et_pb_use_builder":"","_et_pb_old_content":"","_et_gb_content_width":"","inline_featured_image":false,"footnotes":"","_links_to":"","_links_to_target":""},"categories":[12],"tags":[],"class_list":["post-2604","page","type-page","status-publish","has-post-thumbnail","hentry","category-tuote"],"acf":[],"_links":{"self":[{"href":"https:\/\/aimtec.fi\/en\/wp-json\/wp\/v2\/pages\/2604","targetHints":{"allow":["GET"]}}],"collection":[{"href":"https:\/\/aimtec.fi\/en\/wp-json\/wp\/v2\/pages"}],"about":[{"href":"https:\/\/aimtec.fi\/en\/wp-json\/wp\/v2\/types\/page"}],"author":[{"embeddable":true,"href":"https:\/\/aimtec.fi\/en\/wp-json\/wp\/v2\/users\/5"}],"replies":[{"embeddable":true,"href":"https:\/\/aimtec.fi\/en\/wp-json\/wp\/v2\/comments?post=2604"}],"version-history":[{"count":3,"href":"https:\/\/aimtec.fi\/en\/wp-json\/wp\/v2\/pages\/2604\/revisions"}],"predecessor-version":[{"id":8134,"href":"https:\/\/aimtec.fi\/en\/wp-json\/wp\/v2\/pages\/2604\/revisions\/8134"}],"up":[{"embeddable":true,"href":"https:\/\/aimtec.fi\/en\/wp-json\/wp\/v2\/pages\/1326"}],"wp:featuredmedia":[{"embeddable":true,"href":"https:\/\/aimtec.fi\/en\/wp-json\/wp\/v2\/media\/2605"}],"wp:attachment":[{"href":"https:\/\/aimtec.fi\/en\/wp-json\/wp\/v2\/media?parent=2604"}],"wp:term":[{"taxonomy":"category","embeddable":true,"href":"https:\/\/aimtec.fi\/en\/wp-json\/wp\/v2\/categories?post=2604"},{"taxonomy":"post_tag","embeddable":true,"href":"https:\/\/aimtec.fi\/en\/wp-json\/wp\/v2\/tags?post=2604"}],"curies":[{"name":"wp","href":"https:\/\/api.w.org\/{rel}","templated":true}]}}