{"id":2608,"date":"2018-10-08T11:07:39","date_gmt":"2018-10-08T08:07:39","guid":{"rendered":"https:\/\/www.aimtec.fi\/?page_id=2608"},"modified":"2020-12-15T09:58:27","modified_gmt":"2020-12-15T07:58:27","slug":"kimo-hd-110-kosteusmittari","status":"publish","type":"page","link":"https:\/\/aimtec.fi\/en\/sisailmanlaadun-mittarit\/kimo-hd-110-kosteusmittari\/","title":{"rendered":"Kimo &#8211; HD 110 kosteusmittari"},"content":{"rendered":"<p>HD 110 mittarin mukana toimitetaan kosteusanturi (\u00d8 13 mm, pituus 110 mm).<\/p>\n<p><strong>Toiminnot:<\/strong><\/p>\n<ul>\n<li>Suhteellisen kosteuden mittaus (5 &#8230; 95 %HR)<\/li>\n<li>Ymp\u00e4rist\u00f6n l\u00e4mp\u00f6tilan mittaus (-20 &#8230; +70\u00b0C)<\/li>\n<li>Kastepisteen mittaus (-40&#8230; +70 \u00b0Ctd)<\/li>\n<\/ul>","protected":false},"excerpt":{"rendered":"<p>HD 110 mittarin mukana toimitetaan kosteusanturi (\u00d8 13 mm, pituus 110 mm). Toiminnot: Suhteellisen kosteuden mittaus (5 &#8230; 95 %HR) Ymp\u00e4rist\u00f6n l\u00e4mp\u00f6tilan mittaus (-20 &#8230; +70\u00b0C) Kastepisteen mittaus (-40&#8230; +70 \u00b0Ctd)<\/p>","protected":false},"author":5,"featured_media":2609,"parent":3088,"menu_order":0,"comment_status":"closed","ping_status":"closed","template":"tuote.php","meta":{"_acf_changed":false,"_seopress_robots_primary_cat":"","_seopress_titles_title":"","_seopress_titles_desc":"","_seopress_robots_index":"","_et_pb_use_builder":"","_et_pb_old_content":"","_et_gb_content_width":"","inline_featured_image":false,"footnotes":"","_links_to":"","_links_to_target":""},"categories":[12],"tags":[],"class_list":["post-2608","page","type-page","status-publish","has-post-thumbnail","hentry","category-tuote"],"acf":[],"_links":{"self":[{"href":"https:\/\/aimtec.fi\/en\/wp-json\/wp\/v2\/pages\/2608","targetHints":{"allow":["GET"]}}],"collection":[{"href":"https:\/\/aimtec.fi\/en\/wp-json\/wp\/v2\/pages"}],"about":[{"href":"https:\/\/aimtec.fi\/en\/wp-json\/wp\/v2\/types\/page"}],"author":[{"embeddable":true,"href":"https:\/\/aimtec.fi\/en\/wp-json\/wp\/v2\/users\/5"}],"replies":[{"embeddable":true,"href":"https:\/\/aimtec.fi\/en\/wp-json\/wp\/v2\/comments?post=2608"}],"version-history":[{"count":2,"href":"https:\/\/aimtec.fi\/en\/wp-json\/wp\/v2\/pages\/2608\/revisions"}],"predecessor-version":[{"id":8298,"href":"https:\/\/aimtec.fi\/en\/wp-json\/wp\/v2\/pages\/2608\/revisions\/8298"}],"up":[{"embeddable":true,"href":"https:\/\/aimtec.fi\/en\/wp-json\/wp\/v2\/pages\/3088"}],"wp:featuredmedia":[{"embeddable":true,"href":"https:\/\/aimtec.fi\/en\/wp-json\/wp\/v2\/media\/2609"}],"wp:attachment":[{"href":"https:\/\/aimtec.fi\/en\/wp-json\/wp\/v2\/media?parent=2608"}],"wp:term":[{"taxonomy":"category","embeddable":true,"href":"https:\/\/aimtec.fi\/en\/wp-json\/wp\/v2\/categories?post=2608"},{"taxonomy":"post_tag","embeddable":true,"href":"https:\/\/aimtec.fi\/en\/wp-json\/wp\/v2\/tags?post=2608"}],"curies":[{"name":"wp","href":"https:\/\/api.w.org\/{rel}","templated":true}]}}