{"id":2612,"date":"2018-10-08T11:12:36","date_gmt":"2018-10-08T08:12:36","guid":{"rendered":"https:\/\/www.aimtec.fi\/?page_id=2612"},"modified":"2018-10-09T01:53:17","modified_gmt":"2018-10-08T22:53:17","slug":"flir-mr160-rakennekosteusmittari","status":"publish","type":"page","link":"https:\/\/aimtec.fi\/en\/kosteusmittarit\/flir-mr160-rakennekosteusmittari\/","title":{"rendered":"Flir &#8211; MR160 rakennekosteusmittari"},"content":{"rendered":"<p><strong>FLIR \u2013 MR160 rakennekosteusmittari l\u00e4mp\u00f6kuvalla<\/strong><\/p>\n<p>Flir MR160 rakennekosteusmittarissa on sis\u00e4\u00e4nrakennettu l\u00e4mp\u00f6kamera. L\u00e4mp\u00f6kuva n\u00e4ytt\u00e4\u00e4 tarkkaan ongelmakohdat, joista kosteusmittaukset kannattaa tehd\u00e4. Flir MR160 mittarilla mittaat kosteuden rakennusmateriaaleista joko sis\u00e4\u00e4nrakennetulla pinnitt\u00f6m\u00e4ll\u00e4 anturilla tai ulkoisella kontaktianturilla.<\/p>\n<p>Flir MR 160 rakennekosteusmittarin takuu on 2 vuotta ja l\u00e4mp\u00f6ilmaisimen 10 vuotta.<\/p>","protected":false},"excerpt":{"rendered":"<p>FLIR \u2013 MR160 rakennekosteusmittari l\u00e4mp\u00f6kuvalla Flir MR160 rakennekosteusmittarissa on sis\u00e4\u00e4nrakennettu l\u00e4mp\u00f6kamera. L\u00e4mp\u00f6kuva n\u00e4ytt\u00e4\u00e4 tarkkaan ongelmakohdat, joista kosteusmittaukset kannattaa tehd\u00e4. Flir MR160 mittarilla mittaat kosteuden rakennusmateriaaleista joko sis\u00e4\u00e4nrakennetulla pinnitt\u00f6m\u00e4ll\u00e4 anturilla tai ulkoisella kontaktianturilla. Flir MR 160 rakennekosteusmittarin takuu on 2 vuotta ja l\u00e4mp\u00f6ilmaisimen 10 vuotta.<\/p>","protected":false},"author":5,"featured_media":2613,"parent":1326,"menu_order":0,"comment_status":"closed","ping_status":"closed","template":"tuote.php","meta":{"_acf_changed":false,"_seopress_robots_primary_cat":"","_seopress_titles_title":"","_seopress_titles_desc":"","_seopress_robots_index":"","_et_pb_use_builder":"","_et_pb_old_content":"","_et_gb_content_width":"","inline_featured_image":false,"footnotes":"","_links_to":"","_links_to_target":""},"categories":[12],"tags":[],"class_list":["post-2612","page","type-page","status-publish","has-post-thumbnail","hentry","category-tuote"],"acf":[],"_links":{"self":[{"href":"https:\/\/aimtec.fi\/en\/wp-json\/wp\/v2\/pages\/2612","targetHints":{"allow":["GET"]}}],"collection":[{"href":"https:\/\/aimtec.fi\/en\/wp-json\/wp\/v2\/pages"}],"about":[{"href":"https:\/\/aimtec.fi\/en\/wp-json\/wp\/v2\/types\/page"}],"author":[{"embeddable":true,"href":"https:\/\/aimtec.fi\/en\/wp-json\/wp\/v2\/users\/5"}],"replies":[{"embeddable":true,"href":"https:\/\/aimtec.fi\/en\/wp-json\/wp\/v2\/comments?post=2612"}],"version-history":[{"count":1,"href":"https:\/\/aimtec.fi\/en\/wp-json\/wp\/v2\/pages\/2612\/revisions"}],"predecessor-version":[{"id":2615,"href":"https:\/\/aimtec.fi\/en\/wp-json\/wp\/v2\/pages\/2612\/revisions\/2615"}],"up":[{"embeddable":true,"href":"https:\/\/aimtec.fi\/en\/wp-json\/wp\/v2\/pages\/1326"}],"wp:featuredmedia":[{"embeddable":true,"href":"https:\/\/aimtec.fi\/en\/wp-json\/wp\/v2\/media\/2613"}],"wp:attachment":[{"href":"https:\/\/aimtec.fi\/en\/wp-json\/wp\/v2\/media?parent=2612"}],"wp:term":[{"taxonomy":"category","embeddable":true,"href":"https:\/\/aimtec.fi\/en\/wp-json\/wp\/v2\/categories?post=2612"},{"taxonomy":"post_tag","embeddable":true,"href":"https:\/\/aimtec.fi\/en\/wp-json\/wp\/v2\/tags?post=2612"}],"curies":[{"name":"wp","href":"https:\/\/api.w.org\/{rel}","templated":true}]}}